{"id":64,"date":"2020-03-10T14:00:08","date_gmt":"2020-03-10T13:00:08","guid":{"rendered":"https:\/\/amide.eu\/?page_id=64"},"modified":"2022-05-10T06:48:57","modified_gmt":"2022-05-10T04:48:57","slug":"partners","status":"publish","type":"page","link":"https:\/\/amide.eu\/lv\/partners\/","title":{"rendered":"Sadarbiba"},"content":{"rendered":"<h3>Partner\u012bba<\/h3>\r\n8 AMiDE projekta partneri no D\u0101nijas, V\u0101cijas, It\u0101lijas un Latvijas \u2013 ir r\u016bp\u012bgi izv\u0113l\u0113ti. Vi\u0146i p\u0101rst\u0101v \u010detrus da\u017e\u0101da veida izgl\u012bt\u012bbas partnerus no katras no iepriek\u0161min\u0113taj\u0101m valst\u012bm un 4 apr\u016bpes iest\u0101des no t\u0101m pa\u0161\u0101m 4 valst\u012bm.\r\n\r\n<img loading=\"lazy\" decoding=\"async\" class=\"alignnone size-full wp-image-144 multiple-borders\" src=\"https:\/\/amide.eu\/wp-content\/uploads\/2020\/09\/AMiDE-Faellesfoto-scaled.jpg\" alt=\"\" width=\"900\" height=\"600\" srcset=\"https:\/\/amide.eu\/wp-content\/uploads\/2020\/09\/AMiDE-Faellesfoto-scaled.jpg 2560w, https:\/\/amide.eu\/wp-content\/uploads\/2020\/09\/AMiDE-Faellesfoto-300x200.jpg 300w, https:\/\/amide.eu\/wp-content\/uploads\/2020\/09\/AMiDE-Faellesfoto-1024x683.jpg 1024w, https:\/\/amide.eu\/wp-content\/uploads\/2020\/09\/AMiDE-Faellesfoto-768x512.jpg 768w, https:\/\/amide.eu\/wp-content\/uploads\/2020\/09\/AMiDE-Faellesfoto-1536x1024.jpg 1536w, https:\/\/amide.eu\/wp-content\/uploads\/2020\/09\/AMiDE-Faellesfoto-2048x1365.jpg 2048w\" sizes=\"auto, (max-width: 900px) 100vw, 900px\" \/>\r\n\r\nBalstoties uz iepriek\u0161\u0113j\u0101m \u013coti veiksm\u012bgaj\u0101m partner\u012bb\u0101m, kur\u0101s izgl\u012bt\u012bbas p\u0101rst\u0101vji str\u0101d\u0101ja kop\u0101 ar darbaviet\u0101m, esam nol\u0113mu\u0161i veidot \u0161\u012bs \u201cdubult\u0101s partner\u012bbas\u201d no katras p\u0101rst\u0101v\u0113t\u0101s valsts, lai vis\u0101 projekta period\u0101 b\u016btu nacion\u0101la sadarb\u012bba, kas rit\u0113tu paral\u0113li starptautiskajai sadarb\u012bbai. . Nacion\u0101l\u0101 sadarb\u012bba bag\u0101tin\u0101s starptautisko sadarb\u012bbu un otr\u0101di, un \u0161\u012b konstrukcija rada labus apst\u0101k\u013cus veiksm\u012bgam projekta rezult\u0101tam. V\u0113l viens krit\u0113rijs bija partner\u012bba ar da\u017e\u0101d\u0101m prasm\u0113m un kompetenc\u0113m. Projekta s\u0101kuma san\u0101ksme notika Orh\u016bs\u0101, D\u0101nij\u0101, 2019. gada 26. un 27. novembr\u012b, kur\u0101 piedal\u012bj\u0101s visu 8 partneru p\u0101rst\u0101vji.\r\n<table style=\"border-collapse: collapse; width: 100%; height: 696px;\">\r\n<tbody>\r\n<tr style=\"height: 150px;\">\r\n<td style=\"width: 50%; height: 150px;\"><img loading=\"lazy\" decoding=\"async\" class=\"alignnone size-full wp-image-120\" src=\"https:\/\/amide.eu\/wp-content\/uploads\/2020\/09\/SOSU-Oestjylland-300x150-1.jpg\" alt=\"\" width=\"300\" height=\"150\" \/><\/td>\r\n<td style=\"width: 50%; height: 150px;\"><img loading=\"lazy\" decoding=\"async\" class=\"alignnone size-full wp-image-114\" src=\"https:\/\/amide.eu\/wp-content\/uploads\/2020\/09\/DCAa-Logo-300x150-1.jpg\" alt=\"\" width=\"300\" height=\"150\" \/><\/td>\r\n<\/tr>\r\n<tr style=\"height: 276px;\">\r\n<td style=\"width: 50%; height: 276px;\"><strong>SOSU \u00d8stjylland, D\u0101nija: <\/strong> SOSU Ostjylland ir otr\u0101 liel\u0101k\u0101 soci\u0101l\u0101s un vesel\u012bbas apr\u016bpes koled\u017ea D\u0101nij\u0101. Tas nodro\u0161ina da\u017e\u0101das izgl\u012bt\u012bbas programmas \u2013 k\u0101 ar\u012b izgl\u012btotu darbinieku papildapm\u0101c\u012bbu \u2013 soci\u0101l\u0101s un vesel\u012bbas apr\u016bpes iest\u0101d\u0113m vec\u0101ka gadag\u0101juma cilv\u0113kiem un inval\u012bdiem, slimn\u012bc\u0101m un psihiatrijai. Koled\u017ea izgl\u012bto ar\u012b b\u0113rnu apr\u016bpes iest\u0101\u017eu darbiniekus, un taj\u0101 str\u0101d\u0101 150 pilnas slodzes darbinieku, kas aptver aptuveni 110 izgl\u012bt\u012bbas darbiniekus. 2016. gad\u0101 koled\u017e\u0101 m\u0101c\u012bj\u0101s vair\u0101k nek\u0101 800 pilna laika studentu, un aptuveni 2000 profesion\u0101lu apr\u016bp\u0113t\u0101ju piedal\u012bj\u0101s \u012bs\u0101kos vai gar\u0101kos papildu apm\u0101c\u012bbas kursos. Studenti ir vecum\u0101 no 15 l\u012bdz 60 gadiem, un vi\u0146iem ir vair\u0101k nek\u0101 50 da\u017e\u0101du \u0113tikas un kult\u016bras izcelsmi. Koled\u017ea pied\u0101v\u0101 \u012bpa\u0161as izgl\u012btojo\u0161as ievadprogrammas imigrantiem un b\u0113g\u013ciem.<\/td>\r\n<td style=\"width: 50%; height: 276px;\"><strong>DemensCentrum Aarhus, D\u0101nija: <\/strong> Demences centrs Aarhus\u00a0\u2014 DCA\u00a0\u2014 p\u0101rst\u0101v Orh\u016bsas MSO (Magistraten for Sundhed og Omsorg (vesel\u012bba un apr\u016bpe), kas ir atbild\u012bgs par veco \u013cau\u017eu apr\u016bpi un vesel\u012bbu Orh\u016bsas pa\u0161vald\u012bb\u0101. \u0160eit str\u0101d\u0101 aptuveni 7000 cilv\u0113ku, lai sniegtu pal\u012bdz\u012bbu un apr\u016bpi vec\u0101kiem un v\u0101jiem cilv\u0113kiem jebkuras izcelsmes cilv\u0113kiem un nodro\u0161in\u0101t, lai pa\u0161vald\u012bbas iedz\u012bvot\u0101ji dz\u012bvotu vesel\u012bgi.Darbasp\u0113ks ietver pla\u0161u da\u017e\u0101da vecuma cilv\u0113ku ar da\u017e\u0101du etnisko un kult\u016bras izcelsmi Orh\u016bsas demences centrs (DCA) ir \u013coti specializ\u0113ta vien\u012bba pils\u0113tas pa\u0161vald\u012bb\u0101 Orh\u016bsa, un tas aptver visus aspektus cilv\u0113kiem, kuri nodarbojas ar demenci. DCA pied\u0101v\u0101 profesion\u0101lu pal\u012bdz\u012bbu visiem viet\u0113jiem Orh\u016bsas pa\u0161vald\u012bbas pansion\u0101tiem. DCA ir iedz\u012bvot\u0101ji, kuriem ir demence un kuriem ir cita etnisk\u0101 pieder\u012bba.<\/td>\r\n<\/tr>\r\n<tr style=\"height: 150px;\">\r\n<td style=\"width: 50%; height: 150px;\"><img loading=\"lazy\" decoding=\"async\" class=\"alignnone wp-image-152 size-medium\" src=\"https:\/\/amide.eu\/wp-content\/uploads\/2020\/09\/GIOVANI-VALDARNO-logo-sm-300x147.jpg\" alt=\"\" width=\"300\" height=\"147\" srcset=\"https:\/\/amide.eu\/wp-content\/uploads\/2020\/09\/GIOVANI-VALDARNO-logo-sm-300x147.jpg 300w, https:\/\/amide.eu\/wp-content\/uploads\/2020\/09\/GIOVANI-VALDARNO-logo-sm-768x375.jpg 768w, https:\/\/amide.eu\/wp-content\/uploads\/2020\/09\/GIOVANI-VALDARNO-logo-sm.jpg 900w\" sizes=\"auto, (max-width: 300px) 100vw, 300px\" \/><\/td>\r\n<td style=\"width: 50%; height: 150px;\"><img loading=\"lazy\" decoding=\"async\" class=\"alignnone size-full wp-image-119\" src=\"https:\/\/amide.eu\/wp-content\/uploads\/2020\/09\/martelli.png\" alt=\"\" width=\"228\" height=\"98\" \/><\/td>\r\n<\/tr>\r\n<tr style=\"height: 24px;\">\r\n<td style=\"width: 50%; height: 24px;\"><strong>D\u017eovani Valdarno, It\u0101lija: <\/strong> Giovani Valdarno ir soci\u0101ls kooperat\u012bvs, kas darbojas izgl\u012bt\u012bbas, b\u0113rnu apr\u016bpes un veco \u013cau\u017eu apr\u016bpes jom\u0101. T\u0101 p\u0101rvalda profesion\u0101l\u0101s izgl\u012bt\u012bbas programmas, kas galvenok\u0101rt adres\u0113tas soci\u0101l\u0101s jomas darbiniekiem, un vair\u0101kus form\u0101l\u0101s un neform\u0101l\u0101s izgl\u012bt\u012bbas projektus b\u0113rniem un cilv\u0113kiem ar speci\u0101l\u0101m izgl\u012bt\u012bbas vajadz\u012bb\u0101m. Turkl\u0101t uz\u0146\u0113mums p\u0101rvalda divus apr\u016bpes namus, divus dienas apr\u016bpes centrus un veco \u013cau\u017eu apr\u016bpes pakalpojumus. D\u017eovani Valdarno str\u0101d\u0101 kop\u0101 ar vair\u0101k\u0101m valsts iest\u0101d\u0113m. Pa\u0161laik vi\u0146i piedal\u0101s tr\u012bs viet\u0113j\u0101s valsts\/priv\u0101t\u0101s vad\u012bbas komand\u0101s (Inval\u012bdu neatkar\u012bga dz\u012bve, Alcheimera dienas apr\u016bpes pakalpojumi un darba apm\u0101c\u012bba nelabv\u0113l\u012bg\u0101 situ\u0101cij\u0101 eso\u0161iem cilv\u0113kiem). Uz\u0146\u0113mumam ir 215 darba dev\u0113ji, no kuriem 90% ir sievietes.<\/td>\r\n<td style=\"width: 50%; height: 24px; vertical-align: top;\"><strong>Asp Martelli, It\u0101lija<\/strong>: Asp Martelli ir pansion\u0101ts, kas dibin\u0101ts 1900.\u00a0gada s\u0101kum\u0101. Tas ir valsts uz\u0146\u0113mums, kas atrodas Florences provinc\u0113 un r\u016bp\u0113jas par veciem cilv\u0113kiem. Str\u0101d\u0101 91 darbinieks, kuri ikdien\u0101 str\u0101d\u0101 cie\u0161\u0101 saskarsm\u0113 ar veciem cilv\u0113kiem. Kopum\u0101 \u0161eit dz\u012bvo 110 cilv\u0113ki. Jaun\u0101kajam iedz\u012bvot\u0101jam ir 60 gadi, bet vec\u0101kajam \u2013 102 gadi.<\/td>\r\n<\/tr>\r\n<tr style=\"height: 24px;\">\r\n<td style=\"width: 50%; height: 24px;\"><img loading=\"lazy\" decoding=\"async\" class=\"alignnone wp-image-116\" src=\"https:\/\/amide.eu\/wp-content\/uploads\/2020\/09\/logo_awo-300x257.png\" alt=\"\" width=\"240\" height=\"225\" \/><\/td>\r\n<td style=\"width: 50%; height: 24px; vertical-align: middle;\"><img loading=\"lazy\" decoding=\"async\" class=\"alignnone size-medium wp-image-122\" src=\"https:\/\/amide.eu\/wp-content\/uploads\/2020\/09\/Klostergarten-300x61.png\" alt=\"\" width=\"300\" height=\"61\" srcset=\"https:\/\/amide.eu\/wp-content\/uploads\/2020\/09\/Klostergarten-300x61.png 300w, https:\/\/amide.eu\/wp-content\/uploads\/2020\/09\/Klostergarten.png 411w\" sizes=\"auto, (max-width: 300px) 100vw, 300px\" \/><\/td>\r\n<\/tr>\r\n<tr style=\"height: 24px;\">\r\n<td style=\"width: 50%; height: 24px;\"><strong>AWO Bildungscampus, V\u0101cija:<\/strong> AWO Campus of Education ir m\u016bsdien\u012bgs valsts apstiprin\u0101ts veco \u013cau\u017eu apr\u016bpes m\u0101su profesion\u0101l\u0101s apm\u0101c\u012bbas centrs, k\u0101 ar\u012b piln\u012bb\u0101 akredit\u0113ta izgl\u012bt\u012bbas, apm\u0101c\u012bbas un t\u0101l\u0101kizgl\u012bt\u012bbas instit\u016bcija soci\u0101laj\u0101 un vesel\u012bbas apr\u016bpes nozar\u0113. Iest\u0101des person\u0101lsast\u0101v\u0101 ir 22 darbinieki. Iest\u0101de cie\u0161i sadarbojas gan ar viet\u0113j\u0101m un re\u0123ion\u0101laj\u0101m pa\u0161vald\u012bb\u0101m, gan intere\u0161u organiz\u0101cij\u0101m. Tas pied\u0101v\u0101 \u013coti \u012bsu un efekt\u012bvu ce\u013cu uz darba tirgu da\u017e\u0101diem jaunie\u0161iem, pieaugu\u0161ajiem un imigrantiem.<\/td>\r\n<td style=\"width: 50%; height: 24px;\"><strong>Haus am Klostergarten, V\u0101cija:<\/strong> Haus am Klostergarten tika dibin\u0101ta 1968. gad\u0101 k\u0101 rajona iest\u0101de. 1991. gad\u0101 tika veiktas pla\u0161as \u0113kas p\u0101rb\u016bves, un no pansion\u0101ta un pansion\u0101ta tas k\u013cuva par apr\u016bpes iest\u0101di ar 162 gult\u0101m. \u0112ka ir sadal\u012bta 8 zon\u0101s, kur\u0101s vien\u0101 teritorij\u0101 dz\u012bvo 22 iedz\u012bvot\u0101ji. Haus am Klostergarten ir pieredze, sniedzot apr\u016bpi cilv\u0113kiem ar demenci, k\u0101 ar\u012b iedz\u012bvot\u0101jiem ar migr\u0101cijas izcelsmi. \u0160eit str\u0101d\u0101 ar\u012b darbinieki ar migr\u0101cijas izcelsmi.<\/td>\r\n<\/tr>\r\n<tr style=\"height: 24px;\">\r\n<td style=\"width: 50%; height: 24px;\"><img loading=\"lazy\" decoding=\"async\" class=\"alignnone size-medium wp-image-118\" src=\"https:\/\/amide.eu\/wp-content\/uploads\/2020\/09\/LU-PSMK-logo-2-300x77.png\" alt=\"\" width=\"300\" height=\"77\" srcset=\"https:\/\/amide.eu\/wp-content\/uploads\/2020\/09\/LU-PSMK-logo-2-300x77.png 300w, https:\/\/amide.eu\/wp-content\/uploads\/2020\/09\/LU-PSMK-logo-2.png 312w\" sizes=\"auto, (max-width: 300px) 100vw, 300px\" \/><\/td>\r\n<td style=\"width: 50%; height: 24px;\"><img loading=\"lazy\" decoding=\"async\" class=\"alignnone size-medium wp-image-123\" src=\"https:\/\/amide.eu\/wp-content\/uploads\/2020\/09\/LU-PSMK-logo-2-1-300x77.png\" alt=\"\" width=\"300\" height=\"77\" srcset=\"https:\/\/amide.eu\/wp-content\/uploads\/2020\/09\/LU-PSMK-logo-2-1-300x77.png 300w, https:\/\/amide.eu\/wp-content\/uploads\/2020\/09\/LU-PSMK-logo-2-1.png 312w\" sizes=\"auto, (max-width: 300px) 100vw, 300px\" \/> <img loading=\"lazy\" decoding=\"async\" class=\"alignnone size-full wp-image-124\" src=\"https:\/\/amide.eu\/wp-content\/uploads\/2020\/09\/sac-logo-black.png\" alt=\"\" width=\"219\" height=\"27\" \/><\/td>\r\n<\/tr>\r\n<tr style=\"height: 24px;\">\r\n<td style=\"width: 50%; height: 24px; vertical-align: top;\"><strong> Stradi\u0146a medic\u012bnas koled\u017ea, Latvija<\/strong>: P. Stradi\u0146a medic\u012bnas koled\u017ea ir Latvijas Universit\u0101tes Medic\u012bnas koled\u017ea un ir augst\u0101k\u0101s izgl\u012bt\u012bbas iest\u0101de. Kop\u0161 1994.gada koled\u017e\u0101 tiek \u012bstenota programma \u201cSoci\u0101l\u0101 apr\u016bpe\u201d, kuras absolventi ir nodarbin\u0101ti un piepras\u012bti speci\u0101listi soci\u0101l\u0101s labkl\u0101j\u012bbas jom\u0101. Studiju programma \u201cSoci\u0101l\u0101 rehabilit\u0101cija\u201d tika uzs\u0101kta 2006. gad\u0101. Latvijas Universit\u0101tes P.Stradi\u0146a medic\u012bnas koled\u017ea str\u0101d\u0101 pie studiju procesa att\u012bst\u012bbas, \u013coti cie\u0161i sadarbojas ar darba dev\u0113jiem un profesion\u0101laj\u0101m organiz\u0101cij\u0101m.<\/td>\r\n<td style=\"width: 50%; height: 24px;\"><strong>Soci\u0101l\u0101s apr\u016bpes centrs Zemgale, Latvija: <\/strong> Ozolnieku novada pa\u0161vald\u012bbas soci\u0101l\u0101s apr\u016bpes centrs \u201eZemgale\u201d saviem klientiem nodro\u0161ina ilgsto\u0161u soci\u0101lo apr\u016bpi un soci\u0101lo rehabilit\u0101ciju. Tas ir specializ\u0113jies demenci slimu klientu apr\u016bp\u0113. Centr\u0101 str\u0101d\u0101 divi soci\u0101lie darbinieki, 4 soci\u0101lie apr\u016bp\u0113t\u0101ji un 3 soci\u0101lie rehabilit\u0113t\u0101ji. Visi soci\u0101lie darbinieki ir ieguvu\u0161i augst\u0101ko profesion\u0101lo izgl\u012bt\u012bbu. Ozolnieku novada pa\u0161vald\u012bbas soci\u0101l\u0101s apr\u016bpes centr\u0101 \u201eZemgale\u201d str\u0101d\u0101 132 darbinieki un soci\u0101l\u0101 apr\u016bpe tiek nodro\u0161in\u0101ta 292 klientiem.<\/td>\r\n<\/tr>\r\n<\/tbody>\r\n<\/table>\r\n\r\n\r\n&nbsp;<!-- \/wp:post-content -->","protected":false},"excerpt":{"rendered":"<p>Partner\u012bba 8 AMiDE projekta partneri no D\u0101nijas, V\u0101cijas, It\u0101lijas un Latvijas \u2013 ir r\u016bp\u012bgi izv\u0113l\u0113ti. Vi\u0146i p\u0101rst\u0101v \u010detrus da\u017e\u0101da veida izgl\u012bt\u012bbas partnerus no katras no iepriek\u0161min\u0113taj\u0101m valst\u012bm un 4 apr\u016bpes iest\u0101des no t\u0101m pa\u0161\u0101m 4 valst\u012bm. Pamatojoties uz iepriek\u0161\u0113j\u0101m \u013coti veiksm\u012bg\u0101m partner\u012bb\u0101m, kur izgl\u012bt\u012bbas p\u0101rst\u0101vji str\u0101d\u0101ja kop\u0101 ar [\u2026]<\/p>","protected":false},"author":1,"featured_media":0,"parent":0,"menu_order":0,"comment_status":"closed","ping_status":"closed","template":"","meta":{"footnotes":""},"class_list":["post-64","page","type-page","status-publish","hentry"],"_links":{"self":[{"href":"https:\/\/amide.eu\/lv\/wp-json\/wp\/v2\/pages\/64","targetHints":{"allow":["GET"]}}],"collection":[{"href":"https:\/\/amide.eu\/lv\/wp-json\/wp\/v2\/pages"}],"about":[{"href":"https:\/\/amide.eu\/lv\/wp-json\/wp\/v2\/types\/page"}],"author":[{"embeddable":true,"href":"https:\/\/amide.eu\/lv\/wp-json\/wp\/v2\/users\/1"}],"replies":[{"embeddable":true,"href":"https:\/\/amide.eu\/lv\/wp-json\/wp\/v2\/comments?post=64"}],"version-history":[{"count":27,"href":"https:\/\/amide.eu\/lv\/wp-json\/wp\/v2\/pages\/64\/revisions"}],"predecessor-version":[{"id":645,"href":"https:\/\/amide.eu\/lv\/wp-json\/wp\/v2\/pages\/64\/revisions\/645"}],"wp:attachment":[{"href":"https:\/\/amide.eu\/lv\/wp-json\/wp\/v2\/media?parent=64"}],"curies":[{"name":"wp","href":"https:\/\/api.w.org\/{rel}","templated":true}]}}