{"id":237,"date":"2020-03-10T14:00:39","date_gmt":"2020-03-10T13:00:39","guid":{"rendered":"https:\/\/amide.eu\/materials\/materials-module8-2\/"},"modified":"2022-05-30T11:25:21","modified_gmt":"2022-05-30T09:25:21","slug":"materials-reflection-tools","status":"publish","type":"page","link":"https:\/\/amide.eu\/lv\/materials\/materials-reflection-tools\/","title":{"rendered":"P\u0101rdomu r\u012bki"},"content":{"rendered":"<p><br \/>\n<\/p>\n<\/p>\n<h4>\u0160eit ir PDF ar sp\u0113les noteikumiem <span style=\"color: #3366ff;\"><a style=\"color: #3366ff;\" href=\"https:\/\/amide.eu\/wp-content\/uploads\/2022\/02\/Speles-noteikumi.pdf\" target=\"_blank\" rel=\"noopener\">Sp\u0113les noteikumi<\/a><\/span><\/h4>\n<h4>\u0160eit ir PDF par latvie\u0161u sp\u0113li <span style=\"color: #3366ff;\"><a style=\"color: #3366ff;\" href=\"https:\/\/amide.eu\/wp-content\/uploads\/2022\/02\/Jautajumi.pdf\" target=\"_blank\" rel=\"noopener\">Jautajumi<\/a><\/span><\/h4>\n<p><iframe loading=\"lazy\" title=\"latvija short.mp4\" src=\"https:\/\/player.vimeo.com\/video\/672389175?h=eb0e5cf4bc&amp;dnt=1&amp;app_id=122963\" width=\"640\" height=\"427\" frameborder=\"0\" allow=\"autoplay; fullscreen; picture-in-picture\" allowfullscreen><\/iframe><\/p>\n<p>","protected":false},"excerpt":{"rendered":"","protected":false},"author":1,"featured_media":0,"parent":66,"menu_order":0,"comment_status":"closed","ping_status":"closed","template":"","meta":{"footnotes":""},"class_list":["post-237","page","type-page","status-publish","hentry"],"_links":{"self":[{"href":"https:\/\/amide.eu\/lv\/wp-json\/wp\/v2\/pages\/237","targetHints":{"allow":["GET"]}}],"collection":[{"href":"https:\/\/amide.eu\/lv\/wp-json\/wp\/v2\/pages"}],"about":[{"href":"https:\/\/amide.eu\/lv\/wp-json\/wp\/v2\/types\/page"}],"author":[{"embeddable":true,"href":"https:\/\/amide.eu\/lv\/wp-json\/wp\/v2\/users\/1"}],"replies":[{"embeddable":true,"href":"https:\/\/amide.eu\/lv\/wp-json\/wp\/v2\/comments?post=237"}],"version-history":[{"count":67,"href":"https:\/\/amide.eu\/lv\/wp-json\/wp\/v2\/pages\/237\/revisions"}],"predecessor-version":[{"id":661,"href":"https:\/\/amide.eu\/lv\/wp-json\/wp\/v2\/pages\/237\/revisions\/661"}],"up":[{"embeddable":true,"href":"https:\/\/amide.eu\/lv\/wp-json\/wp\/v2\/pages\/66"}],"wp:attachment":[{"href":"https:\/\/amide.eu\/lv\/wp-json\/wp\/v2\/media?parent=237"}],"curies":[{"name":"wp","href":"https:\/\/api.w.org\/{rel}","templated":true}]}}