{"id":2,"date":"2020-01-06T15:07:17","date_gmt":"2020-01-06T14:07:17","guid":{"rendered":"http:\/\/amide.eu\/?page_id=2"},"modified":"2022-02-10T13:55:53","modified_gmt":"2022-02-10T12:55:53","slug":"eksempel-side","status":"publish","type":"page","link":"https:\/\/amide.eu\/lv\/","title":{"rendered":"M\u0100JAS"},"content":{"rendered":"<p><img loading=\"lazy\" decoding=\"async\" class=\"alignnone size-full wp-image-147\" src=\"https:\/\/amide.eu\/wp-content\/uploads\/2020\/09\/SR-Sandkaas-Plejecenter-credits.jpg\" alt=\"\" width=\"990\" height=\"614\" srcset=\"https:\/\/amide.eu\/wp-content\/uploads\/2020\/09\/SR-Sandkaas-Plejecenter-credits.jpg 990w, https:\/\/amide.eu\/wp-content\/uploads\/2020\/09\/SR-Sandkaas-Plejecenter-credits-300x186.jpg 300w, https:\/\/amide.eu\/wp-content\/uploads\/2020\/09\/SR-Sandkaas-Plejecenter-credits-768x476.jpg 768w\" sizes=\"auto, (max-width: 990px) 100vw, 990px\" \/><br \/>\n<br \/>\n<br \/>\n<\/p>\n<h3><span class=\"s4\">AMIDE apz\u012bm\u0113: <\/span><span class=\"s4\">Tuvo\u0161an\u0101s daudznacion\u0101l\u012bbai un demenci izgl\u012bt\u012bb\u0101 un darb\u0101<\/span><\/h3>\n<p class=\"s3\"><span class=\"s2\">Demence k\u013c\u016bst par vienu no galvenajiem vec\u0101ka gadag\u0101juma cilv\u0113ku atkar\u012bbas c\u0113lo\u0146iem vis\u0101 pasaul\u0113 un\u00a0<\/span><span class=\"s2\">past\u0101v\u012bgi pieaug to cilv\u0113ku skaits, kuri cie\u0161 no demences un kuriem nepiecie\u0161ama apr\u016bpe. <\/span><\/p>\n<p class=\"s3\"><span class=\"s2\">Daudz\u0101s c<\/span><span class=\"s2\">Eiropas valst\u012bs \u0161is izaicin\u0101jums ir apvienots ar izaicin\u0101jumu risin\u0101t daudzkult\u016bru un\u00a0<\/span><span class=\"s2\">multietniskums starp apr\u016bpes darbiniekiem, apr\u016bpes namu iem\u012btniekiem un veciem cilv\u0113kiem, kuri sa\u0146em apr\u016bpi m\u0101j\u0101s \u2013 un vi\u0146u radinieku vid\u016b.<\/span><\/p>\n<p class=\"s3\"><span class=\"s2\">R\u016bpes par cilv\u0113kiem ar demenci ir \u012bpa\u0161s uzdevums, lai r\u016bp\u0113tos par cilv\u0113kiem ar demenci, ja jums nav kop\u012bga vi\u0146u izcelsme un etnisk\u0101 pieder\u012bba ir v\u0113l gr\u016bt\u0101ka.<\/span><span class=\"s2\"> Apr\u016bp\u0113t\u0101ji<\/span><span class=\"s2\"> nav speci\u0101las izgl\u012bt\u012bbas cit\u0101s etnisk\u0101s izcelsmes pilso\u0146iem<\/span><span class=\"s2\"> atpaka\u013c<\/span><span class=\"s2\">zeme, kas cie\u0161 no demences<\/span><span class=\"s2\">. <\/span><span class=\"s2\">Neraugoties uz ac\u012bmredzamo nepiecie\u0161am\u012bbu, eso\u0161aj\u0101s pamatizgl\u012bt\u012bb\u0101s diem\u017e\u0113l ne r\u012bko\u0161an\u0101s\u00a0<\/span><span class=\"s2\">multikultur\u0101ls<\/span><span class=\"s2\"> attiec\u012bb\u0101m un demencei tiek pie\u0161\u0137irta augsta priorit\u0101te. <\/span><\/p>\n<h3 class=\"s7\"><span class=\"s6\">Projekta m\u0113r\u0137i<\/span><\/h3>\n<p><span class=\"s8\">\u2022 <\/span><span class=\"s2\">M\u016bsu projekta visp\u0101r\u0113jais m\u0113r\u0137is ir veicin\u0101t kompeten\u010du uzlabo\u0161anu starp<\/span> <span class=\"s2\">skolot\u0101jiem un pasniedz\u0113jiem, kuri izgl\u012bto un apm\u0101ca pamatapr\u016bpes person\u0101lu un pilnveido to<\/span> <span class=\"s2\">profesion\u0101lu apr\u016bp\u0113t\u0101ju kompetences attiec\u012bb\u0101 uz etnisko pieder\u012bbu\/multikultur\u0101lismu un<\/span> <span class=\"s2\">demenci.<\/span> <span class=\"s8\">\u2022 <\/span><span class=\"s2\">V\u0113l viens m\u0113r\u0137is ir kopum\u0101 stiprin\u0101t sadarb\u012bbu starp apr\u016bpes darbu un apr\u016bpi\u00a0<\/span><span class=\"s2\">izgl\u012bt\u012bba, veidot jaunas saites un izveidot jaunus past\u0101v\u012bgus forumus.<\/span><\/p>\n<h3 class=\"s7\"><span class=\"s6\">Materi\u0101lu izstr\u0101de projekt\u0101<\/span><\/h3>\n<p class=\"s3\"><span class=\"s2\">Projekta ietvaros tiks izstr\u0101d\u0101ti \u0161\u0101di pamata materi\u0101li <\/span><span class=\"s2\">no darbn\u012bc\u0101m<\/span><span class=\"s2\"> un individu\u0101li <\/span><span class=\"s2\">intervijas<\/span><span class=\"s2\">:<\/span><\/p>\n<p class=\"s3\"><span class=\"s2\">Katrai valstij b\u016bs t<\/span><span class=\"s2\">wo w<\/span><span class=\"s2\">orkshops ar p\u0101rst\u0101vjiem no darba vietas un izgl\u012bt\u012bbas par praks\u0113m, kas saist\u012btas ar multietnisk\u0101s un multikultur\u0101l\u0101s probl\u0113mas apr\u016bp\u0113 kopum\u0101 un \u012bpa\u0161u uzman\u012bbu piev\u0113r\u0161ot demences jomai. Darbn\u012bcas<\/span><span class=\"s2\"> un intervija<\/span><span class=\"s2\"> sniegs ieguld\u012bjumu sekojo\u0161o izstr\u0101d\u0113 <\/span><span class=\"s2\">materi\u0101liem<\/span><span class=\"s2\">.<\/span><span class=\"s2\"> (Ir maz vai visp\u0101r nav literat\u016bras par cilv\u0113kiem ar demenci un citu etnisko izcelsmi<\/span><span class=\"s2\">)<\/span><\/p>\n<p><span class=\"s2\"> 1. Apm\u0101c\u012bbu programmas\/apm\u0101c\u012bbu kursa\/apm\u0101c\u012bbu materi\u0101la izstr\u0101de, pamatojoties uz rezult\u0101tiem <\/span><span class=\"s2\">no darbn\u012bc\u0101m un <\/span><span class=\"s2\">intervijas<\/span><span class=\"s2\"> un att\u012bst\u012bba a <\/span><span class=\"s2\">Skolot\u0101ji \/ treneri<\/span><span class=\"s2\">&#039; vad\u012bt.<\/span> <span class=\"s2\">P\u0101rdomu instrumenta izstr\u0101de apr\u016bp\u0113t\u0101jiem.<\/span><\/p>\n<p>3. <span class=\"s2\">Videoklipa veido\u0161ana, kas vairo izpratni, izpratni un interesi par multietnisk\u0101s pieder\u012bbas izaicin\u0101jumu apr\u016bpes sektor\u0101 un konkr\u0113ti par izaicin\u0101jumiem, kas saist\u012bti ar cilv\u0113kiem, kuri cie\u0161 no demences un ar da\u017e\u0101du etnisko izcelsmi.<\/span> 4. <span class=\"s2\">Past\u0101v\u012bgu forumu\/kan\u0101lu\/proced\u016bru izveide nodro\u0161in\u0101s, ka pieredzes apmai\u0146a un nep\u0101rtraukta sazi\u0146a starp izgl\u012bt\u012bbu un darba dz\u012bvi nebeigsies l\u012bdz ar projekta beig\u0101m, bet turpin\u0101sies k\u0101 past\u0101v\u012bgas aktivit\u0101tes.<\/span><\/p>\n<h3 class=\"s7\"><span class=\"s6\">Galven\u0101s AMiDE m\u0113r\u0137a grupas ir:<\/span><\/h3>\n<p class=\"s3\"><span class=\"s2\">a) skolot\u0101ji, pasniedz\u0113ji un pedagogi, kas m\u0101ca apr\u016bpes izgl\u012bt\u012bbas ietvaros<\/span><\/p>\n<p class=\"s3\"><span class=\"s2\">b) Apr\u016bpes izgl\u012bt\u012bbas audz\u0113k\u0146i<\/span><\/p>\n<p class=\"s3\"><span class=\"s2\">c) <\/span><span class=\"s2\">C<\/span><span class=\"s2\">ir dev\u0113ji<\/span><\/p>\n<p class=\"s3\"><span class=\"s2\">d) <\/span><span class=\"s2\">C<\/span><span class=\"s2\">ir organiz\u0101ciju vad\u012bt\u0101ji, kur darbinieki un\/vai pacienti\/iedz\u012bvot\u0101ji\/vec\u0101ki cilv\u0113ki ir da\u017e\u0101di<\/span><span class=\"s2\">etnisk\u0101 izcelsme.<\/span> <span class=\"s2\">Tom\u0113r no \u0161\u012b projekta rezult\u0101tiem un produktiem ieg\u016bs ar\u012b citas grupas: radinieki<\/span> <span class=\"s2\">vec\u0101ka gadag\u0101juma cilv\u0113ki ar at\u0161\u0137ir\u012bgu etnisko izcelsmi, \u012bpa\u0161i, bet ne tikai, ja vi\u0146i cie\u0161 no<\/span> <span class=\"s2\">demenci, br\u012bvpr\u0101t\u012bgajiem, kas str\u0101d\u0101 ar veciem cilv\u0113kiem, un, protams, pa\u0161iem gados vec\u0101kiem cilv\u0113kiem.<\/span><\/p>\n<p><br \/>\n<br \/>\n<\/p>","protected":false},"excerpt":{"rendered":"","protected":false},"author":1,"featured_media":8,"parent":0,"menu_order":0,"comment_status":"closed","ping_status":"open","template":"","meta":{"footnotes":""},"class_list":["post-2","page","type-page","status-publish","has-post-thumbnail","hentry"],"_links":{"self":[{"href":"https:\/\/amide.eu\/lv\/wp-json\/wp\/v2\/pages\/2","targetHints":{"allow":["GET"]}}],"collection":[{"href":"https:\/\/amide.eu\/lv\/wp-json\/wp\/v2\/pages"}],"about":[{"href":"https:\/\/amide.eu\/lv\/wp-json\/wp\/v2\/types\/page"}],"author":[{"embeddable":true,"href":"https:\/\/amide.eu\/lv\/wp-json\/wp\/v2\/users\/1"}],"replies":[{"embeddable":true,"href":"https:\/\/amide.eu\/lv\/wp-json\/wp\/v2\/comments?post=2"}],"version-history":[{"count":39,"href":"https:\/\/amide.eu\/lv\/wp-json\/wp\/v2\/pages\/2\/revisions"}],"predecessor-version":[{"id":499,"href":"https:\/\/amide.eu\/lv\/wp-json\/wp\/v2\/pages\/2\/revisions\/499"}],"wp:featuredmedia":[{"embeddable":true,"href":"https:\/\/amide.eu\/lv\/wp-json\/wp\/v2\/media\/8"}],"wp:attachment":[{"href":"https:\/\/amide.eu\/lv\/wp-json\/wp\/v2\/media?parent=2"}],"curies":[{"name":"wp","href":"https:\/\/api.w.org\/{rel}","templated":true}]}}