{"id":179,"date":"2020-03-10T14:00:39","date_gmt":"2020-03-10T13:00:39","guid":{"rendered":"https:\/\/amide.eu\/activitties-2\/"},"modified":"2020-03-10T14:00:39","modified_gmt":"2020-03-10T13:00:39","slug":"activitties-2","status":"publish","type":"page","link":"https:\/\/amide.eu\/lv\/activitties-2\/","title":{"rendered":"Aktivit\u0101tes"},"content":{"rendered":"<div class=\"translation-block\">\n<h4>1)&nbsp;&nbsp;&nbsp;&nbsp;&nbsp; Semin\u0101ri D\u0101nij\u0101, Latvij\u0101, It\u0101lij\u0101 un V\u0101cij\u0101<\/h4>\n<p><strong>Gatavo&scaron;an\u0101s semin\u0101riem<\/strong><\/p>\n<div>&nbsp;<\/div>\n<p>&nbsp;<\/p>\n<p>Pirmais projekta uzdevums bija sagatavot divu dienu semin\u0101ru katr\u0101 dal\u012bbvalst\u012b, kur\u0101 piedal\u012bj\u0101s p\u0101rst\u0101vji no izgl\u012bt\u012bbas iest\u0101des (pasniedz\u0113ji) un apr\u016bpes instit\u016bcijs (soci\u0101l\u0101 darba speci\u0101listi). Divu dienu semin\u0101ram partneri sagatavoja &ndash; pane\u013ca diskusiju un intervijas.<\/p>\n<p>&nbsp;<\/p>\n<p>&middot;&nbsp;&nbsp;&nbsp;&nbsp;&nbsp;&nbsp; P\u0113t\u012bjums konkr\u0113taj\u0101 viet\u0101 attiec\u0101s uz veciem cilv\u0113kiem ar at&scaron;\u0137ir\u012bgu etnisko izcelsmi, ar demenci.<\/p>\n<p>&middot;&nbsp;&nbsp;&nbsp;&nbsp;&nbsp;&nbsp; Katrs partneris veica 6 &ndash; 10 intervijas ar apr\u016bpes sniedz\u0113jiem, soci\u0101l\u0101 darba speci\u0101listiem, medic\u012bnas darbiniekiem un veciem cilv\u0113kiem, vi\u0146u radiniekiem, lai apkopotu piem\u0113rus par izaicin\u0101jumiem, str\u0101d\u0101jot ar veciem cilv\u0113kiem ar demenci un at&scaron;\u0137ir\u012bgu etniski izcelsmi, lai ieg\u016btu vi\u0146u viedokli par r\u012bc\u012bbu un risin\u0101jumiem sav\u0101 darb\u012bb\u0101.<\/p>\n<p>Visi partneri sasniedza savus rezult\u0101tus, lai gan bija j\u0101\u0146em v\u0113r\u0101 da\u017e\u0101di Covid 19 izraist\u012bt\u0101 v\u012brusa ierobe\u017eojumi. &nbsp;Vis\u0101s iesaist\u012btaj\u0101s valst\u012bs ir veiktas intervijas ar visu veidu attiec\u012bgajiem profesion\u0101\u013ciem, piem\u0113ram, kult\u016bras starpniekiem, vad\u012bt\u0101jiem, medm\u0101s\u0101m, apr\u016bpes person\u0101lu un lingvistu. Papildus tika interv\u0113ti radinieki.&nbsp; Interviju atgriezenisk\u0101 saite sniedza partneriem ieskatu par izaicin\u0101jumiem imigrantu jom\u0101, kuri cie&scaron; no demences, un gr\u016bt\u012bb\u0101m sadarb\u012bb\u0101 ar vi\u0146u \u0123imen\u0113m.<\/p>\n<p>&nbsp;<\/p>\n<p>Personas intervij\u0101m tika atlas\u012btas ar nol\u016bku g\u016bt pla&scaron;u ieskatu projekta t\u0113m\u0101. Intervijas kop\u0101 ar p\u0113t\u012bjumu veidoja pamatu semin\u0101ra dien\u0101m.<\/p>\n<h4>Semin\u0101ri<\/h4>\n<p>Semin\u0101ru, kas notika vis\u0101s iesaist\u012btaj\u0101s valst\u012bs, m\u0113r\u0137is bija identific\u0113t labo praksi un identific\u0113t akl\u0101s zonas un nepietiekam\u0101s saites sadarb\u012bb\u0101 starp darba dz\u012bvi (apr\u016bpes namiem) un izgl\u012bt\u012bbu (izgl\u012bt\u012bbas iest\u0101d\u0113m, kas izgl\u012bto un apm\u0101ca soci\u0101l\u0101 darba speci\u0101listus). T\u0101 rezult\u0101t\u0101 tika identific\u0113ti elementi un proced\u016bras, kuras j\u0101pilnveido. Tas attiecas gan uz apr\u016bpes iest\u0101d\u0113m, gan uz izgl\u012bt\u012bbas iest\u0101d\u0113m, gan uz sadarb\u012bbu starp t\u0101m.<\/p>\n<p>Da\u017ei no iesaist\u012btajiem partneriem veiksm\u012bgi \u012bstenoja semin\u0101rus pirms Covid 19 uzliesmojuma Eirop\u0101. Tas izdev\u0101s D\u0101nijai un Latvijai. Tom\u0113r It\u0101lij\u0101 un V\u0101cij\u0101 da\u013ca semin\u0101ra pas\u0101kumu tika \u012bstenoti k\u0101 tie&scaron;saistes pas\u0101kumi.<\/p>\n<p>Semin\u0101ru rezult\u0101ti da\u017e\u0101d\u0101s valst\u012bs at&scaron;\u0137iras, jo apst\u0101k\u013ci ir \u013coti at&scaron;\u0137ir\u012bgi: It\u0101lij\u0101, V\u0101cij\u0101 un D\u0101nij\u0101 ir daudz imigrantu no valst\u012bm, kas nav rietumvalstis, savuk\u0101rt Latvij\u0101 liela maz\u0101kumtaut\u012bbu grupa ir krievu taut\u012bba, kuri nerun\u0101 latvie&scaron;u valod\u0101. &nbsp;Latvij\u0101 liels izaicin\u0101jums ir visp\u0101r\u012bgs zin\u0101&scaron;anu tr\u016bkums par demenci ne tikai sabiedr\u012bb\u0101, bet ar\u012b starp profesion\u0101\u013ciem.<\/p>\n<h4>Semin\u0101ru rezult\u0101ti &ndash; da\u017ei piem\u0113ri<\/h4>\n<p>Visi partneri ir vienispr\u0101tis, lai nodro&scaron;in\u0101tu personaliz\u0113tu apr\u016bpi, ir j\u0101zina personas dz\u012bves v\u0113sture, un valodas zin\u0101&scaron;anu tr\u016bkums starp person\u0101m, kas cie&scaron; no demences, ir izaicin\u0101jums. Nesp\u0113ja sazin\u0101ties ar personu, kurai ir demence, var b\u016bt iesp\u0113jama vai nu t\u0101p\u0113c, ka persona nav apguvusi valodu jaunaj\u0101 valst\u012b, vai ar\u012b t\u0101p\u0113c, ka sp\u0113ja run\u0101t ir zaud\u0113ta, k\u0101 demences sekas.<\/p>\n<p>Arvien vair\u0101k partneru uzskata, ka aizspriedumi ir izaicin\u0101jums. &Scaron;\u0137iet, ka tas ir sastopams vis\u0101s grup\u0101s: starp centra iedz\u012bvot\u0101jiem, starp darbiniekiem un radiniekiem, k\u0101 ar\u012b starp pa&scaron;iem darbiniekiem.<\/p>\n<p>V\u0113l partneri konstat\u0113ja, ka radinieki p\u0101r\u0101k maz zina par demenci vai ar\u012b uztver slim\u012bbu at&scaron;\u0137ir\u012bgi. Turkl\u0101t radiniekiem tr\u016bkst izpratnes par to, k\u0101 darbojas vesel\u012bbas apr\u016bpes sist\u0113mas un k\u0101du pal\u012bdz\u012bbu un atbalstu vi\u0146i var sagaid\u012bt. Visbeidzot, ir svar\u012bgi, ka daudzu radinieku kult\u016br\u0101 ir pie\u0146emts r\u016bp\u0113ties par veciem cilv\u0113kiem m\u0101j\u0101s, \u0123imen\u0113, nevis k\u0101d\u0101 iest\u0101d\u0113. Tiek uzskat\u012bts par apkaunojo&scaron;u nodot savus d\u0101rgos valsts apg\u0101d\u012bb\u0101<\/p>\n<p>Radiniekiem ir nepiecie&scaron;ama inform\u0101cija sav\u0101 valod\u0101, un liel\u0101kaj\u0101 da\u013c\u0101 valstu &scaron;\u0101das inform\u0101cijas nav pieejama.<\/p>\n<p>Attiec\u012bb\u0101 uz person\u0101lu visiev\u0113rojam\u0101kais izaicin\u0101jums ir tas, ka da\u017ei iebrauco&scaron;ie apr\u016bpes darbinieki ir nekvalific\u0113ti un ka da\u017ei no vi\u0146iem pietiekami nep\u0101rvalda valsts valodu. Savuk\u0101rt, t\u0101 ir priek&scaron;roc\u012bba, kad ir izgl\u012btoti darbinieki, kas p\u0101rzina kult\u016bru un personas ar demenci dzimto valodu.<\/p>\n<p>&nbsp;<\/p>\n<p>1)&nbsp;&nbsp;&nbsp;&nbsp;&nbsp; Apm\u0101c\u012bbas materi\u0101lu sagatavo&scaron;ana pamatojoties uz semin\u0101ra rezult\u0101tiem D\u0101nij\u0101, Latvij\u0101, It\u0101lij\u0101 un V\u0101cij\u0101.<\/p>\n<p>&nbsp;<\/p>\n<p>Vis\u0101s partnervalst\u012bs notiku&scaron;o semin\u0101ru rezult\u0101ti b\u016bs&nbsp; pamat\u0101 otrai projekta aktivit\u0101tei, proti, izstr\u0101d\u0101t m\u0101c\u012bbu materi\u0101lus, lai pilnveidotu soci\u0101l\u0101 darba speci\u0101listus apm\u0101c\u012bbu un kompetenci.<\/p>\n<p>&nbsp;<\/p>\n<p>Partneri str\u0101d\u0101, lai vienotos par jaut\u0101jumiem, kas attiecas uz m\u0101c\u012b&scaron;anu. V\u0101cijas partneris AWO ir sagatavojis matricu ar pirmaj\u0101m t\u0113m\u0101m, un p\u0101r\u0113jie partneri ir pievienoju&scaron;i savus ieteikumus. L\u012bdz &scaron;im m\u0101c\u012bbu materi\u0101los ir ierosin\u0101tas &scaron;\u0101das t\u0113mas:<\/p>\n<p>&nbsp;<\/p>\n<p>&bull; P\u0101rdomas par m\u0101c\u012bbu vajadz\u012bb\u0101m<\/p>\n<p>&bull; Demences veidi un ietekme uz uzved\u012bbu<\/p>\n<p>&bull; Izaicin\u0101jumi, kurus rada uzved\u012bba<\/p>\n<p>&bull; Biogr\u0101fisks darbs un darbs ar radiniekiem<\/p>\n<p>&bull; Pamatzin\u0101&scaron;anas: p\u0101rliec\u012bba un kult\u016bra.<\/p>\n<p>&bull; Semin\u0101rs materi\u0101la izstr\u0101dei par cit\u0101m kult\u016br\u0101m<\/p>\n<p>&bull; Iest\u0101des organiz\u0113&scaron;anas uzdevumi<\/p>\n<p>&bull; Komunik\u0101cija<\/p>\n<p>&bull; Dzimt\u0101 valoda<\/p>\n<p>&bull; Valoda un komunik\u0101cijas prasmes<\/p>\n<p>&bull; Sadarb\u012bba ar radiniekiem<\/p>\n<p>&bull; Starpkult\u016bru kompeten\u010du att\u012bst\u012b&scaron;ana<\/p>\n<p>&bull; Kol\u0113\u0123u sadarb\u012bba<\/p>\n<p>&bull; Nefarmakolo\u0123iska iejauk&scaron;an\u0101s<\/p>\n<p>&nbsp;<br \/>Divi D\u0101nijas partneri un V\u0101cijas partneris AWO satik\u0101s 2020. gada 24. spetembr\u012b, lai izveidotu ieteikumus apm\u0101c\u012bbas materi\u0101liem. Projekta ietvaros visi b\u016btu satiku&scaron;ies kl\u0101tien\u0113, bet m\u0113s \u0146\u0113m\u0101m v\u0113r\u0101 Covid 19 v\u012brusa izrais\u012btos ierobe\u017eojumus.<\/p>\n<\/div>","protected":false},"excerpt":{"rendered":"<p>1) Darbn\u012bcas D\u0101nij\u0101. Latvija, It\u0101lija un V\u0101cija Semin\u0101ru sagatavo\u0161ana Pirmais projekta uzdevums bija sagatavoties div\u0101m darbn\u012bcu dien\u0101m katr\u0101 iesaist\u012btaj\u0101 valst\u012b ar izgl\u012bt\u012bbas (skolot\u0101ju \/ pasniedz\u0113ju) un apr\u016bpes organiz\u0101ciju (apr\u016bp\u0113t\u0101ju) p\u0101rst\u0101vjiem. Partneri gatavoj\u0101s semin\u0101riem divos veidos: Dokumentu izp\u0113te un intervijas \u2022 P\u0113t\u012bjumi par pa\u0161reiz\u0113jiem [\u2026]<\/p>","protected":false},"author":1,"featured_media":0,"parent":0,"menu_order":0,"comment_status":"closed","ping_status":"closed","template":"","meta":{"footnotes":""},"class_list":["post-179","page","type-page","status-publish","hentry"],"_links":{"self":[{"href":"https:\/\/amide.eu\/lv\/wp-json\/wp\/v2\/pages\/179","targetHints":{"allow":["GET"]}}],"collection":[{"href":"https:\/\/amide.eu\/lv\/wp-json\/wp\/v2\/pages"}],"about":[{"href":"https:\/\/amide.eu\/lv\/wp-json\/wp\/v2\/types\/page"}],"author":[{"embeddable":true,"href":"https:\/\/amide.eu\/lv\/wp-json\/wp\/v2\/users\/1"}],"replies":[{"embeddable":true,"href":"https:\/\/amide.eu\/lv\/wp-json\/wp\/v2\/comments?post=179"}],"version-history":[{"count":0,"href":"https:\/\/amide.eu\/lv\/wp-json\/wp\/v2\/pages\/179\/revisions"}],"wp:attachment":[{"href":"https:\/\/amide.eu\/lv\/wp-json\/wp\/v2\/media?parent=179"}],"curies":[{"name":"wp","href":"https:\/\/api.w.org\/{rel}","templated":true}]}}