{"id":64,"date":"2020-03-10T14:00:08","date_gmt":"2020-03-10T13:00:08","guid":{"rendered":"https:\/\/amide.eu\/?page_id=64"},"modified":"2022-05-10T06:48:57","modified_gmt":"2022-05-10T04:48:57","slug":"partners","status":"publish","type":"page","link":"https:\/\/amide.eu\/it\/partners\/","title":{"rendered":"Partner"},"content":{"rendered":"<h3>La partnership<\/h3>\r\nGli 8 partner del progetto AMiDE da Danimarca, Germania, Italia e Lettonia \u2013 sono stati scelti con cura. Rappresentano quattro partner educativi di diverso tipo da ciascuno dei paesi sopra menzionati e 4 istituti di cura degli stessi 4 paesi.\r\n\r\n<img loading=\"lazy\" decoding=\"async\" class=\"alignnone size-full wp-image-144 multiple-borders\" src=\"https:\/\/amide.eu\/wp-content\/uploads\/2020\/09\/AMiDE-Faellesfoto-scaled.jpg\" alt=\"\" width=\"900\" height=\"600\" srcset=\"https:\/\/amide.eu\/wp-content\/uploads\/2020\/09\/AMiDE-Faellesfoto-scaled.jpg 2560w, https:\/\/amide.eu\/wp-content\/uploads\/2020\/09\/AMiDE-Faellesfoto-300x200.jpg 300w, https:\/\/amide.eu\/wp-content\/uploads\/2020\/09\/AMiDE-Faellesfoto-1024x683.jpg 1024w, https:\/\/amide.eu\/wp-content\/uploads\/2020\/09\/AMiDE-Faellesfoto-768x512.jpg 768w, https:\/\/amide.eu\/wp-content\/uploads\/2020\/09\/AMiDE-Faellesfoto-1536x1024.jpg 1536w, https:\/\/amide.eu\/wp-content\/uploads\/2020\/09\/AMiDE-Faellesfoto-2048x1365.jpg 2048w\" sizes=\"auto, (max-width: 900px) 100vw, 900px\" \/>\r\n\r\nSulla base di precedenti partnership di grande successo, in cui i rappresentanti dell&#039;istruzione stavano lavorando insieme ai luoghi di lavoro, abbiamo deciso di avere queste &quot;doppi partenariati&quot; da ogni paese rappresentato al fine di avere, durante tutto il periodo del progetto, una cooperazione nazionale parallela alla cooperazione internazionale . La cooperazione nazionale arricchir\u00e0 la cooperazione internazionale e viceversa e questa costruzione crea buone condizioni per il successo del progetto. Un altro criterio era quello di avere una partnership con una diversit\u00e0 di abilit\u00e0 e competenze. L&#039;incontro di avvio del progetto si \u00e8 svolto ad Aarhus, in Danimarca, il 26 e il 27 novembre 2019 con la partecipazione di rappresentanti di tutti gli 8 partner.\r\n<table style=\"border-collapse: collapse; width: 100%; height: 696px;\">\r\n<tbody>\r\n<tr style=\"height: 150px;\">\r\n<td style=\"width: 50%; height: 150px;\"><img loading=\"lazy\" decoding=\"async\" class=\"alignnone size-full wp-image-120\" src=\"https:\/\/amide.eu\/wp-content\/uploads\/2020\/09\/SOSU-Oestjylland-300x150-1.jpg\" alt=\"\" width=\"300\" height=\"150\" \/><\/td>\r\n<td style=\"width: 50%; height: 150px;\"><img loading=\"lazy\" decoding=\"async\" class=\"alignnone size-full wp-image-114\" src=\"https:\/\/amide.eu\/wp-content\/uploads\/2020\/09\/DCAa-Logo-300x150-1.jpg\" alt=\"\" width=\"300\" height=\"150\" \/><\/td>\r\n<\/tr>\r\n<tr style=\"height: 276px;\">\r\n<td style=\"width: 50%; height: 276px;\"><strong>SOSU \u00d8stjylland, Danimarca: <\/strong> SOSU Ostjylland \u00e8 il secondo college socio-sanitario pi\u00f9 grande della Danimarca. Fornisce diversi programmi educativi \u2013 nonch\u00e9 formazione integrativa del personale istruito \u2013 per istituzioni socio-sanitarie per anziani e disabili e per ospedali e psichiatria. Il college forma anche il personale degli istituti di assistenza all&#039;infanzia e ha 150 dipendenti a tempo pieno che coprono circa 110 membri del personale educativo. Nel 2016 il college contava pi\u00f9 di 800 studenti a tempo pieno e circa 2.000 caregiver professionisti hanno partecipato a corsi di formazione integrativa pi\u00f9 o meno lunghi. Gli studenti hanno un&#039;et\u00e0 compresa tra i 15 ei 60 anni e hanno pi\u00f9 di 50 diversi background etici e culturali. Il college offre programmi educativi speciali introduttivi per immigrati e rifugiati.<\/td>\r\n<td style=\"width: 50%; height: 276px;\"><strong>DemensCentrum Aarhus Danimarca: <\/strong> Dementia Center Aarhus \u2013 DCA \u2013 rappresenta Aarhus MSO (Magistraten for Sundhed og Omsorg (Health and Care), responsabile dell&#039;assistenza agli anziani e della salute nel comune di Aarhus. Circa 7.000 persone lavorano qui per fornire aiuto e assistenza agli anziani e ai deboli persone di qualsiasi discendenza e per garantire che i cittadini del comune vivano una vita sana.La forza lavoro comprende un&#039;ampia variet\u00e0 di persone di et\u00e0 diverse con background etnici e culturali diversi.Dementia Center Aarhus (DCA) \u00e8 un&#039;unit\u00e0 altamente specializzata nel comune di Aarhus e copre tutti gli aspetti per le persone affette da demenza. DCA offre un aiuto professionale a tutte le case di cura locali nel comune di Aarhus. DCA ha residenti che hanno la demenza e che hanno un&#039;altra etnia.<\/td>\r\n<\/tr>\r\n<tr style=\"height: 150px;\">\r\n<td style=\"width: 50%; height: 150px;\"><img loading=\"lazy\" decoding=\"async\" class=\"alignnone wp-image-152 size-medium\" src=\"https:\/\/amide.eu\/wp-content\/uploads\/2020\/09\/GIOVANI-VALDARNO-logo-sm-300x147.jpg\" alt=\"\" width=\"300\" height=\"147\" srcset=\"https:\/\/amide.eu\/wp-content\/uploads\/2020\/09\/GIOVANI-VALDARNO-logo-sm-300x147.jpg 300w, https:\/\/amide.eu\/wp-content\/uploads\/2020\/09\/GIOVANI-VALDARNO-logo-sm-768x375.jpg 768w, https:\/\/amide.eu\/wp-content\/uploads\/2020\/09\/GIOVANI-VALDARNO-logo-sm.jpg 900w\" sizes=\"auto, (max-width: 300px) 100vw, 300px\" \/><\/td>\r\n<td style=\"width: 50%; height: 150px;\"><img loading=\"lazy\" decoding=\"async\" class=\"alignnone size-full wp-image-119\" src=\"https:\/\/amide.eu\/wp-content\/uploads\/2020\/09\/martelli.png\" alt=\"\" width=\"228\" height=\"98\" \/><\/td>\r\n<\/tr>\r\n<tr style=\"height: 24px;\">\r\n<td style=\"width: 50%; height: 24px;\"><strong>Giovani Valdarno, Italia: <\/strong> Giovani Valdarno \u00e8 una cooperativa sociale che opera nei settori dell&#039;istruzione, dell&#039;infanzia e della cura degli anziani. Gestisce programmi di istruzione professionale, per lo pi\u00f9 rivolti agli operatori del settore sociale, e diversi progetti di educazione formale e informale per bambini e persone con bisogni educativi speciali. Inoltre, l&#039;azienda gestisce due case di cura, due asili nido e servizi di assistenza domiciliare per anziani. Giovani Valdarno collabora con diverse istituzioni pubbliche. Attualmente partecipano a tre gruppi di gestione pubblici\/privati locali (Vita indipendente per disabili, Asili nido Alzheimer e Formazione al lavoro per persone svantaggiate). L&#039;azienda ha 215 datori di lavoro e 90% di loro sono donne.<\/td>\r\n<td style=\"width: 50%; height: 24px; vertical-align: top;\"><strong>Asp Martelli, Italia<\/strong>: Asp Martelli \u00e8 una casa di cura fondata nei primi anni del 1900. E&#039; un&#039;azienda pubblica situata in provincia di Firenze, e si occupa degli anziani. Sono 91 i dipendenti, che lavorano ogni giorno a stretto contatto con gli anziani. In totale 110 persone vivono qui. Il residente pi\u00f9 giovane ha 60 anni e il pi\u00f9 anziano 102 anni.<\/td>\r\n<\/tr>\r\n<tr style=\"height: 24px;\">\r\n<td style=\"width: 50%; height: 24px;\"><img loading=\"lazy\" decoding=\"async\" class=\"alignnone wp-image-116\" src=\"https:\/\/amide.eu\/wp-content\/uploads\/2020\/09\/logo_awo-300x257.png\" alt=\"\" width=\"240\" height=\"225\" \/><\/td>\r\n<td style=\"width: 50%; height: 24px; vertical-align: middle;\"><img loading=\"lazy\" decoding=\"async\" class=\"alignnone size-medium wp-image-122\" src=\"https:\/\/amide.eu\/wp-content\/uploads\/2020\/09\/Klostergarten-300x61.png\" alt=\"\" width=\"300\" height=\"61\" srcset=\"https:\/\/amide.eu\/wp-content\/uploads\/2020\/09\/Klostergarten-300x61.png 300w, https:\/\/amide.eu\/wp-content\/uploads\/2020\/09\/Klostergarten.png 411w\" sizes=\"auto, (max-width: 300px) 100vw, 300px\" \/><\/td>\r\n<\/tr>\r\n<tr style=\"height: 24px;\">\r\n<td style=\"width: 50%; height: 24px;\"><strong>AWO Bildungscampus, Germania:<\/strong> L&#039;AWO Campus of Education \u00e8 un moderno centro di formazione professionale di assistenza infermieristica agli anziani approvato dallo stato, nonch\u00e9 un istituto di istruzione, formazione e istruzione superiore pienamente accreditato nel settore dell&#039;assistenza sanitaria e sociale. Lo staff di TheiInstitution \u00e8 composto da 22 dipendenti. L&#039;istituzione collabora strettamente con gli enti locali e regionali e con le organizzazioni di interesse. Offre un modo molto breve ed efficiente per il mercato del lavoro per una variet\u00e0 di giovani, adulti e immigrati.<\/td>\r\n<td style=\"width: 50%; height: 24px;\"><strong>Haus am Klostergarten, Germania:<\/strong> La Haus am Klostergarten \u00e8 stata fondata nel 1968 come istituzione distrettuale. Nel 1991 sono state eseguite ampie modifiche edilizie e da casa di riposo e di cura \u00e8 diventata una struttura residenziale con 162 posti letto. L&#039;edificio \u00e8 suddiviso in 8 aree con 22 residenti che vivono in un&#039;area. Haus am Klostergarten ha esperienza nel fornire assistenza a persone affette da demenza e residenti con background migratorio. Anche i dipendenti con un background migratorio lavorano qui.<\/td>\r\n<\/tr>\r\n<tr style=\"height: 24px;\">\r\n<td style=\"width: 50%; height: 24px;\"><img loading=\"lazy\" decoding=\"async\" class=\"alignnone size-medium wp-image-118\" src=\"https:\/\/amide.eu\/wp-content\/uploads\/2020\/09\/LU-PSMK-logo-2-300x77.png\" alt=\"\" width=\"300\" height=\"77\" srcset=\"https:\/\/amide.eu\/wp-content\/uploads\/2020\/09\/LU-PSMK-logo-2-300x77.png 300w, https:\/\/amide.eu\/wp-content\/uploads\/2020\/09\/LU-PSMK-logo-2.png 312w\" sizes=\"auto, (max-width: 300px) 100vw, 300px\" \/><\/td>\r\n<td style=\"width: 50%; height: 24px;\"><img loading=\"lazy\" decoding=\"async\" class=\"alignnone size-medium wp-image-123\" src=\"https:\/\/amide.eu\/wp-content\/uploads\/2020\/09\/LU-PSMK-logo-2-1-300x77.png\" alt=\"\" width=\"300\" height=\"77\" srcset=\"https:\/\/amide.eu\/wp-content\/uploads\/2020\/09\/LU-PSMK-logo-2-1-300x77.png 300w, https:\/\/amide.eu\/wp-content\/uploads\/2020\/09\/LU-PSMK-logo-2-1.png 312w\" sizes=\"auto, (max-width: 300px) 100vw, 300px\" \/> <img loading=\"lazy\" decoding=\"async\" class=\"alignnone size-full wp-image-124\" src=\"https:\/\/amide.eu\/wp-content\/uploads\/2020\/09\/sac-logo-black.png\" alt=\"\" width=\"219\" height=\"27\" \/><\/td>\r\n<\/tr>\r\n<tr style=\"height: 24px;\">\r\n<td style=\"width: 50%; height: 24px; vertical-align: top;\"><strong> Stradins Medical College, Lettonia<\/strong>: P. Stradins Medical College \u00e8 il Medical College dell&#039;Universit\u00e0 della Lettonia ed \u00e8 un istituto di istruzione superiore. Dal 1994, il collegio sta attuando un programma di &quot;Assistenza sociale&quot; i cui laureati sono impiegati e specialisti richiesti nella sfera del benessere sociale. Il programma di studio &quot;Riabilitazione sociale&quot; \u00e8 stato avviato nel 2006. Il P.Stradins Medical College dell&#039;Universit\u00e0 della Lettonia lavora per lo sviluppo del processo di studio lavora a stretto contatto con i datori di lavoro e le organizzazioni professionali.<\/td>\r\n<td style=\"width: 50%; height: 24px;\"><strong>Centro di assistenza sociale Zemgale, Lettonia: <\/strong> Il centro di assistenza sociale &quot;Zemgale&quot; del governo regionale dell&#039;area di Ozolnieku offre ai propri clienti assistenza sociale a lungo termine e riabilitazione sociale. \u00c8 specializzato nella cura dei pazienti con demenza. Il centro dispone di due assistenti sociali, 4 assistenti sociali e 3 riabilitatori sociali. Tutti gli assistenti sociali hanno ottenuto un&#039;istruzione professionale superiore. Ozolnieku aree governi regionali centro di assistenza sociale &quot;Zemgale&quot; ha 132 lavoratori e l&#039;assistenza sociale \u00e8 fornita a 292 clienti.<\/td>\r\n<\/tr>\r\n<\/tbody>\r\n<\/table>\r\n\r\n\r\n&nbsp;<!-- \/wp:post-content -->","protected":false},"excerpt":{"rendered":"<p>La partnership Gli 8 partner del progetto AMiDE da Danimarca, Germania, Italia e Lettonia \u2013 Sono stati scelti con cura. Rappresentano quattro partner educativi di diverso tipo da ciascuno dei paesi sopra menzionati e 4 istituti di cura degli stessi 4 paesi. Sulla base di precedenti partnership di grande successo, in cui i rappresentanti dell&#039;istruzione lavoravano insieme a [\u2026]<\/p>","protected":false},"author":1,"featured_media":0,"parent":0,"menu_order":0,"comment_status":"closed","ping_status":"closed","template":"","meta":{"footnotes":""},"class_list":["post-64","page","type-page","status-publish","hentry"],"_links":{"self":[{"href":"https:\/\/amide.eu\/it\/wp-json\/wp\/v2\/pages\/64","targetHints":{"allow":["GET"]}}],"collection":[{"href":"https:\/\/amide.eu\/it\/wp-json\/wp\/v2\/pages"}],"about":[{"href":"https:\/\/amide.eu\/it\/wp-json\/wp\/v2\/types\/page"}],"author":[{"embeddable":true,"href":"https:\/\/amide.eu\/it\/wp-json\/wp\/v2\/users\/1"}],"replies":[{"embeddable":true,"href":"https:\/\/amide.eu\/it\/wp-json\/wp\/v2\/comments?post=64"}],"version-history":[{"count":27,"href":"https:\/\/amide.eu\/it\/wp-json\/wp\/v2\/pages\/64\/revisions"}],"predecessor-version":[{"id":645,"href":"https:\/\/amide.eu\/it\/wp-json\/wp\/v2\/pages\/64\/revisions\/645"}],"wp:attachment":[{"href":"https:\/\/amide.eu\/it\/wp-json\/wp\/v2\/media?parent=64"}],"curies":[{"name":"wp","href":"https:\/\/api.w.org\/{rel}","templated":true}]}}