{"id":27,"date":"2020-02-11T13:55:15","date_gmt":"2020-02-11T12:55:15","guid":{"rendered":"http:\/\/amide.eu\/?page_id=27"},"modified":"2022-02-10T12:23:20","modified_gmt":"2022-02-10T11:23:20","slug":"project","status":"publish","type":"page","link":"https:\/\/amide.eu\/it\/project\/","title":{"rendered":"Progetto"},"content":{"rendered":"<div class=\"translation-block\"><p><img decoding=\"async\" title=\"logo_AMiDE\" src=\"http:\/\/amide.eu\/wp-content\/uploads\/2020\/02\/logo_AMiDE.png\" alt=\"logo_AMiDE\" \/><\/p>\r\n\r\n<h3><span class=\"s4\">AMIDE stands for: <\/span><span class=\"s4\">Approaching Multi-ethnicity and Dementia in Education and Work<\/span><\/h3>\r\n<p class=\"s3\"><span class=\"s2\">The governments and the populations of Europe are becoming more and more aware of the c<\/span><span class=\"s2\">hallenge of a big and growing amount of persons suffering from dementia. The risk of developing\u00a0<\/span><span class=\"s2\">dementia increases with age. Because of increasing life expectancy and the consequently growing ageing population, an increase in the number of elderly people with dementia is expected in the coming decades. The number of Europeans with dementia is above 8 million and in <\/span><span class=\"s2\">2050<\/span><span class=\"s2\">;<\/span><span class=\"s2\"> it will be more than 18 million. The Danish Dementia Research Center estimates that from a population of 1.468.742 elderly persons (+60 years) in 2018; about 90.000 people in Denmark <\/span><span class=\"s2\">are affected<\/span><span class=\"s2\"> by <\/span><span class=\"s2\">dementia and the number is expected to increase: In 2040, according to the latest projection, there will be approximately 164,000 dementia sufferers in Denmark.<\/span><\/p>\r\n<p class=\"s3\"><span class=\"s2\">Immigrants from non-Western countries represent a growing proportion of the population in Denmark. A projection of the estimated number of non-Western immigrants with dementia shows that the number <\/span><span class=\"s2\">is expected<\/span><span class=\"s2\"> to rise from about 1.200 people in 2013 to more than 7.000 people in 2040. <\/span><\/p>\r\n<p class=\"s3\"><span class=\"s2\">The challenge of facing multi-culturality and multi-ethnicity in care has been a topic for some time\u00a0<\/span><span class=\"s2\">because<\/span><span class=\"s2\"> most of the European countries are becoming more multi-ethnic and multi-cultural. <\/span><span class=\"s2\">This is also the case with regard to the composition of care staff in elder care in the countries represented in this partnership.<\/span><span class=\"s2\"> In Denmark for instance, from 2016 to 2017 the number of new employees with a non-western background employed in the municipal care of the elderly surpassed the number of ethnic Danes. http:\/\/www.danskekommuner.dk\/Nyhedsarkiv\/2018\/August\/21\/<\/span><\/p>\r\n<p class=\"s3\"><span class=\"s2\">Care work is stressful and at the same time, having to manage different value systems based on<\/span><\/p>\r\n<p class=\"s3\"><span class=\"s2\">different<\/span><span class=\"s2\"> cultural backgrounds does not make it easier. In care work, the caregiver gets very close to the person in need of care, personal barriers are broken down and the caregiver enters the intimate sphere of the patient \/the old person. It is important that the educations for caregivers are providing them with relevant and up-to-date training in order to prepare them for the above-mentioned challenges in the best possible way.<\/span><\/p>\r\n<p class=\"s3\"><span class=\"s2\">The relevance and usability of the products<\/span><span class=\"s2\">\/ materials<\/span><span class=\"s2\"> that will be developed in this <\/span><span class=\"s2\">project,<\/span><span class=\"s2\"> are ensured by the<\/span> <span class=\"s2\">composition of the partnership with a partner from working life and a partner from education as<\/span> <span class=\"s2\">partners from each participating country. They will cooperate closely and caregivers will be involved as co-developers.<\/span><\/p>\r\n<p class=\"s3\"><span class=\"s2\">The four European countries involved in this project represent very different historical, cultural and<\/span><span class=\"s2\">political backgrounds. They all have the challenge of multi-culturality in society and in care. Denmark,<\/span> <span class=\"s2\">Germany and Italy have refugees and immigrants as part of their populations. Since the 1960\u2019es,<\/span> <span class=\"s2\">they have imported labor force from other countries, who are now becoming old and need care.<\/span> <span class=\"s2\">Latvia has the challenge of a very big minority of Russians. The ways these countries are <\/span><span class=\"s2\">facing dementia are also different: In Denmark, and to a certain degree in Germany, the care of elderly with dementia is institutionalized, whereas in Italy and Latvia most elderly, including people suffering from dementia, are taken care of by their relatives. The four countries have found different ways, approaches and solutions based on their background, traditions and financial situation. By<\/span> <span class=\"s2\">exchanging experiences and best practices, we can enrich and inspire each other and develop<\/span> <span class=\"s2\">innovative products and results together &#8211; and this is exactly why this project <\/span><span class=\"s2\">should be carried out<\/span> <span class=\"s2\">transnationally.<\/span><\/p>\r\n<p><span class=\"s2\">Sources: http:\/\/www.videnscenterfordemens.dk;<a href=\"http:\/\/www.videnscenterfordemens.dk;\" target=\"_blank\" rel=\"noopener noreferrer\">http:\/\/www.videnscenterfordemens.dk;<\/a> https:\/\/www.alzheimer-europe.org\/<a href=\"https:\/\/www.alzheimer-europe.org\/\" target=\"_blank\" rel=\"noopener noreferrer\">https:\/\/www.alzheimer-europe.org\/<\/a><\/span><\/p><\/div>\r\n<!-- \/wp:post-content -->\r\n\r\n<!-- wp:paragraph \/-->","protected":false},"excerpt":{"rendered":"<p>AMIDE sta per: Avvicinamento alla multietnicit\u00e0 e alla demenza nell&#039;istruzione e nel lavoro I governi e le popolazioni europee stanno diventando sempre pi\u00f9 consapevoli della sfida di una grande e crescente quantit\u00e0 di persone che soffrono di demenza. Il rischio di sviluppare la demenza aumenta con l&#039;et\u00e0. A causa dell&#039;aumento dell&#039;aspettativa di vita e del conseguente aumento dell&#039;invecchiamento [...]<\/p>","protected":false},"author":1,"featured_media":0,"parent":0,"menu_order":0,"comment_status":"closed","ping_status":"closed","template":"","meta":{"footnotes":""},"class_list":["post-27","page","type-page","status-publish","hentry"],"_links":{"self":[{"href":"https:\/\/amide.eu\/it\/wp-json\/wp\/v2\/pages\/27","targetHints":{"allow":["GET"]}}],"collection":[{"href":"https:\/\/amide.eu\/it\/wp-json\/wp\/v2\/pages"}],"about":[{"href":"https:\/\/amide.eu\/it\/wp-json\/wp\/v2\/types\/page"}],"author":[{"embeddable":true,"href":"https:\/\/amide.eu\/it\/wp-json\/wp\/v2\/users\/1"}],"replies":[{"embeddable":true,"href":"https:\/\/amide.eu\/it\/wp-json\/wp\/v2\/comments?post=27"}],"version-history":[{"count":8,"href":"https:\/\/amide.eu\/it\/wp-json\/wp\/v2\/pages\/27\/revisions"}],"predecessor-version":[{"id":487,"href":"https:\/\/amide.eu\/it\/wp-json\/wp\/v2\/pages\/27\/revisions\/487"}],"wp:attachment":[{"href":"https:\/\/amide.eu\/it\/wp-json\/wp\/v2\/media?parent=27"}],"curies":[{"name":"wp","href":"https:\/\/api.w.org\/{rel}","templated":true}]}}