{"id":2,"date":"2020-01-06T15:07:17","date_gmt":"2020-01-06T14:07:17","guid":{"rendered":"http:\/\/amide.eu\/?page_id=2"},"modified":"2022-02-10T13:55:53","modified_gmt":"2022-02-10T12:55:53","slug":"eksempel-side","status":"publish","type":"page","link":"https:\/\/amide.eu\/it\/","title":{"rendered":"HOME"},"content":{"rendered":"<p><img loading=\"lazy\" decoding=\"async\" class=\"alignnone size-full wp-image-147\" src=\"https:\/\/amide.eu\/wp-content\/uploads\/2020\/09\/SR-Sandkaas-Plejecenter-credits.jpg\" alt=\"\" width=\"990\" height=\"614\" srcset=\"https:\/\/amide.eu\/wp-content\/uploads\/2020\/09\/SR-Sandkaas-Plejecenter-credits.jpg 990w, https:\/\/amide.eu\/wp-content\/uploads\/2020\/09\/SR-Sandkaas-Plejecenter-credits-300x186.jpg 300w, https:\/\/amide.eu\/wp-content\/uploads\/2020\/09\/SR-Sandkaas-Plejecenter-credits-768x476.jpg 768w\" sizes=\"auto, (max-width: 990px) 100vw, 990px\" \/><br \/>\n<br \/>\n<\/p>\n<h3><span class=\"s4\">AMIDE sta per: <\/span><span class=\"s4\">Avvicinamento alla multietnicit\u00e0 e alla demenza nell&#039;istruzione e nel lavoro<\/span><\/h3>\n<p class=\"s3\"><span class=\"s2\">La demenza sta diventando una delle principali cause di dipendenza tra le persone anziane in tutto il mondo e\u00a0<\/span><span class=\"s2\">il numero di persone affette da demenza e bisognose di cure \u00e8 in costante aumento. <\/span><\/p>\n<p class=\"s3\"><span class=\"s2\">In molti c<\/span><span class=\"s2\">paesi in Europa, questa sfida \u00e8 combinata con la sfida di gestire la multiculturalit\u00e0 e\u00a0<\/span><span class=\"s2\">multietnicit\u00e0 tra il personale di assistenza, tra i residenti nelle case di cura e gli anziani che ricevono assistenza domiciliare - e tra i loro parenti.<\/span><\/p>\n<p class=\"s3\"><span class=\"s2\">Assistere le persone affette da demenza \u00e8 un compito speciale e prendersi cura di persone affette da demenza in cui non si condivide il loro background e l&#039;etnia \u00e8 ancora pi\u00f9 difficile.<\/span><span class=\"s2\"> I caregiver<\/span><span class=\"s2\"> non hanno un&#039;educazione speciale nel campo dei cittadini con un&#039;altra etnia<\/span><span class=\"s2\"> indietro<\/span><span class=\"s2\">terreno affetto da demenza<\/span><span class=\"s2\">. <\/span><span class=\"s2\">Nonostante l'ovvio bisogno, nei percorsi formativi di base esistenti, purtroppo, non \u00e8 data priorit\u00e0 alla gestione di relazioni multiculturali n\u00e9 alla demenza.\u00a0<\/span><span class=\"s2\">multicultural<\/span><span class=\"s2\"> alle relazioni o alla demenza viene data la massima priorit\u00e0. <\/span><\/p>\n<h3 class=\"s7\"><span class=\"s6\">Gli obiettivi del progetto<\/span><\/h3>\n<p><span class=\"s8\">\u2022 <\/span><span class=\"s2\">L&#039;obiettivo generale del nostro progetto \u00e8 quello di contribuire al miglioramento delle competenze tra<\/span> <span class=\"s2\">insegnanti e formatori, che stanno istruendo e formando il personale di assistenza di base e al miglioramento di<\/span> <span class=\"s2\">competenze tra i caregiver professionali in merito alla multietnicit\u00e0 \/ multiculturalit\u00e0 e<\/span> <span class=\"s2\">demenza.<\/span> <span class=\"s8\">\u2022 <\/span><span class=\"s2\">Un altro obiettivo \u00e8 rafforzare in generale la cooperazione tra lavoro di cura e assistenza\u00a0<\/span><span class=\"s2\">istruzione, costruire nuovi collegamenti e creare nuovi forum permanenti.<\/span><\/p>\n<h3 class=\"s7\"><span class=\"s6\">Sviluppo dei materiali nel progetto<\/span><\/h3>\n<p class=\"s3\"><span class=\"s2\">Il progetto svilupper\u00e0 i seguenti materiali di base <\/span><span class=\"s2\">di laboratori<\/span><span class=\"s2\"> e individuale <\/span><span class=\"s2\">interviste<\/span><span class=\"s2\">:<\/span><\/p>\n<p class=\"s3\"><span class=\"s2\">Ogni paese avr\u00e0 t<\/span><span class=\"s2\">Wow<\/span><span class=\"s2\">orkshop con rappresentanti del luogo di lavoro e formazione sulle pratiche relative alle sfide della multietnicit\u00e0 e multiculturalit\u00e0 nell&#039;assistenza in generale e con un&#039;ottica speciale nel campo della demenza. I laboratori<\/span><span class=\"s2\"> e intervista<\/span><span class=\"s2\"> dar\u00e0 un contributo allo sviluppo del <\/span><span class=\"s2\">materiali<\/span><span class=\"s2\">.<\/span><span class=\"s2\"> (C&#039;\u00e8 poca o nessuna letteratura sull&#039;argomento delle persone con demenza e un&#039;altra origine etnica<\/span><span class=\"s2\">)<\/span><\/p>\n<p><span class=\"s2\"> 1. Sviluppo di un programma di formazione\/corso di formazione\/materiale di formazione basato sui risultati <\/span><span class=\"s2\">dei laboratori e <\/span><span class=\"s2\">interviste<\/span><span class=\"s2\"> e sviluppo di un <\/span><span class=\"s2\">Insegnanti \/ formatori<\/span><span class=\"s2\">&#039;guida.<\/span> <span class=\"s2\">Sviluppo di uno strumento di riflessione per i caregiver.<\/span><\/p>\n<p>3. <span class=\"s2\">Produzione di un video per sensibilizzare, comprendere e interessare la sfida della multietnicit\u00e0 nel settore dell&#039;assistenza e in particolare le sfide relative alle persone affette da demenza e con diverse etnie.<\/span> 4. <span class=\"s2\">L&#039;istituzione di forum \/ canali \/ procedure permanenti garantir\u00e0 che lo scambio di esperienze e la comunicazione continua tra istruzione e vita lavorativa non si concluder\u00e0 con la fine del progetto ma continuer\u00e0 come attivit\u00e0 permanente.<\/span><\/p>\n<h3 class=\"s7\"><span class=\"s6\">I principali gruppi target di AMiDE sono:<\/span><\/h3>\n<p class=\"s3\"><span class=\"s2\">a) Insegnanti, formatori ed educatori che insegnano nell&#039;ambito dell&#039;educazione alla cura<\/span><\/p>\n<p class=\"s3\"><span class=\"s2\">b) Studenti in educazione assistenziale<\/span><\/p>\n<p class=\"s3\"><span class=\"s2\">c) <\/span><span class=\"s2\">C<\/span><span class=\"s2\">donatori<\/span><\/p>\n<p class=\"s3\"><span class=\"s2\">d) <\/span><span class=\"s2\">C<\/span><span class=\"s2\">leader di organizzazioni in cui dipendenti e \/ o pazienti \/ residenti \/ persone anziane hanno diverse<\/span><span class=\"s2\">origini etniche.<\/span> <span class=\"s2\">Tuttavia, anche altri gruppi trarranno beneficio dai risultati e dai prodotti di questo progetto: i parenti di<\/span> <span class=\"s2\">anziani di diversa origine etnica, soprattutto - ma non solo - se affetti<\/span> <span class=\"s2\">demenza, volontari che lavorano con gli anziani e, naturalmente, gli stessi anziani.<\/span><\/p>\n<p><br \/>\n<br \/>\n<br \/>\n<\/p>","protected":false},"excerpt":{"rendered":"","protected":false},"author":1,"featured_media":8,"parent":0,"menu_order":0,"comment_status":"closed","ping_status":"open","template":"","meta":{"footnotes":""},"class_list":["post-2","page","type-page","status-publish","has-post-thumbnail","hentry"],"_links":{"self":[{"href":"https:\/\/amide.eu\/it\/wp-json\/wp\/v2\/pages\/2","targetHints":{"allow":["GET"]}}],"collection":[{"href":"https:\/\/amide.eu\/it\/wp-json\/wp\/v2\/pages"}],"about":[{"href":"https:\/\/amide.eu\/it\/wp-json\/wp\/v2\/types\/page"}],"author":[{"embeddable":true,"href":"https:\/\/amide.eu\/it\/wp-json\/wp\/v2\/users\/1"}],"replies":[{"embeddable":true,"href":"https:\/\/amide.eu\/it\/wp-json\/wp\/v2\/comments?post=2"}],"version-history":[{"count":39,"href":"https:\/\/amide.eu\/it\/wp-json\/wp\/v2\/pages\/2\/revisions"}],"predecessor-version":[{"id":499,"href":"https:\/\/amide.eu\/it\/wp-json\/wp\/v2\/pages\/2\/revisions\/499"}],"wp:featuredmedia":[{"embeddable":true,"href":"https:\/\/amide.eu\/it\/wp-json\/wp\/v2\/media\/8"}],"wp:attachment":[{"href":"https:\/\/amide.eu\/it\/wp-json\/wp\/v2\/media?parent=2"}],"curies":[{"name":"wp","href":"https:\/\/api.w.org\/{rel}","templated":true}]}}