{"id":66,"date":"2020-03-10T14:00:39","date_gmt":"2020-03-10T13:00:39","guid":{"rendered":"https:\/\/amide.eu\/?page_id=66"},"modified":"2022-06-03T13:06:08","modified_gmt":"2022-06-03T11:06:08","slug":"materials","status":"publish","type":"page","link":"https:\/\/amide.eu\/de\/materials\/","title":{"rendered":"Materialien"},"content":{"rendered":"<p><span style=\"font-size: 14pt;\">Das AMiDE-Material besteht aus vier Teilen:<\/span><\/p>\n<p><span style=\"font-size: 14pt;\">A. Zehn Module mit Lernmaterialien \u00fcber Demenz und andere Kulturen <\/span><br \/>\n<span style=\"font-size: 14pt;\">B. Reflexionswerkzeuge<br \/>\n<\/span><span style=\"font-size: 14pt;\">C: Ein Leitfaden f\u00fcr Lehrer<br \/>\nD: Videos \u00fcber eine gute Versorgung von B\u00fcrgern mit Demenz und anderen kulturellen Hintergr\u00fcnden<\/span><\/p>\n<p><span style=\"font-size: 14pt;\" data-no-translation=\"\">A:<\/span><\/p>\n<p><a href=\"https:\/\/amide.eu\/wp-content\/uploads\/2021\/09\/1-DE-Introduction-DE.pdf\" target=\"_blank\" rel=\"noopener\"><span style=\"font-size: 14pt;\">Modul 1: Einf\u00fchrung: \u00dcberlegungen zum Lernbedarf<\/span><\/a><\/p>\n<p><span style=\"font-size: 14pt;\"><a href=\"https:\/\/amide.eu\/wp-content\/uploads\/2021\/09\/2-DE-Module-The-importance-of-life-history-rev-REV-DE.pdf\" target=\"_blank\" rel=\"noopener\">Modul 2: Die Bedeutung der Lebensgeschichte<\/a><\/span><\/p>\n<p><span style=\"font-size: 14pt;\"><a href=\"https:\/\/amide.eu\/wp-content\/uploads\/2021\/09\/4-DE-Formen-der-Demenz-ihre-Auswirkungen-auf-die-Wahrnehmung-und-die-Folgen-fur-das-Verhalten.pdf\" target=\"_blank\" rel=\"noopener\">Modul 3: Kultur\u00fcbergreifende Wahrnehmung von Gesundheit und Krankheiten<\/a><\/span><\/p>\n<p><span style=\"font-size: 14pt;\"><a href=\"https:\/\/amide.eu\/wp-content\/uploads\/2021\/09\/4-DE-Formen-der-Demenz-ihre-Auswirkungen-auf-die-Wahrnehmung-und-die-Folgen-fur-das-Verhalten.pdf\" target=\"_blank\" rel=\"noopener\">Modul 4: Demenzformen, ihre Auswirkungen auf die Kognition und Konsequenzen f\u00fcr das Verhalten<\/a><\/span><\/p>\n<p><span style=\"font-size: 14pt;\"><a href=\"https:\/\/amide.eu\/wp-content\/uploads\/2021\/09\/5-DE-Herausforderndes-Verhalten-verstehen.pdf\" target=\"_blank\" rel=\"noopener\">Modul 5: Herausforderndes Verhalten verstehen<\/a><\/span><\/p>\n<p><span style=\"font-size: 14pt;\"><a href=\"https:\/\/amide.eu\/wp-content\/uploads\/2022\/03\/6-DE-Kommunikation-mit-Menschen-mit-einem-anderen-ethnischen-Hintergrund-mit-Demenz-.pdf\" target=\"_blank\" rel=\"noopener\">Modul 6: Kommunikation mit Menschen anderer ethnischer Herkunft mit Demenz<\/a><\/span><\/p>\n<p><span style=\"font-size: 14pt;\"><a href=\"https:\/\/amide.eu\/wp-content\/uploads\/2021\/09\/7-DE-Non-pharmacological-approaches-REV-DE.pdf\" target=\"_blank\" rel=\"noopener\">Modul 7: Nicht-pharmakologische Interventionen in einem multikulturellen Kontext<\/a><\/span><\/p>\n<p><span style=\"font-size: 14pt;\"><a href=\"https:\/\/amide.eu\/wp-content\/uploads\/2021\/09\/8-DE-Version-2-COLLABORATION-WITH-RELATIVES-OF-PERSONS-WITH-DE8ENTIA-AND-ANOTHER-ETHNIC-BACKGROUND-DE.pdf\" target=\"_blank\" rel=\"noopener\">Modul 8: Zusammenarbeit mit den Angeh\u00f6rigen<\/a><\/span><\/p>\n<p><span style=\"font-size: 14pt;\"><a href=\"https:\/\/amide.eu\/wp-content\/uploads\/2021\/09\/9-DE-Wie-werden-interkulturelle-Kompetenzen-entwickelt-und-die-Zusammenarbeit-unter-Kollegen-in-einem-multikulturellen-Team.pdf\" target=\"_blank\" rel=\"noopener\">Modul 9: Wie entwickeln sich interkulturelle Kompetenzen und die kollegiale Zusammenarbeit in einem multikulturellen Team?<\/a><\/span><\/p>\n<p><span style=\"font-size: 14pt;\"><a href=\"https:\/\/amide.eu\/wp-content\/uploads\/2021\/09\/10-DE-Aufgaben-der-Organisationsentwicklung-in-Pflegeeinrichtungen.pdf\" target=\"_blank\" rel=\"noopener\">Modul 10: Aufgaben zur Organisation der Pflegeeinrichtung<\/a><\/span><\/p>\n<p><span style=\"font-size: 14pt;\" data-no-translation=\"\">B:<\/span><\/p>\n<p><span style=\"font-size: 14pt;\">Reflexion<\/span><br \/>\n<span style=\"font-size: 14pt;\"><a href=\"https:\/\/amide.eu\/de\/questions-modules\/\" target=\"_blank\" rel=\"noopener\">Fragen zu den Modulen<\/a><\/span><br \/>\n \t<span style=\"font-size: 14pt;\"><a href=\"https:\/\/amide.eu\/de\/materials\/materials-reflection-tools\/\" target=\"_blank\" rel=\"noopener\">Reflexionswerkzeuge<\/span><\/a><\/span><\/p>\n<p><span style=\"font-size: 14pt;\" data-no-translation=\"\">C:<\/span><\/p>\n<p><a href=\"https:\/\/amide.eu\/wp-content\/uploads\/2022\/05\/DE.-AMiDE-Teachers-Guide.pdf\" target=\"_blank\" rel=\"noopener\"><span style=\"font-size: 14pt;\">Lehrerhandbuch<\/span><\/a><\/p>\n<p><span style=\"font-size: 14pt;\" data-no-translation=\"\">D:<\/span><\/p>\n<p><a href=\"https:\/\/amide.eu\/de\/awareness-videos\/\" target=\"_blank\" rel=\"noopener\"><span style=\"font-size: 14pt;\">Videos \u00fcber die gute Versorgung von B\u00fcrgern mit Demenz und anderen kulturellen Hintergr\u00fcnden<\/span><\/a><\/p>\n<p>&nbsp;<\/p>","protected":false},"excerpt":{"rendered":"<p>Das AMiDE-Material besteht aus vier Teilen: A. Zehn Module mit Lernmaterialien \u00fcber Demenz und andere Kulturen B. Reflexionswerkzeuge C: Ein Leitfaden f\u00fcr Lehrer D: Videos \u00fcber die Bereitstellung einer guten Betreuung f\u00fcr B\u00fcrger mit Demenz und anderen kulturellen Hintergr\u00fcnden A: Modul 1: Einf\u00fchrung : \u00dcberlegungen zum Lernbedarf Modul 2: Die Bedeutung der Lebensgeschichte [\u2026]<\/p>","protected":false},"author":1,"featured_media":0,"parent":0,"menu_order":0,"comment_status":"closed","ping_status":"closed","template":"","meta":{"footnotes":""},"class_list":["post-66","page","type-page","status-publish","hentry"],"_links":{"self":[{"href":"https:\/\/amide.eu\/de\/wp-json\/wp\/v2\/pages\/66","targetHints":{"allow":["GET"]}}],"collection":[{"href":"https:\/\/amide.eu\/de\/wp-json\/wp\/v2\/pages"}],"about":[{"href":"https:\/\/amide.eu\/de\/wp-json\/wp\/v2\/types\/page"}],"author":[{"embeddable":true,"href":"https:\/\/amide.eu\/de\/wp-json\/wp\/v2\/users\/1"}],"replies":[{"embeddable":true,"href":"https:\/\/amide.eu\/de\/wp-json\/wp\/v2\/comments?post=66"}],"version-history":[{"count":50,"href":"https:\/\/amide.eu\/de\/wp-json\/wp\/v2\/pages\/66\/revisions"}],"predecessor-version":[{"id":664,"href":"https:\/\/amide.eu\/de\/wp-json\/wp\/v2\/pages\/66\/revisions\/664"}],"wp:attachment":[{"href":"https:\/\/amide.eu\/de\/wp-json\/wp\/v2\/media?parent=66"}],"curies":[{"name":"wp","href":"https:\/\/api.w.org\/{rel}","templated":true}]}}