{"id":64,"date":"2020-03-10T14:00:08","date_gmt":"2020-03-10T13:00:08","guid":{"rendered":"https:\/\/amide.eu\/?page_id=64"},"modified":"2022-05-10T06:48:57","modified_gmt":"2022-05-10T04:48:57","slug":"partners","status":"publish","type":"page","link":"https:\/\/amide.eu\/de\/partners\/","title":{"rendered":"Partner"},"content":{"rendered":"<h3>Die Partnerschaft<\/h3>\r\nDie 8 AMiDE-Projektpartner aus D\u00e4nemark, Deutschland, Italien und Lettland \u2013 wurden sorgf\u00e4ltig ausgew\u00e4hlt. Sie vertreten vier Bildungspartner unterschiedlicher Art aus jedem der oben genannten L\u00e4nder und 4 Pflegeeinrichtungen aus denselben 4 L\u00e4ndern.\r\n\r\n<img loading=\"lazy\" decoding=\"async\" class=\"alignnone size-full wp-image-144 multiple-borders\" src=\"https:\/\/amide.eu\/wp-content\/uploads\/2020\/09\/AMiDE-Faellesfoto-scaled.jpg\" alt=\"\" width=\"900\" height=\"600\" srcset=\"https:\/\/amide.eu\/wp-content\/uploads\/2020\/09\/AMiDE-Faellesfoto-scaled.jpg 2560w, https:\/\/amide.eu\/wp-content\/uploads\/2020\/09\/AMiDE-Faellesfoto-300x200.jpg 300w, https:\/\/amide.eu\/wp-content\/uploads\/2020\/09\/AMiDE-Faellesfoto-1024x683.jpg 1024w, https:\/\/amide.eu\/wp-content\/uploads\/2020\/09\/AMiDE-Faellesfoto-768x512.jpg 768w, https:\/\/amide.eu\/wp-content\/uploads\/2020\/09\/AMiDE-Faellesfoto-1536x1024.jpg 1536w, https:\/\/amide.eu\/wp-content\/uploads\/2020\/09\/AMiDE-Faellesfoto-2048x1365.jpg 2048w\" sizes=\"auto, (max-width: 900px) 100vw, 900px\" \/>\r\n\r\nBasierend auf fr\u00fcheren sehr erfolgreichen Partnerschaften, bei denen Vertreter aus dem Bildungswesen mit Betrieben zusammengearbeitet haben, haben wir uns entschieden, diese \u201edoppelten Partnerschaften\u201c aus jedem vertretenen Land zu haben, um w\u00e4hrend der gesamten Projektlaufzeit eine parallel zur internationalen Zusammenarbeit verlaufende nationale Zusammenarbeit zu haben . Die nationale Zusammenarbeit wird die internationale Zusammenarbeit bereichern und umgekehrt, und diese Konstruktion schafft gute Voraussetzungen f\u00fcr erfolgreiche Projektergebnisse. Ein weiteres Kriterium war eine Partnerschaft mit einer Vielfalt an F\u00e4higkeiten und Kompetenzen. Das Kick-off-Meeting des Projekts fand am 26. + 27. November 2019 in Aarhus, D\u00e4nemark statt, an dem Vertreter aller 8 Partner teilnahmen.\r\n<table style=\"border-collapse: collapse; width: 100%; height: 696px;\">\r\n<tbody>\r\n<tr style=\"height: 150px;\">\r\n<td style=\"width: 50%; height: 150px;\"><img loading=\"lazy\" decoding=\"async\" class=\"alignnone size-full wp-image-120\" src=\"https:\/\/amide.eu\/wp-content\/uploads\/2020\/09\/SOSU-Oestjylland-300x150-1.jpg\" alt=\"\" width=\"300\" height=\"150\" \/><\/td>\r\n<td style=\"width: 50%; height: 150px;\"><img loading=\"lazy\" decoding=\"async\" class=\"alignnone size-full wp-image-114\" src=\"https:\/\/amide.eu\/wp-content\/uploads\/2020\/09\/DCAa-Logo-300x150-1.jpg\" alt=\"\" width=\"300\" height=\"150\" \/><\/td>\r\n<\/tr>\r\n<tr style=\"height: 276px;\">\r\n<td style=\"width: 50%; height: 276px;\"><strong>SOSU \u00d8stjylland, D\u00e4nemark: <\/strong> Die SOSU Ostjylland ist die zweitgr\u00f6\u00dfte Hochschule f\u00fcr Sozial- und Gesundheitspflege in D\u00e4nemark. Es bietet verschiedene Bildungsprogramme \u2013 sowie erg\u00e4nzende Schulungen f\u00fcr ausgebildetes Personal \u2013 f\u00fcr Sozial- und Gesundheitseinrichtungen f\u00fcr \u00e4ltere und behinderte Menschen sowie f\u00fcr Krankenh\u00e4user und Psychiatrie an. Das College bildet auch Personal f\u00fcr Kinderbetreuungseinrichtungen aus und hat 150 Vollzeitbesch\u00e4ftigte, die etwa 110 p\u00e4dagogische Mitarbeiter abdecken. Im Jahr 2016 hatte das College mehr als 800 Vollzeitstudenten, und etwa 2.000 professionelle Pflegekr\u00e4fte nahmen an k\u00fcrzeren oder l\u00e4ngeren Zusatzausbildungen teil. Die Sch\u00fcler sind zwischen 15 und 60 Jahre alt und haben mehr als 50 verschiedene ethische und kulturelle Hintergr\u00fcnde. Das College bietet spezielle p\u00e4dagogische Einf\u00fchrungsprogramme f\u00fcr Migranten und Fl\u00fcchtlinge an.<\/td>\r\n<td style=\"width: 50%; height: 276px;\"><strong>DemensCentrum Aarhus D\u00e4nemark: <\/strong> Das Demenzzentrum Aarhus \u2013 DCA \u2013 vertritt Aarhus MSO (Magistraten for Sundhed og Omsorg (Gesundheit und Pflege), das f\u00fcr Altenpflege und Gesundheit in der Gemeinde Aarhus zust\u00e4ndig ist. Etwa 7.000 Menschen arbeiten hier, um \u00e4lteren und schwachen Menschen Hilfe und Pflege zu bieten Menschen jeglicher Abstammung und um sicherzustellen, dass die B\u00fcrger der Gemeinde ein gesundes Leben f\u00fchren. Die Belegschaft umfasst eine Vielzahl von Menschen unterschiedlichen Alters mit unterschiedlichem ethnischen und kulturellen Hintergrund. Das Demenzzentrum Aarhus (DCA) ist eine hochspezialisierte Einheit in der Gemeinde Aarhus Aarhus und deckt alle Aspekte f\u00fcr Menschen ab, die mit Demenz zu tun haben. DCA bietet professionelle Hilfe f\u00fcr alle \u00f6rtlichen Pflegeheime in der Gemeinde Aarhus. DCA hat Bewohner, die an Demenz leiden und eine andere ethnische Zugeh\u00f6rigkeit haben.<\/td>\r\n<\/tr>\r\n<tr style=\"height: 150px;\">\r\n<td style=\"width: 50%; height: 150px;\"><img loading=\"lazy\" decoding=\"async\" class=\"alignnone wp-image-152 size-medium\" src=\"https:\/\/amide.eu\/wp-content\/uploads\/2020\/09\/GIOVANI-VALDARNO-logo-sm-300x147.jpg\" alt=\"\" width=\"300\" height=\"147\" srcset=\"https:\/\/amide.eu\/wp-content\/uploads\/2020\/09\/GIOVANI-VALDARNO-logo-sm-300x147.jpg 300w, https:\/\/amide.eu\/wp-content\/uploads\/2020\/09\/GIOVANI-VALDARNO-logo-sm-768x375.jpg 768w, https:\/\/amide.eu\/wp-content\/uploads\/2020\/09\/GIOVANI-VALDARNO-logo-sm.jpg 900w\" sizes=\"auto, (max-width: 300px) 100vw, 300px\" \/><\/td>\r\n<td style=\"width: 50%; height: 150px;\"><img loading=\"lazy\" decoding=\"async\" class=\"alignnone size-full wp-image-119\" src=\"https:\/\/amide.eu\/wp-content\/uploads\/2020\/09\/martelli.png\" alt=\"\" width=\"228\" height=\"98\" \/><\/td>\r\n<\/tr>\r\n<tr style=\"height: 24px;\">\r\n<td style=\"width: 50%; height: 24px;\"><strong>Giovani Valdarno, Italien: <\/strong> Giovani Valdarno ist eine soziale Genossenschaft, die in den Bereichen Bildung, Kinderbetreuung und Altenpflege t\u00e4tig ist. Es verwaltet Berufsbildungsprogramme, die sich haupts\u00e4chlich an Besch\u00e4ftigte im sozialen Bereich richten, sowie mehrere formelle und informelle Bildungsprojekte f\u00fcr Kinder und Menschen mit besonderen Bildungsbed\u00fcrfnissen. Dar\u00fcber hinaus betreibt das Unternehmen zwei Pflegeheime, zwei Kindertagesst\u00e4tten und Altenpflegedienste. Giovani Valdarno arbeitet mit mehreren \u00f6ffentlichen Institutionen zusammen. Sie nehmen derzeit an drei lokalen \u00f6ffentlichen\/privaten Managementteams teil (Selbstst\u00e4ndiges Leben f\u00fcr Menschen mit Behinderungen, Alzheimer-Tagesbetreuung und Berufsausbildung f\u00fcr benachteiligte Menschen). Das Unternehmen hat 215 Arbeitgeber, von denen 90% Frauen sind.<\/td>\r\n<td style=\"width: 50%; height: 24px; vertical-align: top;\"><strong>Asp Martelli, Italien<\/strong>: Asp Martelli ist ein Pflegeheim, das Anfang 1900 gegr\u00fcndet wurde. Es ist ein \u00f6ffentliches Unternehmen in der Provinz Florenz und k\u00fcmmert sich um \u00e4ltere Menschen. Es gibt 91 Mitarbeiter, die t\u00e4glich in engem Kontakt mit \u00e4lteren Menschen arbeiten. Insgesamt leben hier 110 Menschen. Der j\u00fcngste Bewohner ist 60 Jahre alt und der \u00e4lteste 102 Jahre alt.<\/td>\r\n<\/tr>\r\n<tr style=\"height: 24px;\">\r\n<td style=\"width: 50%; height: 24px;\"><img loading=\"lazy\" decoding=\"async\" class=\"alignnone wp-image-116\" src=\"https:\/\/amide.eu\/wp-content\/uploads\/2020\/09\/logo_awo-300x257.png\" alt=\"\" width=\"240\" height=\"225\" \/><\/td>\r\n<td style=\"width: 50%; height: 24px; vertical-align: middle;\"><img loading=\"lazy\" decoding=\"async\" class=\"alignnone size-medium wp-image-122\" src=\"https:\/\/amide.eu\/wp-content\/uploads\/2020\/09\/Klostergarten-300x61.png\" alt=\"\" width=\"300\" height=\"61\" srcset=\"https:\/\/amide.eu\/wp-content\/uploads\/2020\/09\/Klostergarten-300x61.png 300w, https:\/\/amide.eu\/wp-content\/uploads\/2020\/09\/Klostergarten.png 411w\" sizes=\"auto, (max-width: 300px) 100vw, 300px\" \/><\/td>\r\n<\/tr>\r\n<tr style=\"height: 24px;\">\r\n<td style=\"width: 50%; height: 24px;\"><strong>AWO Bildungscampus, Deutschland:<\/strong> Der AWO Bildungscampus ist ein modernes staatlich anerkanntes Berufsbildungswerk der Altenpflege sowie ein voll anerkannter Aus-, Fort- und Weiterbildungstr\u00e4ger im Sozial- und Gesundheitswesen. Das Personal von TheiInstitution besteht aus 22 Mitarbeitern. Die Institution arbeitet eng mit lokalen und regionalen Beh\u00f6rden sowie Interessenverb\u00e4nden zusammen. Es bietet jungen Menschen, Erwachsenen und Einwanderern einen sehr kurzen und effizienten Weg zum Arbeitsmarkt.<\/td>\r\n<td style=\"width: 50%; height: 24px;\"><strong>Haus am Klostergarten, Deutschland:<\/strong> Das Haus am Klostergarten wurde 1968 als bezirkliche Einrichtung gegr\u00fcndet. 1991 erfolgte ein umfangreicher Umbau und aus einem Alters- und Pflegeheim wurde daraus ein Wohn- und Pflegeheim mit 162 Betten. Das Geb\u00e4ude ist in 8 Bereiche aufgeteilt, wobei 22 Bewohner in einem Bereich leben. Das Haus am Klostergarten hat Erfahrung in der Betreuung von Menschen mit Demenz sowie Bewohnern mit Migrationshintergrund. Auch Mitarbeiter mit Migrationshintergrund arbeiten hier.<\/td>\r\n<\/tr>\r\n<tr style=\"height: 24px;\">\r\n<td style=\"width: 50%; height: 24px;\"><img loading=\"lazy\" decoding=\"async\" class=\"alignnone size-medium wp-image-118\" src=\"https:\/\/amide.eu\/wp-content\/uploads\/2020\/09\/LU-PSMK-logo-2-300x77.png\" alt=\"\" width=\"300\" height=\"77\" srcset=\"https:\/\/amide.eu\/wp-content\/uploads\/2020\/09\/LU-PSMK-logo-2-300x77.png 300w, https:\/\/amide.eu\/wp-content\/uploads\/2020\/09\/LU-PSMK-logo-2.png 312w\" sizes=\"auto, (max-width: 300px) 100vw, 300px\" \/><\/td>\r\n<td style=\"width: 50%; height: 24px;\"><img loading=\"lazy\" decoding=\"async\" class=\"alignnone size-medium wp-image-123\" src=\"https:\/\/amide.eu\/wp-content\/uploads\/2020\/09\/LU-PSMK-logo-2-1-300x77.png\" alt=\"\" width=\"300\" height=\"77\" srcset=\"https:\/\/amide.eu\/wp-content\/uploads\/2020\/09\/LU-PSMK-logo-2-1-300x77.png 300w, https:\/\/amide.eu\/wp-content\/uploads\/2020\/09\/LU-PSMK-logo-2-1.png 312w\" sizes=\"auto, (max-width: 300px) 100vw, 300px\" \/> <img loading=\"lazy\" decoding=\"async\" class=\"alignnone size-full wp-image-124\" src=\"https:\/\/amide.eu\/wp-content\/uploads\/2020\/09\/sac-logo-black.png\" alt=\"\" width=\"219\" height=\"27\" \/><\/td>\r\n<\/tr>\r\n<tr style=\"height: 24px;\">\r\n<td style=\"width: 50%; height: 24px; vertical-align: top;\"><strong> Stradins Medical College, Lettland<\/strong>: Das P. Stradins Medical College ist das Medical College der Universit\u00e4t von Lettland und eine Hochschule. Seit 1994 f\u00fchrt die Hochschule ein \u201eSocial Care\u201c-Programm durch, dessen Absolventen berufst\u00e4tige und gefragte Fachkr\u00e4fte im Bereich der Sozialf\u00fcrsorge sind. Das Studienprogramm \u201eSoziale Rehabilitation\u201c wurde 2006 gestartet. Das P. Stradins Medical College der Universit\u00e4t von Lettland arbeitet f\u00fcr die Entwicklung des Studienprozesses sehr eng mit Arbeitgebern und Berufsverb\u00e4nden zusammen.<\/td>\r\n<td style=\"width: 50%; height: 24px;\"><strong>Sozialzentrum Zemgale, Lettland: <\/strong> Das Sozialf\u00fcrsorgezentrum \u201eZemgale\u201d der Gebietsregierung von Ozolnieku bietet seinen Klienten langfristige soziale Betreuung und soziale Rehabilitation. Sie ist auf die Betreuung von Menschen mit Demenz spezialisiert. Das Zentrum hat zwei Sozialarbeiter, 4 Sozialbetreuer und 3 Sozialrehabilitatoren. Alle Sozialarbeiter haben eine h\u00f6here Berufsausbildung absolviert. Das soziale Betreuungszentrum \u201eZemgale\u201d der Gebietsregierung der Region Ozolnieku hat 132 Mitarbeiter und bietet 292 Klienten soziale Betreuung.<\/td>\r\n<\/tr>\r\n<\/tbody>\r\n<\/table>\r\n\r\n\r\n&nbsp;<!-- \/wp:post-content -->","protected":false},"excerpt":{"rendered":"<p>The partnership The 8 AMiDE project partners from Denmark, Germany, Italy and Latvia &#8211; Have been carefully chosen. They are representing four educational partners of different kinds from each of the abovementioned countries and 4 care-institutions from the same 4 countries. Based on previous very successful partnerships, where representatives from education were working together with [&hellip;]<\/p>","protected":false},"author":1,"featured_media":0,"parent":0,"menu_order":0,"comment_status":"closed","ping_status":"closed","template":"","meta":{"footnotes":""},"class_list":["post-64","page","type-page","status-publish","hentry"],"_links":{"self":[{"href":"https:\/\/amide.eu\/de\/wp-json\/wp\/v2\/pages\/64","targetHints":{"allow":["GET"]}}],"collection":[{"href":"https:\/\/amide.eu\/de\/wp-json\/wp\/v2\/pages"}],"about":[{"href":"https:\/\/amide.eu\/de\/wp-json\/wp\/v2\/types\/page"}],"author":[{"embeddable":true,"href":"https:\/\/amide.eu\/de\/wp-json\/wp\/v2\/users\/1"}],"replies":[{"embeddable":true,"href":"https:\/\/amide.eu\/de\/wp-json\/wp\/v2\/comments?post=64"}],"version-history":[{"count":27,"href":"https:\/\/amide.eu\/de\/wp-json\/wp\/v2\/pages\/64\/revisions"}],"predecessor-version":[{"id":645,"href":"https:\/\/amide.eu\/de\/wp-json\/wp\/v2\/pages\/64\/revisions\/645"}],"wp:attachment":[{"href":"https:\/\/amide.eu\/de\/wp-json\/wp\/v2\/media?parent=64"}],"curies":[{"name":"wp","href":"https:\/\/api.w.org\/{rel}","templated":true}]}}