{"id":524,"date":"2022-04-20T12:10:07","date_gmt":"2022-04-20T10:10:07","guid":{"rendered":"https:\/\/amide.eu\/?page_id=524"},"modified":"2022-04-20T12:49:56","modified_gmt":"2022-04-20T10:49:56","slug":"questions-modules","status":"publish","type":"page","link":"https:\/\/amide.eu\/de\/questions-modules\/","title":{"rendered":"Fragen zu den Modulen"},"content":{"rendered":"<p><span data-no-translation><\/p>\n<div class=\"translation-block\">\n<p><strong>Fragen zum Nachdenken<\/strong><\/p><p> <strong>Modul 1. \u00dcberlegungen zum Lernbedarf<\/strong><\/p><ol><li> Wer kann Menschen mit Demenz pflegen?<\/li><li> Welche Faktoren sollten bei der Pflege einer Person mit Demenz mit einem anderen ethnischen Hintergrund ber\u00fccksichtigt werden?<\/li><li> Wozu tr\u00e4gt Aufkl\u00e4rung \u00fcber die Betreuung von Menschen anderer ethnischer Herkunft bei?<\/li><li> Was bedeutet interkulturelle Kompetenz?<\/li><\/ol><p><strong>\u00a0<\/strong><\/p><p><strong>Modul 2. Die Geschichte unseres Lebens<\/strong><\/p><ol><li> Was ist existenzielle Kontinuit\u00e4t?<\/li><li> Wie wird die existentielle Kontinuit\u00e4t durch Demenz beeintr\u00e4chtigt?<\/li><\/ol><p><strong><u>\u00a0<\/u><\/strong><\/p><p><strong>Personzentrierte Ans\u00e4tze<\/strong><\/p><ol><li> Was ist Lebensgeschichtenarbeit?<\/li><li> Beschreiben Sie, wie sich die Sicht auf Demenz im letzten Jahrhundert ver\u00e4ndert hat.<\/li><li> Was sind die Faktoren, die den Zustand jeder Person nach dem personenzentrierten Ansatz beeinflussen?<\/li><li> Was ist das Hauptziel des Pflegeprozesses nach dem Gentlecare-Modell?<\/li><li> Was ist die Prothese im Gentlecare-Modell? Wie interagieren sie miteinander?<\/li><\/ol><p><strong>\u00a0<\/strong><\/p><p><strong>Demenz und Lebensgeschichte Arbeit<\/strong><\/p><ol><li> Wie kann Lebensgeschichtenarbeit den Aufbau einer tieferen Beziehung unterst\u00fctzen?<\/li><li> Warum ist es wichtig, mit der Lebensgeschichtenarbeit in den fr\u00fchen Stadien der Demenz zu beginnen?<\/li><li> Wie kann die Arbeit mit Lebensgeschichten die Wahrnehmung der Mitarbeiter gegen\u00fcber ihren Patienten beeinflussen?<\/li><li> Wie kann die Arbeit mit Lebensgeschichten die Beziehung zwischen Mitarbeitern und Familien verbessern?<\/li><\/ol><p><\/p><p> <strong>Lebensgeschichtenarbeit und Multiethnizit\u00e4t<\/strong><\/p><ol><li> Wie kann Lebensgeschichtenarbeit die Versorgung von Menschen unterschiedlicher Ethnizit\u00e4t verbessern? Machen Sie einige Beispiele.<\/li><li> Was sind die drei wichtigsten Dinge, auf die man achten sollte, wenn man mit Menschen unterschiedlicher Ethnien an Lebensgeschichten arbeitet?<\/li><\/ol><p><strong><u>\u00a0<\/u><\/strong><\/p><p><strong>Praktische Tipps: ein Lebensgeschichtsbuch<\/strong><\/p><ol><li> Arbeiten in Zweiergruppen. W\u00e4hlen Sie einen Ihrer Kollegen und zeichnen Sie eine Tabelle wie die folgende:<\/li><\/ol><p><\/p><table><tbody><tr><td width=\"217\"> <strong>Fragen<\/strong><\/td><td width=\"217\"> <strong>Erwartete Antwort<\/strong><\/td><td width=\"217\"> <strong>Tats\u00e4chliche Antwort<\/strong><\/td><\/tr><tr><td width=\"217\"> Nack, Nachname, Spitzname \u2026<\/td><td width=\"217\"><\/td><td width=\"217\"><\/td><\/tr><tr><td width=\"217\"> Herkunftsfamilie<\/td><td width=\"217\"><\/td><td width=\"217\"><\/td><\/tr><tr><td width=\"217\"> \u2026.<\/td><td width=\"217\"><\/td><td width=\"217\"><\/td><\/tr><\/tbody><\/table><p><\/p><p> Verwenden Sie die Fragen, die Sie im Fragebogen des Moduls finden, um die erste Spalte auszuf\u00fcllen. F\u00fcllen Sie die zweite Spalte mit den Antworten aus, die Sie erwarten.<\/p><p> Befragen Sie dann Ihren Kollegen und stellen Sie alle Fragen der Tabelle. Notieren Sie die Antworten in der dritten Spalte. Vergleichen Sie am Ende des Interviews die erwarteten Antworten mit den tats\u00e4chlichen. Welche Unterschiede kannst du sehen?<\/p><p><\/p><ol start=\"3\"><li> Gruppenarbeit. Besprechen Sie, wie Sie mit den folgenden Situationen in einem Pflegeheim umgehen w\u00fcrden. Glaubst du, du br\u00e4uchtest zus\u00e4tzliche Informationen \u00fcber diese Leute? Welche? Und wie w\u00fcrden Sie sie sammeln?<\/li><\/ol><p><\/p><ol><li> Dieser \u00e4ltere Mann aus Tunesien hat einen sehr milden Charakter, aber er isst kaum, was im Pflegeheim gekocht wird.<\/li><li> Diese \u00e4ltere Dame von einer kleinen Mittelmeerinsel ist immer schwarz gekleidet und wird sehr nerv\u00f6s, wenn sie Musik h\u00f6rt oder bei Feiern.<\/li><\/ol><p><\/p><ol start=\"4\"><li> Gruppenarbeit. Jeder Teilnehmer w\u00e4hlt einige Bilder aus (aus Zeitschriften), von denen er glaubt, dass sie ihn selbst und seine Vorlieben repr\u00e4sentieren (Arbeit, Sport, Freizeitaktivit\u00e4ten, Interessen usw.), und fertigt dann eine Collage mit ihnen an.<\/li><\/ol><p> Wenn alle Beteiligten mit der Arbeit fertig sind, werden die Collagen auf einen Tisch gelegt. Jeder w\u00e4hlt eine Collage aus, die von einem anderen Teilnehmer erstellt wurde, und erz\u00e4hlt, wie er sich um den Autor der Collage k\u00fcmmern w\u00fcrde, wenn er Pflege ben\u00f6tigt. Der Autor der Collage darf keine Vorschl\u00e4ge machen, aber am Ende k\u00f6nnte er\/sie sagen, ob er\/sie mit dem Vorschlag zufrieden ist.<\/p><p><strong>\u00a0<\/strong><\/p><p><strong>Modul 3. Die Wahrnehmung von Gesundheit und Krankheiten in verschiedenen Kulturen<\/strong><\/p><ol><li> Wie wird Demenz in \u00f6stlichen Kulturen als Krankheit wahrgenommen?<\/li><li> Wie wird Demenz in westlichen Kulturen als Krankheit wahrgenommen?<\/li><li> Worauf basiert Tom Kitwoods \u201eHuman-Centered Model\u201c?<\/li><li> Welche Aspekte deckt das Modell Moyra Jones Gentlecare ab?<\/li><\/ol><p><strong>\u00a0<\/strong><\/p><p><strong>Modul 4. Demenzformen<\/strong><\/p><ol><li> Definieren Sie den Begriff Demenz<\/li><li> Definiere vaskul\u00e4re Demenz<\/li><li> Beschreiben Sie die psychischen Ver\u00e4nderungen bei einer Person mit vaskul\u00e4rer Demenz.<\/li><li> Welche Form der Demenz macht sich zuerst durch Aphasie bemerkbar?<\/li><li> Welche Form der Demenz ist besonders anf\u00e4llig f\u00fcr die Nebenwirkungen von Neuroleptika?<\/li><li> Fassen Sie die Stadien der Alzheimer-Demenz zusammen<\/li><li> Bei welchen Demenzformen besteht ein erh\u00f6htes Sturzrisiko?<\/li><li> Welche Form der Demenz verl\u00e4uft anfangs ohne Ged\u00e4chtnisprobleme?<\/li><li> Welche Form der Demenz kann von Halluzinationen begleitet sein?<\/li><li> Welche besonderen Herausforderungen ergeben sich f\u00fcr Menschen mit Migrationshintergrund<\/li><\/ol><p> Wer entwickelt Demenz?<\/p><ol start=\"11\"><li> Nennen Sie Risikofaktoren der vaskul\u00e4ren Demenz<\/li><li> Wie hoch ist der Anteil der Parkinson-Patienten, die eine Demenz entwickeln k\u00f6nnen?<\/li><li> Nennen Sie die Ursachen des Korsakow-Syndroms<\/li><li> Was sind die Pflege- und Betreuungsanforderungen bei frontotemporaler Demenz?<\/li><li> Nennen Sie die Kernsymptome der Alzheimer-Krankheit.<\/li><li> Was passiert in den sp\u00e4ten Stadien der Alzheimer-Krankheit mit einer Person mit Demenz?<\/li><li> Was sind die h\u00e4ufigsten Einschr\u00e4nkungen oder St\u00f6rungen bei Demenz?<\/li><li> Was k\u00f6nnen die Symptome einer frontotemporalen Demenz sein?<\/li><\/ol><p><strong>\u00a0<\/strong><\/p><p><strong>Modul 5 Herausforderndes Verhalten verstehen<\/strong><\/p><ol><li> Erkl\u00e4ren Sie den Begriff \u201eherausforderndes Verhalten\u201c und beschreiben Sie einen Fall aus der Praxis, den Sie selbst erlebt haben.<ol><li> Was genau hat Sie am Verhalten der Person herausgefordert?<\/li><li> Beschreiben Sie m\u00f6gliche Gef\u00fchle und Impulse der Person, die Sie \u201eherausgefordert\u201c hat.<\/li><li> Welche Gef\u00fchle hat das Verhalten bei Ihnen ausgel\u00f6st?<\/li><\/ol><\/li><li> Nennen Sie m\u00f6gliche Ursachen f\u00fcr \u201eherausforderndes Verhalten\u201c<\/li><li> Was sind Schutzstromverfahren?<\/li><li> Was sind personenbezogene Abwertungen?<\/li><li> Erkl\u00e4ren Sie den Bed\u00fcrfniskonflikt bei \u201eherausforderndem Verhalten\u201c mit eigenen Worten.<\/li><li> Erkl\u00e4ren Sie, warum Menschen mit Migrationsgeschichte, die an Demenz leiden, sich in einer station\u00e4ren Einrichtung \u201ezweimal fremd\u201c f\u00fchlen.<\/li><li> Erkl\u00e4ren Sie den Begriff Agitation.<\/li><li> Wie kann das Verhalten von Pflegepersonen \u00fcberhaupt zu \u201eherausforderndem Verhalten\u201c f\u00fchren?<\/li><li> Anzeichen f\u00fcr die M\u00f6glichkeit herausfordernden Verhaltens bei Menschen mit Demenz.<\/li><li> Was sollten Pflegekr\u00e4fte tun, um provokatives Verhalten bei einer Person mit Demenz zu vermeiden?<\/li><\/ol><p><strong>\u00a0<\/strong><\/p><p><strong>Modul 6. Kommunikation mit Menschen anderer ethnischer Herkunft mit Demenz<\/strong><\/p><ol><li> Was sind die Rahmenbedingungen f\u00fcr die Pflege eines Menschen mit Demenz?<\/li><li> Wie wird die Kommunikation mit einem Menschen mit Demenz aufgebaut?<\/li><li> Was passiert mit der Kommunikation, wenn die Demenz fortschreitet?<\/li><li> Welche Faktoren werden in der verbalen Kommunikation mit Klienten mit Demenz beobachtet?<\/li><li> Was sind die Hindernisse bei der Kommunikation mit jemandem mit Demenz?<\/li><\/ol><p><strong>\u00a0<\/strong><\/p><p><strong>Modul 7. Nicht-pharmakologische Interventionen in einem multikulturellen Kontext<\/strong><\/p><ol><li> Der Zweck einer nicht-pharmakologischen Intervention?<\/li><li> Wie werden nicht-pharmakologische Interventionen nach Funktion klassifiziert?<\/li><li> Nennen Sie die h\u00e4ufigsten Formen der kognitiven Stimulation.<\/li><li> M\u00f6glichkeiten, trotziges Verhalten bei einer Person mit Demenz zu reduzieren.<\/li><li> Auswirkungen des Puppenspiels auf Demenz.<\/li><\/ol><p><strong>\u00a0<\/strong><\/p><p><strong>Modul 8. Zusammenarbeit mit den Angeh\u00f6rigen<\/strong><\/p><ol><li> Was ist der Schl\u00fcssel zur Kommunikation mit Angeh\u00f6rigen von Menschen mit Demenz?<\/li><li> Angeh\u00f6rige von Menschen mit Demenz glauben, dass Zukunftsprognosen ..<\/li><li> Auf welche Anzeichen sollte man achten, wenn man mit einer Person mit Demenz zusammenlebt?<\/li><li> Herausforderungen f\u00fcr Angeh\u00f6rige bei der Pflege eines Menschen mit Demenz.<\/li><li> Was ist die Pflegeunterst\u00fctzung f\u00fcr Angeh\u00f6rige einer Person mit Demenz?<\/li><\/ol><p> <strong>Modul 9. Wie entwickeln sich interkulturelle Kompetenzen und die Zusammenarbeit zwischen Hochschulen in einem multikulturellen Team?<\/strong><\/p><p> <strong>Warum sind interkulturelle Kompetenzen wichtig?<\/strong><\/p><ol><li> Gehen Sie auf die folgenden Themen ein und diskutieren Sie sie<\/li><\/ol><ul><li> Wo Sie die Menschen mit Demenz und die Pflegekr\u00e4fte finden, die Hilfe ben\u00f6tigen<\/li><li> Wie man die Bed\u00fcrfnisse und W\u00fcnsche der Menschen im Lichte unterschiedlicher Werte und Traditionen versteht<\/li><li> Wie Sie eine vertrauensvolle Beziehung aufbauen<\/li><li> Umgang mit Rassismus und Diskriminierung (insbesondere im Gesundheitswesen)<\/li><li> Wie man eine personenzentrierte Pflege durchf\u00fchrt<\/li><li> Umgang mit Sprach- und Bildungsbarrieren<\/li><li> Wie man die Pflege an religi\u00f6se \u00dcberzeugungen und Traditionen anpasst<\/li><\/ul><p><\/p><ol start=\"2\"><li> Welche Herausforderungen sehen Sie in den unterschiedlichen Beziehungstypen?<\/li><\/ol><ul><li> Ein B\u00fcrger mit ethnischem Hintergrund und ein Helfer mit dem Hintergrund des Landes<\/li><li> Ein B\u00fcrger mit dem Hintergrund des Landes und ein Helfer mit einem anderen ethnischen Hintergrund<\/li><li> Ein B\u00fcrger ethnischer Herkunft und ein Helfer einer anderen ethnischen Herkunft, die aufgrund der Gesetzgebung des Landes assistieren m\u00fcssen<\/li><\/ul><p> <strong>Definition \u201einterkulturelle Kompetenzen\u201c<\/strong><\/p><ol><li> Beschreiben Sie \u201eden beschreibenden Kulturbegriff\u201c<\/li><li> Beschreiben Sie \u201eden komplexen Kulturbegriff\u201c<\/li><li> Welche Bedeutung hat der von Ihnen verwendete Kulturbegriff f\u00fcr den B\u00fcrger?<\/li><li> Versuche, deine eigene Definition von Kultur zu machen<\/li><\/ol><p><\/p><p> <strong>Wie werden interkulturelle Kompetenzen entwickelt?<\/strong><\/p><h3><a name=\"_Toc72306628\"><\/a> Was braucht es?<\/h3><ol><li> Wie versteht Papadopoulos \u201ekulturelle Kompetenzen\u201c?<\/li><li> Welche Parameter sind enthalten?<\/li><li> Wie kompetent k\u00f6nnen Sie werden?<\/li><li> Welche Themen sollen enthalten sein?<\/li><\/ol><p><strong>\u00a0<\/strong><\/p><p><strong>Kommunikation<\/strong><\/p><ol><li> Erkl\u00e4ren Sie den Kommunikationsprozess<\/li><li> Was ist die Schwierigkeit interkultureller Kommunikation?<\/li><li> Was bedeutet gleichberechtigte Kommunikation?<\/li><\/ol><p><strong>\u00a0<\/strong><\/p><p><strong>Ethnozentrismus, Stereotype und Vorurteile<\/strong><\/p><ol><li> Erkl\u00e4ren und diskutieren Sie, was Ethnozentrismus ist<\/li><li> Wann k\u00f6nnen Stereotypen von Vorteil sein?<\/li><li> Wann sind Stereotypen sch\u00e4dlich?<\/li><li> Welche Klischees haben Ihrer Meinung nach andere Nationalit\u00e4ten \u00fcber Ihr Land?<\/li><li> Erkl\u00e4ren Sie, was ein Vorurteil ist.<\/li><\/ol><p><strong>\u00a0<\/strong><\/p><p><strong>Diskriminierung und Rassismus<\/strong><\/p><ol><li> Wer hat entschieden, dass man nicht diskriminieren darf?<\/li><li> Was braucht es, damit Rassismus entsteht?<\/li><li> Welche Formen von Rassismus kennen Sie? Nenne Beispiele<\/li><\/ol><p><strong>\u00a0<\/strong><\/p><p><strong>Kulturelle Identit\u00e4t<\/strong><\/p><ol><li> Was ist damit gemeint, dass kulturelle Identit\u00e4t \u201eein soziales Konstrukt\u201c ist?<\/li><li> Was ist in unserem Rucksack?<\/li><li> Welche Gemeinsamkeiten und Unterschiede gibt es im Inhalt?<\/li><\/ol><p><strong>\u00a0<\/strong><\/p><p><strong>Der B\u00fcrger mit einem anderen ethnischen Hintergrund<\/strong><\/p><ol><li> Lass dir weitere gute Fragen einfallen<\/li><li> Wie k\u00f6nnen Sie interkulturelle Kompetenzen in der Arbeit mit einem B\u00fcrger anderer Ethnie und mit Demenz f\u00f6rdern?<\/li><\/ol><p><strong>\u00a0<\/strong><\/p><p><strong>Zusammenarbeit in einem multikulturellen Team<\/strong><\/p><p> Besprechen Sie das Folgende in einer Gruppe<\/p><ol><li> Welche Erfahrungen haben Sie in der Arbeit mit Menschen mit einem anderen Hintergrund als Ihrem eigenen gemacht?<\/li><li> Finden Sie Themen, in denen Sie \u00e4hnlich sind und in denen Sie sich unterscheiden<\/li><\/ol><p><strong>\u00a0<\/strong><\/p><p><strong>Kommunikation<\/strong><\/p><ol><li> Haben Sie Probleme in der Kommunikation mit Menschen mit einem anderen Hintergrund als Ihrem eigenen erlebt?<\/li><li> Wie wurde es ausgedr\u00fcckt?<\/li><li> Wie hast du es gel\u00f6st oder hast du es gel\u00f6st?<\/li><\/ol><p><strong>\u00a0<\/strong><\/p><p><strong>Macht und Hierarchie<\/strong><\/p><ol><li> Haben Sie Kollegen erlebt, die sich in Gegenwart einer F\u00fchrungskraft ganz anders verhalten haben als Sie?<\/li><li> Haben Sie College-Leute mit einem anderen Hintergrund als Ihrem eigenen erlebt, die sich nie zu Wort melden oder an einer Diskussion teilnehmen?<\/li><li> Wie gehen Sie damit um?<\/li><\/ol><p><strong>\u00a0<\/strong><\/p><p><strong>Andere Etikette<\/strong><\/p><p> Haben Sie Unterschiede in der Einstellung zum Arbeitsplatz oder zur Zusammenarbeit erlebt?<\/p><p><strong>\u00a0<\/strong><\/p><p><strong>Die affektive Ebene<\/strong><\/p><ol><li> Wie empfinden Sie diese Unterschiede?<\/li><li> Wie k\u00f6nnen Sie untersuchen, warum Menschen mit einem anderen Hintergrund als Ihrem eigenen so handeln?<\/li><li> Wie k\u00f6nnen Sie Ihre eigenen Gef\u00fchle gegen\u00fcber anderen untersuchen?<\/li><li> Wie wirken sich all diese Gef\u00fchle auf die Teamarbeit aus?<\/li><\/ol><p><strong>\u00a0<\/strong><\/p><p><strong>Die Vorteile der Arbeit in einem multikulturellen Team<\/strong><\/p><ol><li> K\u00f6nnen Sie die genannten Vorteile erkennen?<\/li><li> Siehst du weitere Vorteile?<\/li><\/ol><p><strong>\u00a0<\/strong><\/p><p><strong>Allgemeine Fragen<\/strong><\/p><ol><li> Was sind die Voraussetzungen f\u00fcr interkulturelle Verst\u00e4ndigung?<\/li><li> Wozu dient interkulturelle Kompetenz?<\/li><li> Welche M\u00f6glichkeiten gibt es, interkulturelle Kompetenz bei gesundheitlichen Problemen zu verstehen?<\/li><li> Was sollte ein Pflegeteam tun, um die Aggression einer Person mit Demenz zu reduzieren?<\/li><li> Welche F\u00e4higkeiten k\u00f6nnen interkulturell kompetente Pflegekr\u00e4fte am besten erreichen?<\/li><\/ol><p><strong>\u00a0<\/strong><\/p><p><strong>Modul 10.<\/strong> <strong>Organisationsentwicklung<\/strong><\/p><p> <strong>Grundlegende Fragen zum Modul<\/strong><\/p><p> 1) Warum ist es notwendig, sich mit Fragen der Organisationsentwicklung auseinanderzusetzen, um die Betreuung und Betreuung von Menschen mit Demenz zu verbessern, die einen anderen kulturellen\/ethnischen Hintergrund haben als ihre Betreuer?<\/p><ol start=\"2\"><li> Welche Bereiche der Organisationsstruktur einer Pflegeeinrichtung \/ eines Pflegedienstes k\u00f6nnen in diesen Entwicklungsprozess einbezogen werden? Nenne Beispiele.<\/li><\/ol><p><\/p><p> <strong>Ablauf des Workshops<\/strong><\/p><p> Hinweis: Dieses Modul findet im Anschluss an die anderen Module statt. So k\u00f6nnen Aspekte, die die Organisationsentwicklung in den betroffenen Einrichtungen\/Diensten betreffen, bereits in den vorangegangenen Schulungen angesprochen worden sein. Beispielsweise h\u00e4tten im Modul \u201eNicht-pharmakologische Interventionen\u201c M\u00f6glichkeiten der individuellen, kultursensiblen Wohnraumgestaltung oder des Angebots bestimmter Speisen und Getr\u00e4nke erarbeitet werden k\u00f6nnen. So soll zum Beispiel ein Gebetsplatz eingerichtet werden und Anpassungen in der K\u00fcche (evtl. mit externen Lieferanten) sind notwendig. Im Workshop geht es nun darum, diese Handlungsbedarfe f\u00fcr die eigene Einrichtung zu identifizieren und erste Ideen zur Umsetzung zu entwickeln. In diesem Zusammenhang stellen sich folgende Fragestellungen, die in der Gruppe bearbeitet werden sollen.<\/p><ol><li> F\u00fcr welche Aspekte, die in den vorangegangenen Schulungen der Module angesprochen wurden, besteht \u00c4nderungsbedarf in den Organisationsstrukturen in unserer Einrichtung \/ unserem Dienst?<\/li><li> In welchen Bereichen unterst\u00fctzen die Organisationsstrukturen unserer Organisation bereits das Ziel einer erfolgreichen Versorgung von Menschen mit Demenz anderer kultureller \/ ethnischer Herkunft? (St\u00e4rkenanalyse)<\/li><li> In welchen Bereichen besteht noch Entwicklungsbedarf? (Schw\u00e4chenanalyse)<\/li><li> Was m\u00fcssen und k\u00f6nnen wir in unserer Organisation \u00e4ndern, um die \u201eF\u00f6rderung einer erfolgreichen Versorgung von Menschen mit Demenz mit einem anderen kulturellen\/ethnischen Hintergrund als ihre Betreuer\u201c zu erm\u00f6glichen?<\/li><li> Welche Strukturen in unserer Organisation sind von diesen Ver\u00e4nderungen betroffen?<\/li><li> Welche Personen \/ Abteilungen \/ Hierarchieebenen m\u00fcssen diesen Prozess unterst\u00fctzen und verantworten?<\/li><li> Was ist unser Ansatz?<\/li><li> Was ist meine Verantwortung?<\/li><li> Was sind die n\u00e4chsten Schritte?<\/li><\/ol><p><\/p><p> <strong>Allgemeine Fragen<\/strong><\/p><ol><li> Nennen Sie wichtige Tagespflegeangebote f\u00fcr Menschen mit Demenz aus ethnischen Minderheitengruppen.<\/li><li> Was sind die Pflegeherausforderungen bei der Erkennung von Demenz bei Menschen aus ethnischen Minderheitengruppen?<\/li><li> Einschr\u00e4nkungen des Zugangs zu sozialen Unterst\u00fctzungsdiensten f\u00fcr Menschen mit Demenz.<\/li><\/ol><p><\/p><p><\/p>\n<\/div>\n<p><\/span><\/p>","protected":false},"excerpt":{"rendered":"<p>Questions for Reflexion Module 1. Considerations on Learning Needs Who can take care of people with dementia? What factors should be considered when caring for a person with dementia with another ethnical background? What does education about caring for people with another ethnic backgrounds contribute to? What do intercultural competences mean? \u00a0 Module 2. The [&hellip;]<\/p>","protected":false},"author":1,"featured_media":0,"parent":0,"menu_order":0,"comment_status":"closed","ping_status":"closed","template":"","meta":{"footnotes":""},"class_list":["post-524","page","type-page","status-publish","hentry"],"_links":{"self":[{"href":"https:\/\/amide.eu\/de\/wp-json\/wp\/v2\/pages\/524","targetHints":{"allow":["GET"]}}],"collection":[{"href":"https:\/\/amide.eu\/de\/wp-json\/wp\/v2\/pages"}],"about":[{"href":"https:\/\/amide.eu\/de\/wp-json\/wp\/v2\/types\/page"}],"author":[{"embeddable":true,"href":"https:\/\/amide.eu\/de\/wp-json\/wp\/v2\/users\/1"}],"replies":[{"embeddable":true,"href":"https:\/\/amide.eu\/de\/wp-json\/wp\/v2\/comments?post=524"}],"version-history":[{"count":16,"href":"https:\/\/amide.eu\/de\/wp-json\/wp\/v2\/pages\/524\/revisions"}],"predecessor-version":[{"id":543,"href":"https:\/\/amide.eu\/de\/wp-json\/wp\/v2\/pages\/524\/revisions\/543"}],"wp:attachment":[{"href":"https:\/\/amide.eu\/de\/wp-json\/wp\/v2\/media?parent=524"}],"curies":[{"name":"wp","href":"https:\/\/api.w.org\/{rel}","templated":true}]}}