{"id":237,"date":"2020-03-10T14:00:39","date_gmt":"2020-03-10T13:00:39","guid":{"rendered":"https:\/\/amide.eu\/materials\/materials-module8-2\/"},"modified":"2022-05-30T11:25:21","modified_gmt":"2022-05-30T09:25:21","slug":"materials-reflection-tools","status":"publish","type":"page","link":"https:\/\/amide.eu\/de\/materials\/materials-reflection-tools\/","title":{"rendered":"Reflexionswerkzeuge"},"content":{"rendered":"<p><br \/>\n<\/p>\n\n<\/p>\n<p><strong>1. Checkliste<\/strong><br \/>\nAnhand dieser Checkliste k\u00f6nnen auf jeder Ebene des Organigramms in der Verwaltung und Dokumentation die aktivierten Daten \u00fcberpr\u00fcft werden.<\/p>\n<p><span style=\"font-size: 14pt;\"><a href=\"https:\/\/amide.eu\/wp-content\/uploads\/2022\/04\/Checkliste-Aufnahme-final.docx\" target=\"_blank\" rel=\"noopener\">Checkliste f\u00fcr die Pflege und Betreuung von Menschen mit Demenz und Migration<\/a><\/span><\/p>\n<p>&nbsp;<\/p>\n<p><strong>2. Patenschaften f\u00fcr pflegebed\u00fcrftige Menschen mit Demenz und Migrationsgeschichte.<\/strong><\/p>\n<p>Kern dieses Konzepts ist, dass ein Pate als direkter Ansprechpartner und \/ oder (Interessen-) Vertreter f\u00fcr einen pflegebed\u00fcrftigen Menschen in einer Pflegeeinrichtung stattfindet, der eine besondere Form der Unterst\u00fctzung in Bezug auf Menschen mit Demenz und Migrationsgeschichte ben\u00f6tigt.<\/p>\n<p><span style=\"font-size: 14pt;\"><a href=\"https:\/\/amide.eu\/wp-content\/uploads\/2022\/04\/AMiDE-Patenkonzept-final.pdf\" target=\"_blank\" rel=\"noopener\">Patent-Konzept<\/a><\/span><\/p>\n<p>&nbsp;<\/p>\n<p>","protected":false},"excerpt":{"rendered":"","protected":false},"author":1,"featured_media":0,"parent":66,"menu_order":0,"comment_status":"closed","ping_status":"closed","template":"","meta":{"footnotes":""},"class_list":["post-237","page","type-page","status-publish","hentry"],"_links":{"self":[{"href":"https:\/\/amide.eu\/de\/wp-json\/wp\/v2\/pages\/237","targetHints":{"allow":["GET"]}}],"collection":[{"href":"https:\/\/amide.eu\/de\/wp-json\/wp\/v2\/pages"}],"about":[{"href":"https:\/\/amide.eu\/de\/wp-json\/wp\/v2\/types\/page"}],"author":[{"embeddable":true,"href":"https:\/\/amide.eu\/de\/wp-json\/wp\/v2\/users\/1"}],"replies":[{"embeddable":true,"href":"https:\/\/amide.eu\/de\/wp-json\/wp\/v2\/comments?post=237"}],"version-history":[{"count":67,"href":"https:\/\/amide.eu\/de\/wp-json\/wp\/v2\/pages\/237\/revisions"}],"predecessor-version":[{"id":661,"href":"https:\/\/amide.eu\/de\/wp-json\/wp\/v2\/pages\/237\/revisions\/661"}],"up":[{"embeddable":true,"href":"https:\/\/amide.eu\/de\/wp-json\/wp\/v2\/pages\/66"}],"wp:attachment":[{"href":"https:\/\/amide.eu\/de\/wp-json\/wp\/v2\/media?parent=237"}],"curies":[{"name":"wp","href":"https:\/\/api.w.org\/{rel}","templated":true}]}}