{"id":2,"date":"2020-01-06T15:07:17","date_gmt":"2020-01-06T14:07:17","guid":{"rendered":"http:\/\/amide.eu\/?page_id=2"},"modified":"2022-02-10T13:55:53","modified_gmt":"2022-02-10T12:55:53","slug":"eksempel-side","status":"publish","type":"page","link":"https:\/\/amide.eu\/de\/","title":{"rendered":"Startseite"},"content":{"rendered":"<p><img loading=\"lazy\" decoding=\"async\" class=\"alignnone size-full wp-image-147\" src=\"https:\/\/amide.eu\/wp-content\/uploads\/2020\/09\/SR-Sandkaas-Plejecenter-credits.jpg\" alt=\"\" width=\"990\" height=\"614\" srcset=\"https:\/\/amide.eu\/wp-content\/uploads\/2020\/09\/SR-Sandkaas-Plejecenter-credits.jpg 990w, https:\/\/amide.eu\/wp-content\/uploads\/2020\/09\/SR-Sandkaas-Plejecenter-credits-300x186.jpg 300w, https:\/\/amide.eu\/wp-content\/uploads\/2020\/09\/SR-Sandkaas-Plejecenter-credits-768x476.jpg 768w\" sizes=\"auto, (max-width: 990px) 100vw, 990px\" \/><br \/>\n<br \/>\n<br \/>\n<br \/>\n<\/p>\n<h3><span class=\"s4\">AMIDE steht f\u00fcr: <\/span><span class=\"s4\">Ann\u00e4herung an Multiethnizit\u00e4t und Demenz in Bildung und Arbeit<\/span><\/h3>\n<p class=\"s3\"><span class=\"s2\">Demenz wird zu einer der Hauptursachen f\u00fcr die Abh\u00e4ngigkeit \u00e4lterer Menschen weltweit und\u00a0<\/span><span class=\"s2\">Die Zahl der an Demenz erkrankten und pflegebed\u00fcrftigen Menschen nimmt stetig zu. <\/span><\/p>\n<p class=\"s3\"><span class=\"s2\">In vielen c<\/span><span class=\"s2\">L\u00e4ndern in Europa verbindet sich diese Herausforderung mit der Herausforderung, mit Multikulturalit\u00e4t umzugehen und\u00a0<\/span><span class=\"s2\">Multiethnizit\u00e4t beim Pflegepersonal, bei den Bewohnern von Pflegeheimen und bei den zu Hause Pflegebed\u00fcrftigen \u2013 und bei deren Angeh\u00f6rigen.<\/span><\/p>\n<p class=\"s3\"><span class=\"s2\">Die Pflege von Menschen mit Demenz ist eine besondere Aufgabe, und die Pflege von Menschen mit Demenz, deren Hintergrund und ethnische Zugeh\u00f6rigkeit Sie nicht teilen, ist noch schwieriger.<\/span><span class=\"s2\"> Die Betreuer<\/span><span class=\"s2\"> haben keine besondere Ausbildung im Bereich der B\u00fcrger mit einer anderen Ethnie<\/span><span class=\"s2\"> zur\u00fcck<\/span><span class=\"s2\">an Demenz erkrankter Boden<\/span><span class=\"s2\">. <\/span><span class=\"s2\">Trotz der offensichtlichen Notwendigkeit, in den bestehenden Grundbildungen leider weder Umgang noch\u00a0<\/span><span class=\"s2\">multikulturell<\/span><span class=\"s2\"> Beziehungen noch Demenz haben einen hohen Stellenwert. <\/span><\/p>\n<h3 class=\"s7\"><span class=\"s6\">Die Ziele des Projekts<\/span><\/h3>\n<p><span class=\"s8\">\u2022 \u2022 <\/span><span class=\"s2\">Das \u00fcbergeordnete Ziel unseres Projekts ist es, zur Verbesserung der Kompetenzen zwischen beizutragen<\/span> <span class=\"s2\">Lehrer und Ausbilder, die sich um die Aus- und Weiterbildung von Personal der Grundversorgung und deren Verbesserung k\u00fcmmern<\/span> <span class=\"s2\">Kompetenzen professioneller Pflegekr\u00e4fte im Hinblick auf Multiethnizit\u00e4t\/Multikulturalit\u00e4t und<\/span> <span class=\"s2\">Demenz.<\/span> <span class=\"s8\">\u2022 \u2022 <\/span><span class=\"s2\">Ein weiteres Ziel ist es, die Zusammenarbeit zwischen Pflegearbeit und Pflege allgemein zu st\u00e4rken\u00a0<\/span><span class=\"s2\">Bildung, bauen neue Verbindungen auf und gr\u00fcnden neue permanente Foren.<\/span><\/p>\n<h3 class=\"s7\"><span class=\"s6\">Materialentwicklung im Projekt<\/span><\/h3>\n<p class=\"s3\"><span class=\"s2\">Das Projekt wird die folgenden grundlegenden Materialien entwickeln <\/span><span class=\"s2\">von Werkst\u00e4tten<\/span><span class=\"s2\"> und individuell <\/span><span class=\"s2\">Vorstellungsgespr\u00e4che<\/span><span class=\"s2\">:<\/span><\/p>\n<p class=\"s3\"><span class=\"s2\">Jedes Land wird t haben<\/span><span class=\"s2\">Beeindruckend<\/span><span class=\"s2\">Orkshops mit Vertretern aus Arbeit und Bildung zu Praktiken im Zusammenhang mit den Herausforderungen der Multiethnizit\u00e4t und Multikulturalit\u00e4t in der Pflege im Allgemeinen und mit besonderem Blick auf den Bereich Demenz. Die Werkst\u00e4tten<\/span><span class=\"s2\"> und Vorstellungsgespr\u00e4ch<\/span><span class=\"s2\"> wird einen Beitrag zur Entwicklung des Folgenden leisten <\/span><span class=\"s2\">Materialien<\/span><span class=\"s2\">.<\/span><span class=\"s2\"> (Es gibt wenig oder keine Literatur zum Thema Menschen mit Demenz und anderer ethnischer Herkunft<\/span><span class=\"s2\">)<\/span><\/p>\n<p><span class=\"s2\"> 1. Entwicklung eines Trainingsprogramms\/Trainingskurses\/Trainingsmaterials basierend auf den Ergebnissen <\/span><span class=\"s2\">der Werkst\u00e4tten u <\/span><span class=\"s2\">Vorstellungsgespr\u00e4che<\/span><span class=\"s2\"> und Entwicklung von a <\/span><span class=\"s2\">Lehrer\/Trainer<\/span><span class=\"s2\">&#039; f\u00fchren.<\/span> <span class=\"s2\">Entwicklung eines Reflexionstools f\u00fcr pflegende Angeh\u00f6rige.<\/span><\/p>\n<p>3. <span class=\"s2\">Produktion eines Videos, das das Bewusstsein, das Verst\u00e4ndnis und das Interesse an der Herausforderung der Multiethnizit\u00e4t im Pflegebereich und insbesondere die Herausforderungen im Zusammenhang mit Menschen mit Demenz und unterschiedlicher ethnischer Herkunft weckt.<\/span> 4. <span class=\"s2\">Die Einrichtung dauerhafter Foren\/Kan\u00e4le\/Verfahren stellt sicher, dass der Erfahrungsaustausch und die kontinuierliche Kommunikation zwischen Ausbildung und Arbeitsleben nicht mit dem Ende des Projekts enden, sondern als dauerhafte Aktivit\u00e4ten fortgef\u00fchrt werden.<\/span><\/p>\n<h3 class=\"s7\"><span class=\"s6\">Die Hauptzielgruppen von AMiDE sind:<\/span><\/h3>\n<p class=\"s3\"><span class=\"s2\">a) Lehrer, Ausbilder und Erzieher, die im Rahmen von Pflegeausbildungen unterrichten<\/span><\/p>\n<p class=\"s3\"><span class=\"s2\">b) Studierende an Pflegeausbildungen<\/span><\/p>\n<p class=\"s3\"><span class=\"s2\">C) <\/span><span class=\"s2\">C<\/span><span class=\"s2\">Geber<\/span><\/p>\n<p class=\"s3\"><span class=\"s2\">D) <\/span><span class=\"s2\">C<\/span><span class=\"s2\">sind Organisationsleiter, bei denen Mitarbeiter und\/oder Patienten\/Bewohner\/\u00e4ltere Menschen unterschiedlich sind<\/span><span class=\"s2\">ethnische Hintergr\u00fcnde.<\/span> <span class=\"s2\">Aber auch andere Gruppen werden von den Ergebnissen und Produkten dieses Projekts profitieren: Angeh\u00f6rige von<\/span> <span class=\"s2\">\u00e4ltere Menschen mit einem anderen ethnischen Hintergrund, insbesondere \u2013 aber nicht nur \u2013 wenn sie darunter leiden<\/span> <span class=\"s2\">Demenz, Freiwillige in der Altenarbeit und nat\u00fcrlich die \u00e4lteren Menschen selbst.<\/span><\/p>\n<p><br \/>\n<\/p>","protected":false},"excerpt":{"rendered":"","protected":false},"author":1,"featured_media":8,"parent":0,"menu_order":0,"comment_status":"closed","ping_status":"open","template":"","meta":{"footnotes":""},"class_list":["post-2","page","type-page","status-publish","has-post-thumbnail","hentry"],"_links":{"self":[{"href":"https:\/\/amide.eu\/de\/wp-json\/wp\/v2\/pages\/2","targetHints":{"allow":["GET"]}}],"collection":[{"href":"https:\/\/amide.eu\/de\/wp-json\/wp\/v2\/pages"}],"about":[{"href":"https:\/\/amide.eu\/de\/wp-json\/wp\/v2\/types\/page"}],"author":[{"embeddable":true,"href":"https:\/\/amide.eu\/de\/wp-json\/wp\/v2\/users\/1"}],"replies":[{"embeddable":true,"href":"https:\/\/amide.eu\/de\/wp-json\/wp\/v2\/comments?post=2"}],"version-history":[{"count":39,"href":"https:\/\/amide.eu\/de\/wp-json\/wp\/v2\/pages\/2\/revisions"}],"predecessor-version":[{"id":499,"href":"https:\/\/amide.eu\/de\/wp-json\/wp\/v2\/pages\/2\/revisions\/499"}],"wp:featuredmedia":[{"embeddable":true,"href":"https:\/\/amide.eu\/de\/wp-json\/wp\/v2\/media\/8"}],"wp:attachment":[{"href":"https:\/\/amide.eu\/de\/wp-json\/wp\/v2\/media?parent=2"}],"curies":[{"name":"wp","href":"https:\/\/api.w.org\/{rel}","templated":true}]}}