{"id":179,"date":"2020-03-10T14:00:39","date_gmt":"2020-03-10T13:00:39","guid":{"rendered":"https:\/\/amide.eu\/activitties-2\/"},"modified":"2020-03-10T14:00:39","modified_gmt":"2020-03-10T13:00:39","slug":"activitties-2","status":"publish","type":"page","link":"https:\/\/amide.eu\/de\/activitties-2\/","title":{"rendered":"Aktivit\u00e4ten"},"content":{"rendered":"<div class=\"translation-block\">\n<h3 class=\"s4\"><span class=\"s2\">1)<\/span> <span class=\"s2\">Workshops in D\u00e4nemark. Lettland, Italien und Deutschland<\/span><\/h3><p><\/p><h4> <strong><span class=\"s5\">Vorbereitung auf die Workshops<\/span><\/strong><\/h4><p> <span class=\"s6\">Die erste Aufgabe in dem Projekt<\/span> <span class=\"s6\">war<\/span> <span class=\"s6\">f\u00fcr<\/span> <span class=\"s6\">t<\/span> <span class=\"s6\">wo<\/span> <span class=\"s6\">Workshops<\/span> <span class=\"s6\">Tag<\/span> <span class=\"s6\">s in jedem teilnehmenden Land<\/span> mit <span class=\"s6\">Vertretern aus Bildung (Lehrer \/ Trainer<\/span> <span class=\"s6\">s) und Pflegeorganisationen <span class=\"s6\">(Pflegende)<\/span><\/span> <span class=\"s6\"><span class=\"s6\">vorzubereiten.<\/span> Die Partner bereiteten sich auf zwei Arten auf die Workshops vor: Schreibtischrecherche und Interviews<\/span><\/p><div class=\"s8\"> <span class=\"s7\">\u2022<\/span> <span class=\"s6\">Forschung i<\/span> <span class=\"s6\">nto derzeitige Praktiken<\/span> im <span class=\"s6\">Zusammenhang mit \u00e4lteren Menschen mit einem anderen ethnischen Hintergrund<\/span> <span class=\"s6\">und<\/span> das <span class=\"s6\">Leiden von<\/span> <span class=\"s6\"><span class=\"s6\">Demenz.<\/span><\/span><\/div><div class=\"s8\"> <span class=\"s7\">\u2022<\/span> <span class=\"s6\">Jeder Partner hat<\/span> <span class=\"s6\">6-10 Interviews mit Betreuer, Manager bei Pflegeheimen und \u00e4ltere<\/span> <span class=\"s6\">Menschen<\/span> <span class=\"s6\">und \/ oder deren Angeh\u00f6rige zu sammeln konkrete Beispiele f\u00fcr c<\/span> <span class=\"s6\">ERAUSFORDERUNGEN im Bereich der<\/span> <span class=\"s6\">\u00e4lteren Menschen mit einer anderen ethnischen Hintergrund an Demenz<\/span> <span class=\"s6\">haben<\/span> <span class=\"s6\">die<\/span> <span class=\"s6\">L\u00f6sungen<\/span> , die <span class=\"s6\">sie<\/span> <span class=\"s6\">versucht, und Probleme, die<\/span> <span class=\"s6\">sie<\/span> <span class=\"s6\">identifiziert hatten.<\/span><\/div><p class=\"s9\"> <span class=\"s6\">Alle Partner dies trotz einer langen Reihe von Schwierigkeiten aufgrund Covid 19. Ac<\/span> <span class=\"s6\">ross<\/span> <span class=\"s6\">erreicht haben<\/span> <span class=\"s6\">die teilnehmenden Nationen,<\/span> <span class=\"s6\">machte<\/span> <span class=\"s6\">ich<\/span> <span class=\"s6\">mit<\/span> den <span class=\"s6\">zust\u00e4ndigen Fachleuten aller Art<\/span> <span class=\"s6\"><span class=\"s6\">wie<\/span><\/span> <span class=\"s6\">Kulturvermittler, m<\/span> <span class=\"s6\">anagers, Krankenschwestern, Pflegepersonal und einem Linguisten<\/span> <span class=\"s6\">haben<\/span> <span class=\"s6\">nterviews<\/span> <span class=\"s6\">worden<\/span> <span class=\"s6\">.<\/span> <span class=\"s6\">Dar\u00fcber hinaus wurden<\/span> <span class=\"s6\">Verwandte<\/span> <span class=\"s6\">befragt<\/span> <span class=\"s6\">.<\/span> <span class=\"s6\">Das Feedback aus den Interviews gab die Partner Einblick in<\/span> <span class=\"s6\">die Herausforderungen im Bereich der Einwanderer f<\/span> <span class=\"s6\">rom Demenz und die<\/span> <span class=\"s6\">Schwierigkeiten<\/span> <span class=\"s6\">in<\/span> der <span class=\"s6\">Zusammenarbeit mit ihren Familien <span class=\"s6\">leiden.<\/span><\/span><\/p><p> <span class=\"s6\">D<\/span> <span class=\"s6\">ie Personen f\u00fcr das Interview<\/span> <span class=\"s6\">s<\/span> <span class=\"s6\">wurden<\/span> <span class=\"s6\">mit der Absicht<\/span> <span class=\"s6\">ausgew\u00e4hlt<\/span> , um <span class=\"s6\">einen umfassenden Einblick in dem Projekt Thema zu erhalten.<\/span> <span class=\"s6\">Die <span class=\"s6\">Interviews,<\/span><\/span> <span class=\"s6\">zusammen mit der <span class=\"s6\">Sekund\u00e4rforschung,<\/span><\/span> <span class=\"s6\">bildeten die Grundlage f\u00fcr die Workshop<\/span> - <span class=\"s6\">Tage.<\/span><\/p><h4 class=\"s11\"> <span class=\"s10\">Die Workshops<\/span><\/h4><p> <span class=\"s6\">Das Ziel der w<\/span> <span class=\"s6\"><span class=\"s6\">orkshops,<\/span><\/span> <span class=\"s6\">in allen teilnehmenden L\u00e4ndern <span class=\"s6\">statt,<\/span><\/span> <span class=\"s6\">war<\/span> <span class=\"s6\">bew\u00e4hrte Verfahren<\/span> <span class=\"s6\">zu<\/span> <span class=\"s6\">ermitteln<\/span> <span class=\"s6\">und<\/span> <span class=\"s6\">blinden Flecken und fehlende Verbindungen<\/span> <span class=\"s6\">in der Zusammenarbeit zwischen Arbeitsleben (Pflegeheime) und Bildung (Bildungseinrichtungen Erziehung und Ausbildung Pflegende)<\/span> <span class=\"s6\">zu <span class=\"s6\">identifizieren.<\/span><\/span> <span class=\"s6\">Dies<\/span> <span class=\"s6\">f\u00fchrte<\/span> <span class=\"s6\">zur Identifizierung von Elementen und Verfahren, die Notwendigkeit<\/span> , <span class=\"s6\">sowie die Identifizierung von Elementen und Verfahren<\/span> <span class=\"s6\">verst\u00e4rkt werden<\/span> , <span class=\"s6\">dass<\/span> <span class=\"s6\">ed<\/span> <span class=\"s6\">m\u00fcssen<\/span> <span class=\"s6\">verbessert werden<\/span> , <span class=\"s6\">Ed<\/span> <span class=\"s6\">und<\/span> in <span class=\"s6\">denen Ma\u00dfnahmen ergriffen werden m\u00fcssen. Dies bezieht sich sowohl auf die Pflegeeinrichtungen als auch auf die Bildungseinrichtungen und die Zusammenarbeit zwischen ihnen.<\/span><\/p><p class=\"s9\"> <span class=\"s6\">Einige der teilnehmenden Partner haben es geschafft, die Workshops vor dem Ausbruch von Covid 19 in Europa durchzuf\u00fchren. Dies war in D\u00e4nemark und Lettland der Fall<\/span> <span class=\"s6\">.<\/span> <span class=\"s6\">In Italien und Deutschland wurde ein Teil der Workshop-Aktivit\u00e4ten<\/span> <span class=\"s6\">jedoch<\/span> <span class=\"s6\">als Online-Veranstaltung durchgef\u00fchrt.<\/span><\/p><p class=\"s9\"> <span class=\"s6\">Das<\/span> <span class=\"s6\">Ergebnis aus den Werkst\u00e4tten unterscheiden<\/span> sich <span class=\"s6\">f<\/span> <span class=\"s6\">rom Land zu Land<\/span> <span class=\"s6\">ed<\/span> <span class=\"s6\">SINC<\/span> <span class=\"s6\">die Bedingungen sind sehr unterschiedlich <span class=\"s6\">E:<\/span><\/span> <span class=\"s6\">Italien, Deutschland und D\u00e4nemark viele Einwanderer aus nicht-westlichen L\u00e4ndern haben, wo<\/span> , <span class=\"s6\">wie<\/span> <span class=\"s6\">Lettland eine gro\u00dfe minori<\/span> <span class=\"s6\">ty Gruppe von Russen<\/span> <span class=\"s6\"><span class=\"s6\">hat,<\/span><\/span> <span class=\"s6\">die<\/span> <span class=\"s6\">nicht sprechen Lettisch<\/span> <span class=\"s6\">.<\/span> <span class=\"s6\">Eine<\/span> <span class=\"s6\">nother gro\u00dfe Herausforderung<\/span> <span class=\"s6\">in<\/span> <span class=\"s6\"><span class=\"s6\">Lettland,<\/span><\/span> <span class=\"s6\">ist ein allgemeiner Mangel<\/span> <span class=\"s6\">an Wissen \u00fcber Demenz<\/span> <span class=\"s6\">nicht nur<\/span> <span class=\"s6\">unter<\/span> den <span class=\"s6\">Menschen im Allgemeinen<\/span> , <span class=\"s6\">sondern auch bei den<\/span> <span class=\"s6\"><span class=\"s6\">Profis.<\/span><\/span><\/p><h4 class=\"s11\"> <span class=\"s10\">Das Ergebnis der Workshops<\/span> <span class=\"s10\">- einige Beispiele<\/span><\/h4><p class=\"s12\"> <span class=\"s6\">A<\/span> <span class=\"s6\">lle Partner<\/span> sind sich <span class=\"s6\">einig<\/span> , <span class=\"s6\">dass es<\/span> <span class=\"s6\">notwendig<\/span> <span class=\"s6\">ist<\/span> , <span class=\"s6\">die Person<\/span> , <span class=\"s6\">die Lebensgeschichte zu kennen<\/span> , <span class=\"s6\">um personalisierte Betreuung und dass<\/span> der <span class=\"s6\">Mangel an Sprache<\/span> <span class=\"s6\">bei einigen Personen<\/span> <span class=\"s6\">an Demenz leiden<\/span> , <span class=\"s6\">ist eine <span class=\"s6\">Herausforderung.<\/span><\/span> <span class=\"s6\">Mangel an F\u00e4higkeit<\/span> , <span class=\"s6\">mit einer Person mit Demenz kommunizieren kann<\/span> <span class=\"s6\">entweder<\/span> , <span class=\"s6\">weil<\/span> <span class=\"s6\">die Person nie<\/span> <span class=\"s6\">l<\/span> <span class=\"s6\">anguage<\/span> <span class=\"s6\">im neuen Land oder weil die F\u00e4higkeit zu sprechen w<\/span> <span class=\"s6\">als<\/span> <span class=\"s6\">verloren<\/span> <span class=\"s6\">als Folge von Demenz <span class=\"s6\">gelernt.<\/span><\/span><\/p><p class=\"s12\"> <span class=\"s6\">Immer mehr Partner halten<\/span> <span class=\"s6\">Vorurteile<\/span> <span class=\"s6\">f\u00fcr eine Herausforderung. Es<\/span> <span class=\"s6\">scheint<\/span> <span class=\"s6\">in allen Gruppen vorhanden zu sein: unter den Bewohnern, unter den<\/span> <span class=\"s6\">Mitarbeitern und Verwandten und unter den Mitarbeitern selbst<\/span> <span class=\"s6\">.<\/span><\/p><p class=\"s12\"> <span class=\"s6\">Mehr Partner stellten<\/span> <span class=\"s6\">fest, dass die Angeh\u00f6rigen<\/span> <span class=\"s6\">zu<\/span> <span class=\"s6\">wenig \u00fcber Demenz<\/span> <span class=\"s6\">wissen<\/span> <span class=\"s6\">oder<\/span> <span class=\"s6\">die Krankheit anders<\/span> <span class=\"s6\">wahrnehmen<\/span> <span class=\"s6\">. Dar\u00fcber hinaus haben die Angeh\u00f6rigen kein Verst\u00e4ndnis daf\u00fcr, wie die verschiedenen Gesundheitssysteme funktionieren und welche<\/span> <span class=\"s6\">Hilfe und Unterst\u00fctzung<\/span> <span class=\"s6\">sie erwarten k\u00f6nnen.<\/span> <span class=\"s6\">Fina<\/span> <span class=\"s6\">lly<\/span> <span class=\"s6\">noch <span class=\"s6\">wichtig,<\/span><\/span> <span class=\"s6\">in<\/span> der <span class=\"s6\">Kultur vieler Verwandten ist es individuelle Betreuung der alten Menschen<\/span> <span class=\"s6\">in der Familie<\/span> <span class=\"s6\">zu Hause zu nehmen<\/span> <span class=\"s6\">und nicht in einer Institution.<\/span> <span class=\"s6\">Es<\/span> <span class=\"s6\">wird als<\/span> <span class=\"s6\">besch\u00e4mend angesehen, Ihre Lieben der \u00f6ffentlichen Obhut zu \u00fcbergeben.<\/span><\/p><p class=\"s12\"> <span class=\"s6\">Die Verwandten m\u00fcssen Informationen in ihrer eigenen Sprache<\/span> <span class=\"s6\">und<\/span> <span class=\"s6\">das ist<\/span> <span class=\"s6\">in<\/span> den <span class=\"s6\">meisten L\u00e4ndern fehlt<\/span><\/p><p class=\"s12\"> <span class=\"s6\">Die staf<\/span> <span class=\"s6\">f<\/span> in <span class=\"s6\">Bezug<\/span> auf <span class=\"s6\">ist der prominenteste Herausforderung<\/span> , <span class=\"s6\">dass einige<\/span> <span class=\"s6\"><span class=\"s6\">Wanderversorgung<\/span><\/span> <span class=\"s6\">Arbeitnehmer<\/span> <span class=\"s6\">ungelernte sind und dass einige von ihnen <span class=\"s6\">nicht<\/span><\/span> <span class=\"s6\">beherrschen die<\/span> <span class=\"s6\"><span class=\"s6\">Landessprache<\/span> <span class=\"s6\">angemessen.<\/span><\/span> <span class=\"s6\">Im Gegensatz dazu ist es von<\/span> <span class=\"s6\">Vorteil, ausgebildete<\/span> <span class=\"s6\">Mitarbeiter<\/span> <span class=\"s6\">zu haben<\/span> <span class=\"s6\">, die die Kultur und die Sprache der Person mit Demenz kennen<\/span><\/p><h4 class=\"s4\"> <span class=\"s2\">2)<\/span> <span class=\"s2\">Entwicklung eines Schulungsmaterials basierend auf den Ergebnissen der Workshops in D\u00e4nemark. Lettland, Italien und Deutschland<\/span><\/h4><p class=\"s9\"> <span class=\"s6\">Die Ergebnisse aus den Workshops<\/span> , <span class=\"s6\">dass<\/span> <span class=\"s6\">wer<\/span> <span class=\"s6\">e<\/span> <span class=\"s6\">in allen <span class=\"s6\">Partnerl\u00e4ndern<\/span><\/span> <span class=\"s6\">gehalten<\/span> <span class=\"s6\">wird die Grundlage des zweiten<\/span> <span class=\"s6\">Projekts<\/span> <span class=\"s6\">activi<\/span> <span class=\"s6\">ty<\/span> <span class=\"s6\">sein<\/span> , <span class=\"s6\">das Schulungsmaterial<\/span> , <span class=\"s6\">um<\/span> <span class=\"s6\">zu entwickeln<\/span> , <span class=\"s6\">ist<\/span> <span class=\"s6\">die Bildung und Ausbildung<\/span> <span class=\"s6\">zu<\/span> <span class=\"s6\">verbessern - und die Kompetenzen<\/span> <span class=\"s6\">-<\/span> <span class=\"s6\">der Betreuer<\/span> <span class=\"s6\"><span class=\"s6\">s.<\/span><\/span><\/p><p class=\"s9\"> <span class=\"s6\">Die Partner arbeiten daran, die f\u00fcr den Unterricht relevanten Themen zu finden. Der deutsche Partner<\/span> <span class=\"s6\">AWO<\/span> <span class=\"s6\">hat eine Vorlage mit den ersten Themen erstellt und<\/span> <span class=\"s6\">die anderen Partner haben<\/span> <span class=\"s6\">ihre Vorschl\u00e4ge<\/span> <span class=\"s6\">hinzugef\u00fcgt<\/span> <span class=\"s6\">. Bisher<\/span> <span class=\"s6\">die<\/span> <span class=\"s6\">vorgeschlagenen<\/span> <span class=\"s6\">Themen<\/span> <span class=\"s6\">f\u00fcr das Schulungsmaterial<\/span><a name=\"_GoBack\"><\/a> <span class=\"s6\">sind:<\/span><\/p><div class=\"s14\"> <span class=\"s7\">\u2022<\/span> <span class=\"s13\">\u00dcberlegungen zu Lernbed\u00fcrfnissen<\/span><\/div><div class=\"s14\"> <span class=\"s7\">\u2022<\/span> <span class=\"s13\">Arten von Demenz und die Auswirkungen auf das Verhalten<\/span><\/div><div class=\"s14\"> <span class=\"s7\">\u2022<\/span> <span class=\"s13\">Umgang mit herausforderndem Verhalten<\/span><\/div><div class=\"s14\"> <span class=\"s7\">\u2022<\/span> <span class=\"s13\">Biografische Arbeit und die Arbeit mit Verwandten<\/span><\/div><div class=\"s14\"> <span class=\"s7\">\u2022<\/span> <span class=\"s13\">Grundkenntnisse: \u00dcberzeugungen und Kultur<\/span> <span class=\"s13\">.<\/span><\/div><div class=\"s14\"> <span class=\"s7\">\u2022<\/span> <span class=\"s13\">Workshop zur Entwicklung von Referenzmaterial zu anderen Kulturen<\/span><\/div><div class=\"s14\"> <span class=\"s7\">\u2022<\/span> <span class=\"s13\">Aufgaben zur Organisation der Institution<\/span><\/div><div class=\"s14\"> <span class=\"s7\">\u2022<\/span> <span class=\"s13\">Kommunikation.<\/span><\/div><div class=\"s14\"> <span class=\"s7\">\u2022<\/span> <span class=\"s13\">Unsere eigene Sprache<\/span><\/div><div class=\"s14\"> <span class=\"s7\">\u2022<\/span> <span class=\"s13\">Sprachliche und kommunikative F\u00e4higkeiten<\/span><\/div><div class=\"s14\"> <span class=\"s7\">\u2022<\/span> <span class=\"s13\">Zusammenarbeit mit den Verwandten.<\/span><\/div><div class=\"s14\"> <span class=\"s7\">\u2022<\/span> <span class=\"s13\">Wie man interkulturelle Kompetenzen entwickelt<\/span><\/div><div class=\"s14\"> <span class=\"s7\">\u2022<\/span> <span class=\"s13\">Zusammenarbeit zwischen Hochschulen<\/span><\/div><div class=\"s14\"> <span class=\"s7\">\u2022<\/span> <span class=\"s13\">Nicht-pharmakologische Interventionen<\/span><\/div><p class=\"s15\"> <span class=\"s13\">Die<\/span> <span class=\"s13\">beiden<\/span> <span class=\"s13\">d\u00e4nischen<\/span> <span class=\"s13\">Partner<\/span> <span class=\"s13\">und die deutsche<\/span> <span class=\"s13\">Partner AWO<\/span> <span class=\"s13\">am <span class=\"s16\">24.<\/span><\/span> <span class=\"s13\"><span class=\"s13\">September 2020<\/span> <span class=\"s13\">(teilweise)<\/span><\/span> <span class=\"s13\">erf\u00fcllte<\/span> <span class=\"s13\">Vorschl\u00e4ge f\u00fcr die Unterrichtsmaterialien<\/span> <span class=\"s13\">zu<\/span> <span class=\"s13\">entwickeln. Wir h\u00e4tten uns alle<\/span> <span class=\"s13\">getroffen,<\/span> <span class=\"s13\">wenn es m\u00f6glich gewesen w\u00e4re, aber wir m\u00fcssen erneut die Einschr\u00e4nkungen aufgrund von Covid 19 respektieren<\/span><\/p><p class=\"s9\">\n<\/div>","protected":false},"excerpt":{"rendered":"<p>1) Workshops in D\u00e4nemark. Lettland, Italien und Deutschland Vorbereitung auf die Workshops Die erste Aufgabe des Projekts bestand darin, sich auf zwei Workshop-Tage in jedem teilnehmenden Land mit Vertretern aus Bildung (Lehrer \/ Ausbilder) und Pflegeorganisationen (Betreuer) vorzubereiten. Die Partner bereiteten sich auf zwei Arten auf die Workshops vor: Schreibtischrecherche und Interviews \u2022 Erforschung der aktuellen [\u2026]<\/p>","protected":false},"author":1,"featured_media":0,"parent":0,"menu_order":0,"comment_status":"closed","ping_status":"closed","template":"","meta":{"footnotes":""},"class_list":["post-179","page","type-page","status-publish","hentry"],"_links":{"self":[{"href":"https:\/\/amide.eu\/de\/wp-json\/wp\/v2\/pages\/179","targetHints":{"allow":["GET"]}}],"collection":[{"href":"https:\/\/amide.eu\/de\/wp-json\/wp\/v2\/pages"}],"about":[{"href":"https:\/\/amide.eu\/de\/wp-json\/wp\/v2\/types\/page"}],"author":[{"embeddable":true,"href":"https:\/\/amide.eu\/de\/wp-json\/wp\/v2\/users\/1"}],"replies":[{"embeddable":true,"href":"https:\/\/amide.eu\/de\/wp-json\/wp\/v2\/comments?post=179"}],"version-history":[{"count":0,"href":"https:\/\/amide.eu\/de\/wp-json\/wp\/v2\/pages\/179\/revisions"}],"wp:attachment":[{"href":"https:\/\/amide.eu\/de\/wp-json\/wp\/v2\/media?parent=179"}],"curies":[{"name":"wp","href":"https:\/\/api.w.org\/{rel}","templated":true}]}}