{"id":129,"date":"2020-09-23T12:40:00","date_gmt":"2020-09-23T10:40:00","guid":{"rendered":"https:\/\/amide.eu\/?page_id=129"},"modified":"2022-05-18T14:31:46","modified_gmt":"2022-05-18T12:31:46","slug":"press-news","status":"publish","type":"page","link":"https:\/\/amide.eu\/de\/press-news\/","title":{"rendered":"Presse &amp; News"},"content":{"rendered":"<!-- Added by Post\/Page specific custom CSS plugin, thank you for using! -->\n<style>img{border:0;vertical-align:baseline;margin:0;padding:0}body{position:relative;font:normal 15px\/1.8em 'SF UI Text', 'Helvetica Neue', arial, sans-serif;margin:0;padding:0;text-align:center;background-color:#f4f4f4}h1{font-size:3em;font-weight:200;line-height:1.4em;margin:1.25em auto 0.25em;padding:0;max-width:80%}h2,h3{font-weight:200}a{color:#d73c2c}a:hover{color:#ff6651}p{margin-bottom:2em}code{background-color:#fff;border:1px solid #eee;border-radius:2px;padding:2px 4px}.demo-return-link{background-color:#fff;color:#3498db;padding:4px 7px;font-size:13px;border-radius:3px;box-shadow:0 1px 2px rgba(0,0,0,0.15);text-decoration:none}.demo-return-link:hover{color:#217dbb}.carbon-img{position:absolute;left:10px;top:10px;display:block}.carbon-img>img{background-color:#ddd}.carbon-text{padding:5px 0;display:block;color:#333;text-decoration:none}.carbon-poweredby{font-size:0.9em;display:block;margin-top:0.5em;color:#333;text-decoration:none}.carbon-ad-container{position:absolute;right:20px;bottom:20px}#carbonads{padding:120px 8px 8px 10px;box-shadow:0 1px 1px rgba(0,0,0,0.4);background-color:rgba(255,255,255,0.5);border-radius:4px;margin:0 auto;max-width:130px;min-height:105px;font-size:12px;line-height:1.5em;margin-top:0;position:relative}@media (max-width: 600px){.carbon-ad-container{right:0;left:0;bottom:15px}#carbonads{padding:4px 4px 4px 150px;text-align:left;margin-top:0;font-size:11px}.carbon-img{left:7px;top:7px}}.highlight .hll{background-color:#ffc}.highlight .c{color:#999988;font-style:italic}.highlight .err{color:#a61717;background-color:#e3d2d2}.highlight .k{color:#000000;font-weight:bold}.highlight .o{color:#745598;font-weight:bold}.highlight .cm{color:#999988;font-style:italic}.highlight .cp{color:#999999;font-weight:bold;font-style:italic}.highlight .c1{color:#999988;font-style:italic}.highlight .cs{color:#999999;font-weight:bold;font-style:italic}.highlight .gd{color:#000000;background-color:#fdd}.highlight .ge{color:#000000;font-style:italic}.highlight .gr{color:#a00}.highlight .gh{color:#999}.highlight .gi{color:#000000;background-color:#dfd}.highlight .go{color:#888}.highlight .gp{color:#555}.highlight .gs{font-weight:bold}.highlight .gu{color:#aaa}.highlight .gt{color:#a00}.highlight .k{color:#745598}.highlight .kc{color:#000000;font-weight:bold}.highlight .kd{color:#745598;font-weight:bold}.highlight .kn{color:#000000;font-weight:bold}.highlight .kp{color:#000000;font-weight:bold}.highlight .kr{color:#000000;font-weight:bold}.highlight .kt{color:#445588;font-weight:bold}.highlight .m{color:#099}.highlight .s{color:#d01040}.highlight .na{color:teal}.highlight .nb{color:#0086B3}.highlight .nc{color:#445588;font-weight:bold}.highlight .no{color:teal}.highlight .nd{color:#3c5d5d;font-weight:bold}.highlight .ni{color:purple}.highlight .ne{color:#990000;font-weight:bold}.highlight .nf{color:#990000;font-weight:bold}.highlight .nl{color:#990000;font-weight:bold}.highlight .nn{color:#555}.highlight .nt{color:navy}.highlight .nx{color:#304054}.highlight .nv{color:teal}.highlight .ow{color:#000000;font-weight:bold}.highlight .w{color:#bbb}.highlight .mf{color:#099}.highlight .mh{color:#099}.highlight .mi{color:#099}.highlight .mo{color:#099}.highlight .sb{color:#d01040}.highlight .sc{color:#d01040}.highlight .sd{color:#d01040}.highlight .s2{color:#d01040}.highlight .se{color:#d01040}.highlight .sh{color:#d01040}.highlight .si{color:#d01040}.highlight .sx{color:#d01040}.highlight .sr{color:#009926}.highlight .s1{color:#d01040}.highlight .ss{color:#990073}.highlight .bp{color:#999}.highlight .vc{color:teal}.highlight .vg{color:teal}.highlight .vi{color:teal}.highlight .il{color:#099}.demo-area{width:100%}.demo-section-header{margin-top:2em;margin-bottom:1em}.demo-description{text-align:left;margin:2em 10%}.a-way{width:50%;margin:0;padding:0;float:left}.item{display:inline-block;background-color:#fff;width:120px;height:120px;border-radius:5px;margin:10px}.wrong-item{box-shadow:0 1px 2px rgba(0,0,0,0.15);transition:all .6s cubic-bezier(0.165, 0.84, 0.44, 1)}.wrong-item:hover,.wrong-item:active{box-shadow:0 5px 15px rgba(0,0,0,0.3);transform:scale(1.25, 1.25)}.demo-section-description{color:#888;font-size:13px}.correct-item{box-shadow:0 1px 2px rgba(0,0,0,0.15);position:relative;border-radius:5px;-webkit-transform:translateY(0);transition:all .6s cubic-bezier(0.165, 0.84, 0.44, 1)}.correct-item:after{content:\"\";border-radius:5px;position:absolute;top:0;left:0;width:100%;height:100%;box-shadow:0 5px 15px rgba(0,0,0,0.3);opacity:0;transition:all .6s cubic-bezier(0.165, 0.84, 0.44, 1)}.correct-item:hover:after{opacity:1}.correct-item:hover{transform:scale(1.25, 1.25)}<\/style>\n<p>&nbsp;<\/p>\n<h5 style=\"text-align: left;\"><span style=\"color: #222222;\"><span style=\"background-color: #e9ebec;\"><b>Nachricht:<\/b><\/span><\/span><\/h5>\n<p style=\"text-align: left;\">W\u00e4hrend der Projektlaufzeit erstellten die Partner in ihren Landessprachen kleine Brosch\u00fcren und Flyer, die bei verschiedenen Gelegenheiten verwendet wurden, um AMiDE bekannt zu machen. Dar\u00fcber hinaus wurde am Ende des Projekts ein Newsletter ver\u00f6ffentlicht, der die erzielten Ergebnisse zusammenfasst.<\/p>\n<div class=\"correct-wrapper item-wrapper\" style=\"text-align: left;\">\n<p><a href=\"https:\/\/amide.eu\/wp-content\/uploads\/2022\/05\/brochure-amide_.pdf\" target=\"_blank\" rel=\"noopener\"><img loading=\"lazy\" decoding=\"async\" class=\"src= wp-image-601 size-full alignleft correct-item item\" src=\"https:\/\/amide.eu\/wp-content\/uploads\/2022\/05\/broch1.png\" alt=\"\" width=\"300\" height=\"219\" srcset=\"https:\/\/amide.eu\/wp-content\/uploads\/2022\/05\/broch1.png 300w, https:\/\/amide.eu\/wp-content\/uploads\/2022\/05\/broch1-16x12.png 16w\" sizes=\"auto, (max-width: 300px) 100vw, 300px\" \/><\/a><br \/>\n<a href=\"https:\/\/amide.eu\/wp-content\/uploads\/2022\/05\/Pjece-om-AMiDE.pdf\" target=\"_blank\" rel=\"noopener\"><img loading=\"lazy\" decoding=\"async\" class=\"alignleft correct-item item\" src=\"https:\/\/amide.eu\/wp-content\/uploads\/2022\/05\/broch2-150x150.png\" alt=\"\" width=\"163\" height=\"177\" \/><\/a><a href=\"https:\/\/amide.eu\/wp-content\/uploads\/2022\/05\/Programma-evento-AMIDE-1.pdf\" target=\"_blank\" rel=\"noopener\"><img decoding=\"async\" class=\"alignleft correct-item item\" src=\"https:\/\/amide.eu\/wp-content\/uploads\/2022\/05\/broch3.png\" alt=\"\" width=\"200\"  \/><\/a><\/p>\n<h5><a href=\"https:\/\/amide.eu\/wp-content\/uploads\/2022\/05\/AMiDE-Newsletter-March-2022-de-kopi-1.pdf\" target=\"_blank\" rel=\"noopener\"><img loading=\"lazy\" decoding=\"async\" class=\"alignnone correct-item item\" src=\"https:\/\/amide.eu\/wp-content\/uploads\/2022\/05\/newsletter1.png\" alt=\"\" width=\"216\" height=\"160\" \/><\/a><\/h5>\n<\/div>\n<p>&nbsp;<\/p>\n<h5 style=\"text-align: left;\"><span style=\"color: #222222;\"><span style=\"background-color: #e9ebec;\">Dr\u00fccken Sie:<\/span><\/span><\/h5>\n<p style=\"text-align: left;\">Hier k\u00f6nnen Sie das Logo herunterladen-<a href=\"https:\/\/amide.eu\/wp-content\/uploads\/2020\/09\/logo_AMiDE.zip\">Grafiken f\u00fcr den Druck<\/a> (zip) und siehe unten eine Pressemitteilung:<\/p>\n<p style=\"text-align: left;\">Ann\u00e4herung an Multiethnizit\u00e4t und Demenz in Bildung und Arbeit ist ein Erasmus+ Projekt. Es ist eine Kooperation zwischen Deutschland, Italien, Lettland und D\u00e4nemark und eine Bildungseinrichtung und eine Betreuungseinrichtung aus jedem Land vertreten die Partner. Unsere Gesellschaften werden immer multiethnischer und auch Menschen mit einem anderen Hintergrund als die Mehrheit werden alt und manche demenzkrank. Daher ist es notwendig, die Kompetenzen von Lehrern, Trainern und Betreuern in Bezug auf Demenz und Multikulturalit\u00e4t zu verbessern. Die Partner werden ein Schulungsprogramm, ein Reflexionstool und ein kleines Video entwickeln, um das Bewusstsein f\u00fcr das Verst\u00e4ndnis von Multiethnizit\u00e4t im Pflegesektor und insbesondere f\u00fcr die Herausforderungen im Zusammenhang mit Menschen mit Demenz und unterschiedlichem ethnischen Hintergrund zu sch\u00e4rfen Kontext mit Fokus auf Multikulturalit\u00e4t ist die Grundlage f\u00fcr die kontinuierliche Entwicklung neuer pers\u00f6nlicher und beruflicher F\u00e4higkeiten, eine bessere Betreuung von Menschen mit einem anderen Hintergrund und eine bessere Zusammenarbeit mit ihren Angeh\u00f6rigen<\/p>\n<p style=\"text-align: left;\"><a href=\"https:\/\/amide.eu\/wp-content\/uploads\/2020\/09\/logo_AMiDE.zip\"><img loading=\"lazy\" decoding=\"async\" class=\"wp-image-134 alignleft\" src=\"https:\/\/amide.eu\/wp-content\/uploads\/2020\/09\/Mimetypes-zip-icon-300x300.png\" alt=\"\" width=\"87\" height=\"87\" srcset=\"https:\/\/amide.eu\/wp-content\/uploads\/2020\/09\/Mimetypes-zip-icon-300x300.png 300w, https:\/\/amide.eu\/wp-content\/uploads\/2020\/09\/Mimetypes-zip-icon-150x150.png 150w, https:\/\/amide.eu\/wp-content\/uploads\/2020\/09\/Mimetypes-zip-icon.png 512w\" sizes=\"auto, (max-width: 87px) 100vw, 87px\" \/><\/a><\/p>\n<p style=\"text-align: left;\">","protected":false},"excerpt":{"rendered":"<p>&nbsp; News: During the project period, the partners made in their national languages small brochures and flyers, which were used on various occasions to spread awareness of AMiDE. In addition, at the end of the project, a Newsletter was published summarizing the results obtained. &nbsp; Press: Here you can download logo-graphics for print (zip)\u00a0 and [&hellip;]<\/p>","protected":false},"author":1,"featured_media":0,"parent":0,"menu_order":0,"comment_status":"closed","ping_status":"closed","template":"","meta":{"footnotes":""},"class_list":["post-129","page","type-page","status-publish","hentry"],"_links":{"self":[{"href":"https:\/\/amide.eu\/de\/wp-json\/wp\/v2\/pages\/129","targetHints":{"allow":["GET"]}}],"collection":[{"href":"https:\/\/amide.eu\/de\/wp-json\/wp\/v2\/pages"}],"about":[{"href":"https:\/\/amide.eu\/de\/wp-json\/wp\/v2\/types\/page"}],"author":[{"embeddable":true,"href":"https:\/\/amide.eu\/de\/wp-json\/wp\/v2\/users\/1"}],"replies":[{"embeddable":true,"href":"https:\/\/amide.eu\/de\/wp-json\/wp\/v2\/comments?post=129"}],"version-history":[{"count":59,"href":"https:\/\/amide.eu\/de\/wp-json\/wp\/v2\/pages\/129\/revisions"}],"predecessor-version":[{"id":659,"href":"https:\/\/amide.eu\/de\/wp-json\/wp\/v2\/pages\/129\/revisions\/659"}],"wp:attachment":[{"href":"https:\/\/amide.eu\/de\/wp-json\/wp\/v2\/media?parent=129"}],"curies":[{"name":"wp","href":"https:\/\/api.w.org\/{rel}","templated":true}]}}