{"id":66,"date":"2020-03-10T14:00:39","date_gmt":"2020-03-10T13:00:39","guid":{"rendered":"https:\/\/amide.eu\/?page_id=66"},"modified":"2022-06-03T13:06:08","modified_gmt":"2022-06-03T11:06:08","slug":"materials","status":"publish","type":"page","link":"https:\/\/amide.eu\/da\/materials\/","title":{"rendered":"Materialer"},"content":{"rendered":"<p><span style=\"font-size: 14pt;\">AMiDE-materialet best\u00e5r af fire dele:<\/span><\/p>\n<p><span style=\"font-size: 14pt;\">A. Ti moduler med undervisningsmateriale om demens og andre kulturer <\/span><br \/>\n<span style=\"font-size: 14pt;\">B. Refleksions-v\u00e6rkt\u00f8jer<br \/>\n<\/span><span style=\"font-size: 14pt;\">C: En l\u00e6rervejledning<br \/>\nD: Videoer om at give god omsorg til borgere med demens og anden kulturel baggrund<\/span><\/p>\n<p><span style=\"font-size: 14pt;\" data-no-translation=\"\">A:<\/span><\/p>\n<p><a href=\"https:\/\/amide.eu\/wp-content\/uploads\/2021\/10\/1.-modul-Introduktion-DK-2-R.pdf\" target=\"_blank\" rel=\"noopener\"><span style=\"font-size: 14pt;\">Modul 1: Introduktion: Overvejelser om l\u00e6ringsbehov<\/span><\/a><\/p>\n<p><span style=\"font-size: 14pt;\"><a href=\"https:\/\/amide.eu\/wp-content\/uploads\/2021\/10\/2-Module-The-importance-of-life-history-rev-REV-DK.pdf\" target=\"_blank\" rel=\"noopener\">Modul 2: Livshistoriens betydning<\/a><\/span><\/p>\n<p><span style=\"font-size: 14pt;\"><a href=\"https:\/\/amide.eu\/wp-content\/uploads\/2021\/10\/3-Health-in-a-cross-cultural-perspectiveREV-DK-DK.pdf\" target=\"_blank\" rel=\"noopener\">Modul 3: Opfattelsen af sundhed og sygdomme p\u00e5 tv\u00e6rs af kulturer<\/a><\/span><\/p>\n<p><span style=\"font-size: 14pt;\"><a href=\"https:\/\/amide.eu\/wp-content\/uploads\/2021\/10\/4.-Former-for-demens-DK.pdf\" target=\"_blank\" rel=\"noopener\">Modul 4: Demensformer, deres virkninger p\u00e5 kognition og konsekvenser for adf\u00e6rd<\/a><\/span><\/p>\n<p><span style=\"font-size: 14pt;\"><a href=\"https:\/\/amide.eu\/wp-content\/uploads\/2021\/10\/5.-Understanding-challenging-behaviour-9343-1DK.pdf\" target=\"_blank\" rel=\"noopener\">Modul 5: Forst\u00e5else af udfordrende adf\u00e6rd<\/a><\/span><\/p>\n<p><span style=\"font-size: 14pt;\"><a href=\"https:\/\/amide.eu\/wp-content\/uploads\/2021\/10\/6-communication-other-background-DK.pdf\" target=\"_blank\" rel=\"noopener\">Modul 6: Kommunikation med personer fra anden etnisk baggrund med demens<\/a><\/span><\/p>\n<p><span style=\"font-size: 14pt;\"><a href=\"https:\/\/amide.eu\/wp-content\/uploads\/2021\/10\/7-Non-pharmacological-approaches-REV-DK.pdf\" target=\"_blank\" rel=\"noopener\">Modul 7: Non-farmakologiske interventioner i en multikulturel kontekst<\/a><\/span><\/p>\n<p><span style=\"font-size: 14pt;\"><a href=\"https:\/\/amide.eu\/wp-content\/uploads\/2021\/10\/8-COLLABORATION-WITH-RELATIVES-OF-PERSONS-WITH-DEMENTIA-AND-ANOTHER-ETHNIC-BACKGROUND-DK.pdf\" target=\"_blank\" rel=\"noopener\">Modul 8: Samarbejde med de p\u00e5r\u00f8rende<\/a><\/span><\/p>\n<p><span style=\"font-size: 14pt;\"><a href=\"https:\/\/amide.eu\/wp-content\/uploads\/2021\/10\/9.-Hvordan-udvikles-interkulturel-kompetence-Rev.-030821-Kopi-DK.pdf\" target=\"_blank\" rel=\"noopener\">Modul 9: Hvordan udvikles interkulturel kompetence og samarbejde i et multikulturelt team<\/a><\/span><\/p>\n<p><span style=\"font-size: 14pt;\"><a href=\"https:\/\/amide.eu\/wp-content\/uploads\/2021\/10\/10-Task-for-organizing-the-care-institution-9344-DK.pdf\" target=\"_blank\" rel=\"noopener\">Modul 10: Opgaver til organisering af omsorgsinstitutionen<\/a><\/span><\/p>\n<p><span style=\"font-size: 14pt;\" data-no-translation=\"\">B:<\/span><\/p>\n<p><span style=\"font-size: 14pt;\">Refleksion<\/span><br \/>\n<span style=\"font-size: 14pt;\"><a href=\"https:\/\/amide.eu\/da\/questions-modules\/\" target=\"_blank\" rel=\"noopener\">Sp\u00f8rgsm\u00e5l til modulerne<\/a><\/span><br \/>\n \t<span style=\"font-size: 14pt;\"><a href=\"https:\/\/amide.eu\/da\/materials\/materials-reflection-tools\/\" target=\"_blank\" rel=\"noopener\">Refleksionsv\u00e6rkt\u00f8jer<\/span><\/a><\/span><\/p>\n<p><span style=\"font-size: 14pt;\" data-no-translation=\"\">C:<\/span><\/p>\n<p><a href=\"https:\/\/amide.eu\/wp-content\/uploads\/2022\/04\/DK-Laerervejledning-.pdf\" target=\"_blank\" rel=\"noopener\"><span style=\"font-size: 14pt;\">L\u00e6rervejledning<\/span><\/a><\/p>\n<p><span style=\"font-size: 14pt;\" data-no-translation=\"\">D:<\/span><\/p>\n<p><a href=\"https:\/\/amide.eu\/da\/awareness-videos\/\" target=\"_blank\" rel=\"noopener\"><span style=\"font-size: 14pt;\">Videoer om at yde god omsorg til borgere med demens og anden kulturel baggrund<\/span><\/a><\/p>\n<p>&nbsp;<\/p>","protected":false},"excerpt":{"rendered":"<p>AMiDE-materialet best\u00e5r af fire dele: A. Ti moduler med l\u00e6ringsmateriale om demens og andre kulturer B. Refleksionsv\u00e6rkt\u00f8jer C: A L\u00e6rervejledning D: Videoer om at give god omsorg til borgere med demens og anden kulturel baggrund A: Modul 1: Introduktion : Overvejelser om l\u00e6ringsbehov Modul 2: Betydningen af livshistorien [\u2026]<\/p>","protected":false},"author":1,"featured_media":0,"parent":0,"menu_order":0,"comment_status":"closed","ping_status":"closed","template":"","meta":{"footnotes":""},"class_list":["post-66","page","type-page","status-publish","hentry"],"_links":{"self":[{"href":"https:\/\/amide.eu\/da\/wp-json\/wp\/v2\/pages\/66","targetHints":{"allow":["GET"]}}],"collection":[{"href":"https:\/\/amide.eu\/da\/wp-json\/wp\/v2\/pages"}],"about":[{"href":"https:\/\/amide.eu\/da\/wp-json\/wp\/v2\/types\/page"}],"author":[{"embeddable":true,"href":"https:\/\/amide.eu\/da\/wp-json\/wp\/v2\/users\/1"}],"replies":[{"embeddable":true,"href":"https:\/\/amide.eu\/da\/wp-json\/wp\/v2\/comments?post=66"}],"version-history":[{"count":50,"href":"https:\/\/amide.eu\/da\/wp-json\/wp\/v2\/pages\/66\/revisions"}],"predecessor-version":[{"id":664,"href":"https:\/\/amide.eu\/da\/wp-json\/wp\/v2\/pages\/66\/revisions\/664"}],"wp:attachment":[{"href":"https:\/\/amide.eu\/da\/wp-json\/wp\/v2\/media?parent=66"}],"curies":[{"name":"wp","href":"https:\/\/api.w.org\/{rel}","templated":true}]}}