{"id":64,"date":"2020-03-10T14:00:08","date_gmt":"2020-03-10T13:00:08","guid":{"rendered":"https:\/\/amide.eu\/?page_id=64"},"modified":"2022-05-10T06:48:57","modified_gmt":"2022-05-10T04:48:57","slug":"partners","status":"publish","type":"page","link":"https:\/\/amide.eu\/da\/partners\/","title":{"rendered":"Partnere"},"content":{"rendered":"<h3>Partnerskabet<\/h3>\r\nDe 8 AMiDE-projektpartnere fra Danmark, Tyskland, Italien og Letland \u2013 er n\u00f8je udvalgt. De repr\u00e6senterer fire uddannelsespartnere af forskellig art fra hvert af de ovenn\u00e6vnte lande og 4 plejeinstitutioner fra de samme 4 lande.\r\n\r\n<img loading=\"lazy\" decoding=\"async\" class=\"alignnone size-full wp-image-144 multiple-borders\" src=\"https:\/\/amide.eu\/wp-content\/uploads\/2020\/09\/AMiDE-Faellesfoto-scaled.jpg\" alt=\"\" width=\"900\" height=\"600\" srcset=\"https:\/\/amide.eu\/wp-content\/uploads\/2020\/09\/AMiDE-Faellesfoto-scaled.jpg 2560w, https:\/\/amide.eu\/wp-content\/uploads\/2020\/09\/AMiDE-Faellesfoto-300x200.jpg 300w, https:\/\/amide.eu\/wp-content\/uploads\/2020\/09\/AMiDE-Faellesfoto-1024x683.jpg 1024w, https:\/\/amide.eu\/wp-content\/uploads\/2020\/09\/AMiDE-Faellesfoto-768x512.jpg 768w, https:\/\/amide.eu\/wp-content\/uploads\/2020\/09\/AMiDE-Faellesfoto-1536x1024.jpg 1536w, https:\/\/amide.eu\/wp-content\/uploads\/2020\/09\/AMiDE-Faellesfoto-2048x1365.jpg 2048w\" sizes=\"auto, (max-width: 900px) 100vw, 900px\" \/>\r\n\r\nDet nationale samarbejde berigede det internationale samarbejde og omvendt, og denne konstruktion skaber gode betingelser for vellykkede projektresultater. Et andet kriterium for projektet var at have et partnerskab med en mangfoldighed af f\u00e6rdigheder og kompetencer.\nProjektets startm\u00f8de fandt sted i Aarhus, Danmark 26. + 27. november 2019 med deltagelse af repr\u00e6sentanter fra alle 8 partnere.\r\n<table style=\"border-collapse: collapse; width: 100%; height: 696px;\">\r\n<tbody>\r\n<tr style=\"height: 150px;\">\r\n<td style=\"width: 50%; height: 150px;\"><img loading=\"lazy\" decoding=\"async\" class=\"alignnone size-full wp-image-120\" src=\"https:\/\/amide.eu\/wp-content\/uploads\/2020\/09\/SOSU-Oestjylland-300x150-1.jpg\" alt=\"\" width=\"300\" height=\"150\" \/><\/td>\r\n<td style=\"width: 50%; height: 150px;\"><img loading=\"lazy\" decoding=\"async\" class=\"alignnone size-full wp-image-114\" src=\"https:\/\/amide.eu\/wp-content\/uploads\/2020\/09\/DCAa-Logo-300x150-1.jpg\" alt=\"\" width=\"300\" height=\"150\" \/><\/td>\r\n<\/tr>\r\n<tr style=\"height: 276px;\">\r\n<td style=\"width: 50%; height: 276px;\"><strong>SOSU \u00d8stjylland, Danmark: <\/strong> SOSU \u00d8stjylland er den n\u00e6stst\u00f8rste social- og sundhedsh\u00f8jskole i Danmark. Det tilbyder forskellige uddannelsesprogrammer \u2013 samt supplerende uddannelse af uddannede medarbejdere \u2013 til social- og sundhedsinstitutioner for \u00e6ldre og handicappede og for hospitaler og psykiatri. Kollegiet uddanner ogs\u00e5 personale til b\u00f8rnepasningsinstitutioner og har 150 fuldtidsansatte, der d\u00e6kker omkring 110 p\u00e6dagogiske medarbejdere. I 2016 havde h\u00f8jskolen mere end 800 fuldtidsstuderende, og omkring 2.000 professionelle plejere deltog i kortere eller l\u00e6ngere efteruddannelsesforl\u00f8b. Eleverne er i alderen 15 til 60 \u00e5r og har mere end 50 forskellige etiske og kulturelle baggrunde. H\u00f8jskolen tilbyder s\u00e6rlige p\u00e6dagogiske introduktionsprogrammer for indvandrere og flygtninge.<\/td>\r\n<td style=\"width: 50%; height: 276px;\"><strong>DemensCentrum Aarhus Danmark: <\/strong> Demenscenter Aarhus \u2013 DCA \u2013 repr\u00e6senterer Aarhus MSO (Magistraten for Sundhed og Omsorg), som har ansvaret for \u00e6ldrepleje og sundhed i Aarhus Kommune. Her arbejder omkring 7.000 mennesker med at yde hj\u00e6lp og omsorg til \u00e6ldre og svage. mennesker af enhver afstamning og for at sikre, at kommunens borgere lever et sundt liv Arbejdsstyrken omfatter en bred vifte af forskellige \u00e6ldre med forskellig etnisk og kulturel baggrund Demenscenter Aarhus (DCA) er en h\u00f8jt specialiseret enhed i kommunen d. Aarhus og den d\u00e6kker alle aspekter for mennesker, der besk\u00e6ftiger sig med demens DCA tilbyder professionel hj\u00e6lp til alle de lokale plejehjem i Aarhus Kommune DCA har beboere, der har demens, og som har en anden etnicitet.<\/td>\r\n<\/tr>\r\n<tr style=\"height: 150px;\">\r\n<td style=\"width: 50%; height: 150px;\"><img loading=\"lazy\" decoding=\"async\" class=\"alignnone wp-image-152 size-medium\" src=\"https:\/\/amide.eu\/wp-content\/uploads\/2020\/09\/GIOVANI-VALDARNO-logo-sm-300x147.jpg\" alt=\"\" width=\"300\" height=\"147\" srcset=\"https:\/\/amide.eu\/wp-content\/uploads\/2020\/09\/GIOVANI-VALDARNO-logo-sm-300x147.jpg 300w, https:\/\/amide.eu\/wp-content\/uploads\/2020\/09\/GIOVANI-VALDARNO-logo-sm-768x375.jpg 768w, https:\/\/amide.eu\/wp-content\/uploads\/2020\/09\/GIOVANI-VALDARNO-logo-sm.jpg 900w\" sizes=\"auto, (max-width: 300px) 100vw, 300px\" \/><\/td>\r\n<td style=\"width: 50%; height: 150px;\"><img loading=\"lazy\" decoding=\"async\" class=\"alignnone size-full wp-image-119\" src=\"https:\/\/amide.eu\/wp-content\/uploads\/2020\/09\/martelli.png\" alt=\"\" width=\"228\" height=\"98\" \/><\/td>\r\n<\/tr>\r\n<tr style=\"height: 24px;\">\r\n<td style=\"width: 50%; height: 24px;\"><strong>Giovani Valdarno, Italien: <\/strong> Giovani Valdarno er et socialt kooperativ, der arbejder inden for uddannelse, b\u00f8rnepasning og \u00e6ldrepleje. Det administrerer erhvervsuddannelsesprogrammer, hovedsagelig henvendt til arbejdstagere inden for det sociale omr\u00e5de, og adskillige formelle og uformelle uddannelsesprojekter for b\u00f8rn og mennesker med s\u00e6rlige uddannelsesm\u00e6ssige behov. Derudover driver virksomheden to plejehjem, to daginstitutioner og \u00e6ldrehjemmepleje. Giovani Valdarno arbejder sammen med flere offentlige institutioner. De deltager i \u00f8jeblikket i tre lokale offentlige\/private ledelsesteams (uafh\u00e6ngigt liv for handicappede, Alzheimer-dagpleje og jobtr\u00e6ning for d\u00e5rligt stillede). Virksomheden har 215 arbejdsgivere, og 90% af dem er kvinder.<\/td>\r\n<td style=\"width: 50%; height: 24px; vertical-align: top;\"><strong>Asp Martelli, Italien<\/strong>: Asp Martelli er et plejehjem etableret i begyndelsen af 1900. Det er en offentlig virksomhed beliggende i provinsen Firenze, og tager sig af de \u00e6ldre. Der er 91 medarbejdere, som hver dag arbejder i t\u00e6t kontakt med de \u00e6ldre. Her bor i alt 110 mennesker. Den yngste beboer er 60 \u00e5r og den \u00e6ldste er 102 \u00e5r.<\/td>\r\n<\/tr>\r\n<tr style=\"height: 24px;\">\r\n<td style=\"width: 50%; height: 24px;\"><img loading=\"lazy\" decoding=\"async\" class=\"alignnone wp-image-116\" src=\"https:\/\/amide.eu\/wp-content\/uploads\/2020\/09\/logo_awo-300x257.png\" alt=\"\" width=\"240\" height=\"225\" \/><\/td>\r\n<td style=\"width: 50%; height: 24px; vertical-align: middle;\"><img loading=\"lazy\" decoding=\"async\" class=\"alignnone size-medium wp-image-122\" src=\"https:\/\/amide.eu\/wp-content\/uploads\/2020\/09\/Klostergarten-300x61.png\" alt=\"\" width=\"300\" height=\"61\" srcset=\"https:\/\/amide.eu\/wp-content\/uploads\/2020\/09\/Klostergarten-300x61.png 300w, https:\/\/amide.eu\/wp-content\/uploads\/2020\/09\/Klostergarten.png 411w\" sizes=\"auto, (max-width: 300px) 100vw, 300px\" \/><\/td>\r\n<\/tr>\r\n<tr style=\"height: 24px;\">\r\n<td style=\"width: 50%; height: 24px;\"><strong>AWO Bildungscampus, Tyskland:<\/strong> AWO Campus of Education er et moderne statsgodkendt erhvervsuddannelsescenter for \u00e6ldrepleje, samt en fuldt akkrediteret institution for uddannelse, tr\u00e6ning og videreuddannelse i social- og sundhedssektoren. Institutionens personale best\u00e5r af 22 medarbejdere. Institutionen har et t\u00e6t samarbejde med b\u00e5de lokale og regionale myndigheder samt interesseorganisationer. Det giver en meget kort og effektiv vej til arbejdsmarkedet for en mangfoldighed af unge, voksne og indvandrere.<\/td>\r\n<td style=\"width: 50%; height: 24px;\"><strong>Haus am Klostergarten, Tyskland:<\/strong> Haus am Klostergarten blev grundlagt i 1968 som en distriktsinstitution. I 1991 blev der gennemf\u00f8rt omfattende bygnings\u00e6ndringer og fra et alderdoms- og plejehjem blev det til et botilbud med 162 sengepladser. Bygningen er opdelt i 8 omr\u00e5der med 22 beboere, der bor i \u00e9t omr\u00e5de. Haus am Klostergarten har erfaring med at yde pleje til mennesker, der lider af demens samt beboere med migrationsbaggrund. Her arbejder ogs\u00e5 medarbejdere med migrationsbaggrund.<\/td>\r\n<\/tr>\r\n<tr style=\"height: 24px;\">\r\n<td style=\"width: 50%; height: 24px;\"><img loading=\"lazy\" decoding=\"async\" class=\"alignnone size-medium wp-image-118\" src=\"https:\/\/amide.eu\/wp-content\/uploads\/2020\/09\/LU-PSMK-logo-2-300x77.png\" alt=\"\" width=\"300\" height=\"77\" srcset=\"https:\/\/amide.eu\/wp-content\/uploads\/2020\/09\/LU-PSMK-logo-2-300x77.png 300w, https:\/\/amide.eu\/wp-content\/uploads\/2020\/09\/LU-PSMK-logo-2.png 312w\" sizes=\"auto, (max-width: 300px) 100vw, 300px\" \/><\/td>\r\n<td style=\"width: 50%; height: 24px;\"><img loading=\"lazy\" decoding=\"async\" class=\"alignnone size-medium wp-image-123\" src=\"https:\/\/amide.eu\/wp-content\/uploads\/2020\/09\/LU-PSMK-logo-2-1-300x77.png\" alt=\"\" width=\"300\" height=\"77\" srcset=\"https:\/\/amide.eu\/wp-content\/uploads\/2020\/09\/LU-PSMK-logo-2-1-300x77.png 300w, https:\/\/amide.eu\/wp-content\/uploads\/2020\/09\/LU-PSMK-logo-2-1.png 312w\" sizes=\"auto, (max-width: 300px) 100vw, 300px\" \/> <img loading=\"lazy\" decoding=\"async\" class=\"alignnone size-full wp-image-124\" src=\"https:\/\/amide.eu\/wp-content\/uploads\/2020\/09\/sac-logo-black.png\" alt=\"\" width=\"219\" height=\"27\" \/><\/td>\r\n<\/tr>\r\n<tr style=\"height: 24px;\">\r\n<td style=\"width: 50%; height: 24px; vertical-align: top;\"><strong> Stradins Medical College, Letland<\/strong>: P. Stradins Medical College er Medical College ved Letlands Universitet og er en h\u00f8jere uddannelsesinstitution. Siden 1994 har kollegiet implementeret et &quot;Social Care&quot;-program, hvis kandidater er ansat og eftersp\u00f8rger specialister inden for den sociale velf\u00e6rdssf\u00e6re. Studieprogrammet &quot;Social rehabilitering&quot; blev startet i 2006. P.Stradins Medical College ved Letlands Universitet arbejder for udviklingen af studieprocessen og arbejder meget t\u00e6t sammen med arbejdsgivere og professionelle organisationer.<\/td>\r\n<td style=\"width: 50%; height: 24px;\"><strong>Socialplejecenter Zemgale, Letland: <\/strong> Ozolnieku-omr\u00e5dets regionale regeringers sociale plejecenter &quot;Zemgale&quot; giver deres klienter langvarig social pleje og social rehabilitering. Det er specialiseret i pleje af klienter med demens. Centret har to socialr\u00e5dgivere, 4 socialr\u00e5dgivere og 3 sociale rehabilitatorer. Alle socialr\u00e5dgiverne har en videreg\u00e5ende faglig uddannelse. Ozolnieku-omr\u00e5dets regionale regeringers sociale plejecenter &quot;Zemgale&quot; har 132 medarbejdere, og der ydes social pleje til 292 klienter.<\/td>\r\n<\/tr>\r\n<\/tbody>\r\n<\/table>\r\n\r\n\r\n&nbsp;<!-- \/wp:post-content -->","protected":false},"excerpt":{"rendered":"<p>Partnerskabet De 8 AMiDE-projektpartnere fra Danmark, Tyskland, Italien og Letland \u2013 er n\u00f8je udvalgt. De repr\u00e6senterer fire uddannelsespartnere af forskellig art fra hvert af de ovenn\u00e6vnte lande og 4 plejeinstitutioner fra de samme 4 lande. Baseret p\u00e5 tidligere meget succesfulde partnerskaber, hvor repr\u00e6sentanter fra uddannelsen arbejdede sammen med [\u2026]<\/p>","protected":false},"author":1,"featured_media":0,"parent":0,"menu_order":0,"comment_status":"closed","ping_status":"closed","template":"","meta":{"footnotes":""},"class_list":["post-64","page","type-page","status-publish","hentry"],"_links":{"self":[{"href":"https:\/\/amide.eu\/da\/wp-json\/wp\/v2\/pages\/64","targetHints":{"allow":["GET"]}}],"collection":[{"href":"https:\/\/amide.eu\/da\/wp-json\/wp\/v2\/pages"}],"about":[{"href":"https:\/\/amide.eu\/da\/wp-json\/wp\/v2\/types\/page"}],"author":[{"embeddable":true,"href":"https:\/\/amide.eu\/da\/wp-json\/wp\/v2\/users\/1"}],"replies":[{"embeddable":true,"href":"https:\/\/amide.eu\/da\/wp-json\/wp\/v2\/comments?post=64"}],"version-history":[{"count":27,"href":"https:\/\/amide.eu\/da\/wp-json\/wp\/v2\/pages\/64\/revisions"}],"predecessor-version":[{"id":645,"href":"https:\/\/amide.eu\/da\/wp-json\/wp\/v2\/pages\/64\/revisions\/645"}],"wp:attachment":[{"href":"https:\/\/amide.eu\/da\/wp-json\/wp\/v2\/media?parent=64"}],"curies":[{"name":"wp","href":"https:\/\/api.w.org\/{rel}","templated":true}]}}