{"id":237,"date":"2020-03-10T14:00:39","date_gmt":"2020-03-10T13:00:39","guid":{"rendered":"https:\/\/amide.eu\/materials\/materials-module8-2\/"},"modified":"2022-05-30T11:25:21","modified_gmt":"2022-05-30T09:25:21","slug":"materials-reflection-tools","status":"publish","type":"page","link":"https:\/\/amide.eu\/da\/materials\/materials-reflection-tools\/","title":{"rendered":"Refleksionsv\u00e6rkt\u00f8jer"},"content":{"rendered":"<p><br \/>\n<\/p>\n\n\n<\/p>\n<p><span style=\"font-size: 18pt;\"><a href=\"https:\/\/amide.eu\/wp-content\/uploads\/2021\/11\/reflektionsspoergsmaal-pilotinng-amide.pdf\" target=\"_blank\" rel=\"noopener\" data-no-translation=\"\">Reflektionssp\u00f8rgsm\u00e5l piloting amide<\/a><\/span><\/p>\n<h3 data-no-translation=\"\">Relation f\u00f8r opgave (subtitles)<\/h3>\n<h6><span class=\"s2\">En borger har behov for personlig pleje men bliver udadreagerende n\u00e5r personalet vil hj\u00e6lpe ham. Hvad kan vi g\u00f8re?<\/span><\/h6>\n<p><iframe loading=\"lazy\" src=\"https:\/\/player.vimeo.com\/video\/562651977\" width=\"640\" height=\"364\" frameborder=\"0\" allowfullscreen=\"allowfullscreen\"><\/iframe><\/p>\n<h3 data-no-translation=\"\">Udadreagererende og farlig (subtitles):<\/h3>\n<h6><span class=\"s2\">Er denne borger \u201dfarlig\u201d n\u00e5r hun taler h\u00f8jt og er meget gestikulerende? Fokus er p\u00e5 hvad der sker i personalegruppen n\u00e5r borgeren <\/span><span class=\"s2\">b<\/span><span class=\"s2\">leveropfattet som udadreagerende og \u201dfarlig\u201d<\/span><\/h6>\n<p><iframe loading=\"lazy\" src=\"https:\/\/player.vimeo.com\/video\/586741503\" width=\"640\" height=\"364\" frameborder=\"0\" allowfullscreen=\"allowfullscreen\"><\/iframe><\/p>\n<h3 data-no-translation=\"\">Professionel tilgang (subtitles) :<\/h3>\n<h6><span class=\"\u201cs2\u201d\">En omsorgsperson med en anden etnisk baggrund har meget sv\u00e6rt ved at stille krav til borgeren, hun syntes ikke at hun kan v\u00e6re det bekendt<\/span><\/h6>\n<p><iframe loading=\"lazy\" src=\"https:\/\/player.vimeo.com\/video\/586741452\" width=\"640\" height=\"364\" frameborder=\"0\" allowfullscreen=\"allowfullscreen\"><\/iframe><\/p>\n<h3 data-no-translation=\"\">Det rette valg (subtitles) :<\/h3>\n<h6><span class=\"s2\">Den ene del af<\/span><span class=\"s2\"> en italiensk<\/span><span class=\"s2\"> familie mener at borgeren skal p\u00e5 plejehjem mens den anden del af familien ikke mener at det er ordentlig behandling af gamle<\/span><span class=\"s2\">. Datteren som bor i Danmark har sin mor boende men har nu brug for hj\u00e6lp<\/span><span class=\"s2\">.<\/span><\/h6>\n<p><iframe loading=\"lazy\" src=\"https:\/\/player.vimeo.com\/video\/586741393\" width=\"640\" height=\"364\" frameborder=\"0\" allowfullscreen=\"allowfullscreen\"><\/iframe><\/p>\n<h3 data-no-translation=\"\">H\u00e6ttem\u00e5ger (subtitles) :<\/h3>\n<h6><span class=\"s2\">En dame med demens <\/span><span class=\"s2\">b<\/span><span class=\"s2\">ryder sig<\/span><span class=\"s2\"> bestemt<\/span><span class=\"s2\"> ikke om at f\u00e5 bes\u00f8g af omsorgspersoner med t\u00f8rkl\u00e6de p\u00e5. <\/span><span class=\"s2\">Skal vi f\u00f8je hende eller give hende modspil?<\/span><\/h6>\n<p><iframe loading=\"lazy\" src=\"https:\/\/player.vimeo.com\/video\/562651901\" width=\"640\" height=\"364\" frameborder=\"0\" allowfullscreen=\"allowfullscreen\"><\/iframe><\/p>\n<h3 data-no-translation=\"\">Interview Lotus (subtitles) :<\/h3>\n<p><iframe loading=\"lazy\" src=\"https:\/\/player.vimeo.com\/video\/585312307\" width=\"640\" height=\"364\" frameborder=\"0\" allowfullscreen=\"allowfullscreen\"><\/iframe><\/p>\n<p>&nbsp;<\/p>\n<p>","protected":false},"excerpt":{"rendered":"","protected":false},"author":1,"featured_media":0,"parent":66,"menu_order":0,"comment_status":"closed","ping_status":"closed","template":"","meta":{"footnotes":""},"class_list":["post-237","page","type-page","status-publish","hentry"],"_links":{"self":[{"href":"https:\/\/amide.eu\/da\/wp-json\/wp\/v2\/pages\/237","targetHints":{"allow":["GET"]}}],"collection":[{"href":"https:\/\/amide.eu\/da\/wp-json\/wp\/v2\/pages"}],"about":[{"href":"https:\/\/amide.eu\/da\/wp-json\/wp\/v2\/types\/page"}],"author":[{"embeddable":true,"href":"https:\/\/amide.eu\/da\/wp-json\/wp\/v2\/users\/1"}],"replies":[{"embeddable":true,"href":"https:\/\/amide.eu\/da\/wp-json\/wp\/v2\/comments?post=237"}],"version-history":[{"count":67,"href":"https:\/\/amide.eu\/da\/wp-json\/wp\/v2\/pages\/237\/revisions"}],"predecessor-version":[{"id":661,"href":"https:\/\/amide.eu\/da\/wp-json\/wp\/v2\/pages\/237\/revisions\/661"}],"up":[{"embeddable":true,"href":"https:\/\/amide.eu\/da\/wp-json\/wp\/v2\/pages\/66"}],"wp:attachment":[{"href":"https:\/\/amide.eu\/da\/wp-json\/wp\/v2\/media?parent=237"}],"curies":[{"name":"wp","href":"https:\/\/api.w.org\/{rel}","templated":true}]}}