{"id":179,"date":"2020-03-10T14:00:39","date_gmt":"2020-03-10T13:00:39","guid":{"rendered":"https:\/\/amide.eu\/activitties-2\/"},"modified":"2020-03-10T14:00:39","modified_gmt":"2020-03-10T13:00:39","slug":"activitties-2","status":"publish","type":"page","link":"https:\/\/amide.eu\/da\/activitties-2\/","title":{"rendered":"Aktiviteter"},"content":{"rendered":"<div class=\"translation-block\">\n<h3><span style=\"color: #00a3c8\">Workshops i Danmark. Letland, Italien og Tyskland<\/span><\/h3>\n<h4><span style=\"color: #00a3c8\">Forberedelse til workshops<\/span><\/h4>\n<p>Den f&oslash;rste opgave i projektet&nbsp;var at forberede to&nbsp;workshops&nbsp;i hvert deltagerland&nbsp;med&nbsp;repr&aelig;sentanter fra uddannelse (l&aelig;rere\/undervisere) og plejepersonale fra omsorgsinstitutioner.&nbsp;Partnerne forberedte sig til workshopperne p&aring; to m&aring;der: Skrivebordsstudier og interviews:<\/p>\n<ul>\n<li>Skrivebordsstudier af nuv&aelig;rende praksis relateret til &aelig;ldre med en anden etnisk baggrundog demens.<\/li>\n<li>Hver partner lavede6-10 interviews med p&aring;r&oslash;rende, ledere p&aring; plejehjem og&nbsp;&aelig;ldre&nbsp;og\/eller deres p&aring;r&oslash;rende og indsamlede konkrete eksempler p&aring;&nbsp;udfordringer indenfor &aelig;ldreomr&aring;det med borgere med en anden etnisk baggrund og demens. De&nbsp;l&oslash;sninger,&nbsp;der har v&aelig;ret afpr&oslash;vet og de problemer, de havde&nbsp;identificeret blev diskuteret.<\/li>\n<\/ul>\n<p>Alle projektpartnere organiserede workshops p&aring; trods af en lang r&aelig;kke vanskeligheder grundet Covid 19. De forskellige lande afholdt interviews&nbsp;med&nbsp;relevante fagfolk af alle slags&nbsp;s&aring;som&nbsp;kulturformidlere, ledere, sygeplejersker, omsorgspersonale og en sprogforsker.&nbsp;Derudover blev&nbsp;p&aring;r&oslash;rende interviewet.&nbsp;Tilbagemeldingerne fra interviewene gav partnere indsigt i&nbsp;de&nbsp;udfordringer, som borgere med en anden baggrund og med demens st&aring;r overfor og&nbsp;vanskelighederne&nbsp;ved&nbsp;at&nbsp;samarbejde med deres familier.<\/p>\n<p>Interviewpersonerne blev udvalgt med det form&aring;l at bibringe projektet en bred indsigt i emnet.&nbsp;Interviewene&nbsp;formede sammen med skrivebordsstudier grundlaget for workshopperne.<\/p>\n<h4><span style=\"color: #00a3c8\">Workshops<\/span><\/h4>\n<p>M&aring;let med&nbsp;de workshops, der blev&nbsp;afholdt i alle de deltagende lande, var&nbsp;at&nbsp;identificere god praksis&nbsp;s&aring;vel som&nbsp;blinde pletter og manglende sammenh&aelig;ng&nbsp;i samarbejdet mellem arbejdsliv (plejehjem) og uddannelse (uddannelsesinstitutioner, der uddanner omsorgspersonale). Dette&nbsp;f&oslash;rte&nbsp;til identifikation af elementer og procedurer, hvor der var behov for en styrket indsat i forhold til samarbejdet mellem omsorgsinstitutionerne og uddannelsesinstitutionerne<\/p>\n<p>Nogle af de deltagende partnere lykkedes med at afholde workshops inden udbruddet af Covid 19 i Europa. Dette var tilf&aelig;ldet for Danmark og Letland.&nbsp;I Italien og Tyskland blev en del af workshopaktiviteterne&nbsp;imidlertid afholdt&nbsp;som onlinearrangementer.<\/p>\n<p>Resultatet&nbsp;fra de forskellige workshops varierede&nbsp;fra land til land. &Aring;rsagerne er, at forholdene i de enkelte lande er meget&nbsp;forskellige:&nbsp;Italien, Tyskland og Danmark har mange indvandrere fra ikke-vestlige lande, hvor&nbsp;Letland har en stor minoritetsgruppe af&nbsp;russere,&nbsp;der&nbsp;ikke&nbsp;taler lettisk.&nbsp;En&nbsp;anden stor udfordring&nbsp;i&nbsp;Letland er en generel mangel&nbsp;p&aring; viden om demens,&nbsp;ikke kun&nbsp;blandt&nbsp;folk i almindelighed, men ogs&aring; blandt&nbsp;fagfolk.<\/p>\n<h4><span style=\"color: #00a3c8\">Resultatet af workshops&nbsp;- nogle eksempler<\/span><\/h4>\n<p>Alle&nbsp;partnere er enige om,&nbsp;at det&nbsp;er&nbsp;n&oslash;dvendigt at kende personens livshistorie for at kunne yde personlig pleje og at mangel p&aring; sprog&nbsp;hos nogle af de personer, der&nbsp;lider af demens,&nbsp;er en udfordring. Manglende evne til at kommunikere med en person med demens kan&nbsp;enten&nbsp;skyldes, at den p&aring;g&aelig;ldende person aldrig&nbsp;har l&aelig;rt&nbsp;sproget&nbsp;i det nye land, eller at evnen til at tale er g&aring;et&nbsp;tabt&nbsp;som f&oslash;lge af demens.<\/p>\n<p>Flere partnere mener, at&nbsp;fordomme&nbsp;er en udfordring. De&nbsp;ser ud&nbsp;til at v&aelig;re til stede i alle grupper: blandt beboere, blandt&nbsp;ansatte og p&aring;r&oslash;rende og blandt personalet.<\/p>\n<p>Flere partnere&nbsp;fandt, at de p&aring;r&oslash;rende kender&nbsp;for&nbsp;lidt til demens eller opfatter&nbsp;sygdommen forskelligt. Desuden mangler de p&aring;r&oslash;rende forst&aring;else for, hvordan de forskellige sundhedssystemer fungerer og hvilken&nbsp;hj&aelig;lp og st&oslash;tte,&nbsp;de kan forvente.&nbsp;Sidst men ikke mindst er der i mange kulturer tradition for at tage sig af de &aelig;ldre personer hjemme&nbsp;i familien&nbsp;og ikke p&aring; en institution.&nbsp;Det&nbsp;betragtes som&nbsp;skamfuldt at aflevere sine k&aelig;re til offentlig pleje.<\/p>\n<p>De p&aring;r&oslash;rende har brug for information p&aring; deres eget sprog,&nbsp;og&nbsp;det mangler i de fleste lande.<\/p>\n<p>Med hensyn til personalet er det en gennemg&aring;ende udfordring, at en del af plejepersonalet&nbsp;er ufagl&aelig;rte og at nogle af dem&nbsp;ikke&nbsp;behersker det&nbsp;nationale&nbsp;sprog i tilstr&aelig;kkelig&nbsp;grad.&nbsp;Det&nbsp;en stor fordel at have uddannede&nbsp;medarbejdere, der kender kulturen og det sprog, som tales af personen med demens.<\/p>\n<h4>2)&nbsp;Udvikling af et undervisningsmateriale baseret p&aring; resultaterne af workshops i Danmark. Letland, Italien og Tyskland<\/h4>\n<p>Resultatet fra de forskellige workshops i partnerskabet har dannet baggrund for udvikling af undervisningsmateriale, der kan styrke undervisning og uddannelse og de kompetencer, som personale og p&aring;r&oslash;rende&nbsp;har brug for.<\/p>\n<p>Partnerne definerede i f&aelig;llesskab de emner, der skulle behandles i materialet.<\/p>\n<ul>\n<li>Overvejelser om l&aelig;ringsbehov<\/li>\n<li>Typer af demens og indvirkningen p&aring; adf&aelig;rd<\/li>\n<li>H&aring;ndtering af udfordrende adf&aelig;rd<\/li>\n<li>Viden om tro og kultur.<\/li>\n<li>Organisering af omsorgsinstitutionen<\/li>\n<li>Livshistorier<\/li>\n<li>Vores eget sprog<\/li>\n<li>Sproglige og kommunikative f&aelig;rdigheder<\/li>\n<li>Samarbejde med de p&aring;r&oslash;rende.<\/li>\n<li>Udvikling af interkulturelle kompetencer<\/li>\n<li>Non-farmakologiske interventioner<\/li>\n<\/ul>\n<\/div>","protected":false},"excerpt":{"rendered":"<p>1) Workshops i Danmark. Letland, Italien og Tyskland Forberedelse til workshops Den f\u00f8rste opgave i projektet var at forberede sig p\u00e5 to workshops dage i hvert deltagende land med repr\u00e6sentanter fra uddannelse (l\u00e6rere \/ undervisere) og plejeorganisationer (plejere). Partnerne forberedte sig til workshopperne p\u00e5 to m\u00e5der: Desk research og interviews \u2022 Forskning i nuv\u00e6rende [...]<\/p>","protected":false},"author":1,"featured_media":0,"parent":0,"menu_order":0,"comment_status":"closed","ping_status":"closed","template":"","meta":{"footnotes":""},"class_list":["post-179","page","type-page","status-publish","hentry"],"_links":{"self":[{"href":"https:\/\/amide.eu\/da\/wp-json\/wp\/v2\/pages\/179","targetHints":{"allow":["GET"]}}],"collection":[{"href":"https:\/\/amide.eu\/da\/wp-json\/wp\/v2\/pages"}],"about":[{"href":"https:\/\/amide.eu\/da\/wp-json\/wp\/v2\/types\/page"}],"author":[{"embeddable":true,"href":"https:\/\/amide.eu\/da\/wp-json\/wp\/v2\/users\/1"}],"replies":[{"embeddable":true,"href":"https:\/\/amide.eu\/da\/wp-json\/wp\/v2\/comments?post=179"}],"version-history":[{"count":0,"href":"https:\/\/amide.eu\/da\/wp-json\/wp\/v2\/pages\/179\/revisions"}],"wp:attachment":[{"href":"https:\/\/amide.eu\/da\/wp-json\/wp\/v2\/media?parent=179"}],"curies":[{"name":"wp","href":"https:\/\/api.w.org\/{rel}","templated":true}]}}